{"id":22319,"date":"2025-08-21T15:02:16","date_gmt":"2025-08-21T12:02:16","guid":{"rendered":"https:\/\/airsmile.ee\/?post_type=product&#038;p=22319"},"modified":"2025-08-21T16:37:49","modified_gmt":"2025-08-21T13:37:49","slug":"bos-cleaner-370e-370er-varu-vollvaier-tross-20m","status":"publish","type":"product","link":"https:\/\/new.airsmile.ee\/en\/product\/bos-cleaner-370e-370er-varu-vollvaier-tross-20m\/","title":{"rendered":"Bos Cleaner 370e \/ 370er varu v\u00f5llvaier (tross) 20m"},"content":{"rendered":"","protected":false},"excerpt":{"rendered":"<p>Sobib j\u00e4rgmistele seadmetele:<\/p>\n<p>BOS Cleaner 370e\/370er<\/p>\n<p>Lifa SC20<\/p>\n<p>AIRPOWER Kela Master 30<\/p>\n<p>Trossi pikkus: 20m<\/p>","protected":false},"featured_media":22322,"template":"","meta":{"om_disable_all_campaigns":false,"_monsterinsights_skip_tracking":false,"_monsterinsights_sitenote_active":false,"_monsterinsights_sitenote_note":"","_monsterinsights_sitenote_category":0,"_uf_show_specific_survey":0,"_uf_disable_surveys":false,"_kad_post_transparent":"","_kad_post_title":"","_kad_post_layout":"","_kad_post_sidebar_id":"","_kad_post_content_style":"","_kad_post_vertical_padding":"","_kad_post_feature":"","_kad_post_feature_position":"","_kad_post_header":false,"_kad_post_footer":false,"_kad_post_classname":""},"product_brand":[],"product_cat":[15,443,445],"product_tag":[],"class_list":{"0":"post-22319","1":"product","2":"type-product","3":"status-publish","4":"has-post-thumbnail","6":"product_cat-muu","7":"product_cat-varuosad","8":"product_cat-vollvaier-tross","10":"first","11":"instock","12":"taxable","13":"shipping-taxable","14":"purchasable","15":"product-type-simple","16":"entry","17":"content-bg","18":"loop-entry"},"yoast_head":"<!-- This site is optimized with the Yoast SEO Premium plugin v26.2 (Yoast SEO v27.4) - https:\/\/yoast.com\/product\/yoast-seo-premium-wordpress\/ -->\n<title>Bos Cleaner 370e \/ 370er varu v\u00f5llvaier (tross) 20m -<\/title>\n<meta name=\"robots\" content=\"index, follow, max-snippet:-1, max-image-preview:large, max-video-preview:-1\" \/>\n<link rel=\"canonical\" href=\"https:\/\/new.airsmile.ee\/en\/product\/bos-cleaner-370e-370er-varu-vollvaier-tross-20m\/\" \/>\n<meta property=\"og:locale\" content=\"en_US\" \/>\n<meta property=\"og:type\" content=\"article\" \/>\n<meta property=\"og:title\" content=\"Bos Cleaner 370e \/ 370er varu v\u00f5llvaier (tross) 20m\" \/>\n<meta property=\"og:description\" content=\"Sobib j\u00e4rgmistele seadmetele:  BOS Cleaner 370e\/370er  Lifa SC20  AIRPOWER Kela Master 30  Trossi pikkus: 20m\" \/>\n<meta property=\"og:url\" content=\"https:\/\/new.airsmile.ee\/en\/product\/bos-cleaner-370e-370er-varu-vollvaier-tross-20m\/\" \/>\n<meta property=\"og:site_name\" content=\"Ventilatsiooni puhastus - AirSmile - 14 aastat kogemust!\" \/>\n<meta property=\"article:publisher\" content=\"https:\/\/www.facebook.com\/airsmileou\/\" \/>\n<meta property=\"article:modified_time\" content=\"2025-08-21T13:37:49+00:00\" \/>\n<meta property=\"og:image\" content=\"https:\/\/new.airsmile.ee\/wp-content\/uploads\/2025\/08\/Bos-Cleaner-370e-370er-varu-vollvaier-tross-20m.webp\" \/>\n\t<meta property=\"og:image:width\" content=\"1536\" \/>\n\t<meta property=\"og:image:height\" content=\"1024\" \/>\n\t<meta property=\"og:image:type\" content=\"image\/webp\" \/>\n<meta name=\"twitter:card\" content=\"summary_large_image\" \/>\n<meta name=\"twitter:label1\" content=\"Est. reading time\" \/>\n\t<meta name=\"twitter:data1\" content=\"1 minute\" \/>\n<script type=\"application\/ld+json\" class=\"yoast-schema-graph\">{\"@context\":\"https:\\\/\\\/schema.org\",\"@graph\":[{\"@type\":\"WebPage\",\"@id\":\"https:\\\/\\\/new.airsmile.ee\\\/toode\\\/bos-cleaner-370e-370er-varu-vollvaier-tross-20m\\\/\",\"url\":\"https:\\\/\\\/new.airsmile.ee\\\/toode\\\/bos-cleaner-370e-370er-varu-vollvaier-tross-20m\\\/\",\"name\":\"Bos Cleaner 370e \\\/ 370er varu v\u00f5llvaier (tross) 20m -\",\"isPartOf\":{\"@id\":\"https:\\\/\\\/new.airsmile.ee\\\/#website\"},\"primaryImageOfPage\":{\"@id\":\"https:\\\/\\\/new.airsmile.ee\\\/toode\\\/bos-cleaner-370e-370er-varu-vollvaier-tross-20m\\\/#primaryimage\"},\"image\":{\"@id\":\"https:\\\/\\\/new.airsmile.ee\\\/toode\\\/bos-cleaner-370e-370er-varu-vollvaier-tross-20m\\\/#primaryimage\"},\"thumbnailUrl\":\"https:\\\/\\\/new.airsmile.ee\\\/wp-content\\\/uploads\\\/2025\\\/08\\\/Bos-Cleaner-370e-370er-varu-vollvaier-tross-20m.webp\",\"datePublished\":\"2025-08-21T12:02:16+00:00\",\"dateModified\":\"2025-08-21T13:37:49+00:00\",\"breadcrumb\":{\"@id\":\"https:\\\/\\\/new.airsmile.ee\\\/toode\\\/bos-cleaner-370e-370er-varu-vollvaier-tross-20m\\\/#breadcrumb\"},\"inLanguage\":\"en-US\",\"potentialAction\":[{\"@type\":\"ReadAction\",\"target\":[\"https:\\\/\\\/new.airsmile.ee\\\/toode\\\/bos-cleaner-370e-370er-varu-vollvaier-tross-20m\\\/\"]}]},{\"@type\":\"ImageObject\",\"inLanguage\":\"en-US\",\"@id\":\"https:\\\/\\\/new.airsmile.ee\\\/toode\\\/bos-cleaner-370e-370er-varu-vollvaier-tross-20m\\\/#primaryimage\",\"url\":\"https:\\\/\\\/new.airsmile.ee\\\/wp-content\\\/uploads\\\/2025\\\/08\\\/Bos-Cleaner-370e-370er-varu-vollvaier-tross-20m.webp\",\"contentUrl\":\"https:\\\/\\\/new.airsmile.ee\\\/wp-content\\\/uploads\\\/2025\\\/08\\\/Bos-Cleaner-370e-370er-varu-vollvaier-tross-20m.webp\",\"width\":1536,\"height\":1024},{\"@type\":\"BreadcrumbList\",\"@id\":\"https:\\\/\\\/new.airsmile.ee\\\/toode\\\/bos-cleaner-370e-370er-varu-vollvaier-tross-20m\\\/#breadcrumb\",\"itemListElement\":[{\"@type\":\"ListItem\",\"position\":1,\"name\":\"Home\",\"item\":\"https:\\\/\\\/new.airsmile.ee\\\/\"},{\"@type\":\"ListItem\",\"position\":2,\"name\":\"Tooted\",\"item\":\"https:\\\/\\\/new.airsmile.ee\\\/tooted\\\/\"},{\"@type\":\"ListItem\",\"position\":3,\"name\":\"Bos Cleaner 370e \\\/ 370er varu v\u00f5llvaier (tross) 20m\"}]},{\"@type\":\"WebSite\",\"@id\":\"https:\\\/\\\/new.airsmile.ee\\\/#website\",\"url\":\"https:\\\/\\\/new.airsmile.ee\\\/\",\"name\":\"Ventilatsiooni puhastus - AirSmile O\u00dc - 14 aastat kogemust!\",\"description\":\"Ventilatsiooni puhastus eramutes ja \u00e4rihoonetes \u00fcle Eesti!\",\"publisher\":{\"@id\":\"https:\\\/\\\/new.airsmile.ee\\\/#organization\"},\"potentialAction\":[{\"@type\":\"SearchAction\",\"target\":{\"@type\":\"EntryPoint\",\"urlTemplate\":\"https:\\\/\\\/new.airsmile.ee\\\/?s={search_term_string}\"},\"query-input\":{\"@type\":\"PropertyValueSpecification\",\"valueRequired\":true,\"valueName\":\"search_term_string\"}}],\"inLanguage\":\"en-US\"},{\"@type\":\"Organization\",\"@id\":\"https:\\\/\\\/new.airsmile.ee\\\/#organization\",\"name\":\"Airsmile O\u00dc\",\"url\":\"https:\\\/\\\/new.airsmile.ee\\\/\",\"logo\":{\"@type\":\"ImageObject\",\"inLanguage\":\"en-US\",\"@id\":\"https:\\\/\\\/new.airsmile.ee\\\/#\\\/schema\\\/logo\\\/image\\\/\",\"url\":\"https:\\\/\\\/airsmile.ee\\\/wp-content\\\/uploads\\\/2019\\\/07\\\/logo-airsmile-pdf-arvetele.png\",\"contentUrl\":\"https:\\\/\\\/airsmile.ee\\\/wp-content\\\/uploads\\\/2019\\\/07\\\/logo-airsmile-pdf-arvetele.png\",\"width\":159,\"height\":85,\"caption\":\"Airsmile O\u00dc\"},\"image\":{\"@id\":\"https:\\\/\\\/new.airsmile.ee\\\/#\\\/schema\\\/logo\\\/image\\\/\"},\"sameAs\":[\"https:\\\/\\\/www.facebook.com\\\/airsmileou\\\/\",\"https:\\\/\\\/www.youtube.com\\\/channel\\\/UC5EPyEX0O2lvQ2ijNtjwyfg\"]}]}<\/script>\n<!-- \/ Yoast SEO Premium plugin. -->","yoast_head_json":{"title":"Bos Cleaner 370e \/ 370er varu v\u00f5llvaier (tross) 20m -","robots":{"index":"index","follow":"follow","max-snippet":"max-snippet:-1","max-image-preview":"max-image-preview:large","max-video-preview":"max-video-preview:-1"},"canonical":"https:\/\/new.airsmile.ee\/en\/product\/bos-cleaner-370e-370er-varu-vollvaier-tross-20m\/","og_locale":"en_US","og_type":"article","og_title":"Bos Cleaner 370e \/ 370er varu v\u00f5llvaier (tross) 20m","og_description":"Sobib j\u00e4rgmistele seadmetele:  BOS Cleaner 370e\/370er  Lifa SC20  AIRPOWER Kela Master 30  Trossi pikkus: 20m","og_url":"https:\/\/new.airsmile.ee\/en\/product\/bos-cleaner-370e-370er-varu-vollvaier-tross-20m\/","og_site_name":"Ventilatsiooni puhastus - AirSmile - 14 aastat kogemust!","article_publisher":"https:\/\/www.facebook.com\/airsmileou\/","article_modified_time":"2025-08-21T13:37:49+00:00","og_image":[{"width":1536,"height":1024,"url":"https:\/\/new.airsmile.ee\/wp-content\/uploads\/2025\/08\/Bos-Cleaner-370e-370er-varu-vollvaier-tross-20m.webp","type":"image\/webp"}],"twitter_card":"summary_large_image","twitter_misc":{"Est. reading time":"1 minute"},"schema":{"@context":"https:\/\/schema.org","@graph":[{"@type":"WebPage","@id":"https:\/\/new.airsmile.ee\/toode\/bos-cleaner-370e-370er-varu-vollvaier-tross-20m\/","url":"https:\/\/new.airsmile.ee\/toode\/bos-cleaner-370e-370er-varu-vollvaier-tross-20m\/","name":"Bos Cleaner 370e \/ 370er varu v\u00f5llvaier (tross) 20m -","isPartOf":{"@id":"https:\/\/new.airsmile.ee\/#website"},"primaryImageOfPage":{"@id":"https:\/\/new.airsmile.ee\/toode\/bos-cleaner-370e-370er-varu-vollvaier-tross-20m\/#primaryimage"},"image":{"@id":"https:\/\/new.airsmile.ee\/toode\/bos-cleaner-370e-370er-varu-vollvaier-tross-20m\/#primaryimage"},"thumbnailUrl":"https:\/\/new.airsmile.ee\/wp-content\/uploads\/2025\/08\/Bos-Cleaner-370e-370er-varu-vollvaier-tross-20m.webp","datePublished":"2025-08-21T12:02:16+00:00","dateModified":"2025-08-21T13:37:49+00:00","breadcrumb":{"@id":"https:\/\/new.airsmile.ee\/toode\/bos-cleaner-370e-370er-varu-vollvaier-tross-20m\/#breadcrumb"},"inLanguage":"en-US","potentialAction":[{"@type":"ReadAction","target":["https:\/\/new.airsmile.ee\/toode\/bos-cleaner-370e-370er-varu-vollvaier-tross-20m\/"]}]},{"@type":"ImageObject","inLanguage":"en-US","@id":"https:\/\/new.airsmile.ee\/toode\/bos-cleaner-370e-370er-varu-vollvaier-tross-20m\/#primaryimage","url":"https:\/\/new.airsmile.ee\/wp-content\/uploads\/2025\/08\/Bos-Cleaner-370e-370er-varu-vollvaier-tross-20m.webp","contentUrl":"https:\/\/new.airsmile.ee\/wp-content\/uploads\/2025\/08\/Bos-Cleaner-370e-370er-varu-vollvaier-tross-20m.webp","width":1536,"height":1024},{"@type":"BreadcrumbList","@id":"https:\/\/new.airsmile.ee\/toode\/bos-cleaner-370e-370er-varu-vollvaier-tross-20m\/#breadcrumb","itemListElement":[{"@type":"ListItem","position":1,"name":"Home","item":"https:\/\/new.airsmile.ee\/"},{"@type":"ListItem","position":2,"name":"Tooted","item":"https:\/\/new.airsmile.ee\/tooted\/"},{"@type":"ListItem","position":3,"name":"Bos Cleaner 370e \/ 370er varu v\u00f5llvaier (tross) 20m"}]},{"@type":"WebSite","@id":"https:\/\/new.airsmile.ee\/#website","url":"https:\/\/new.airsmile.ee\/","name":"Ventilatsiooni puhastus - AirSmile O\u00dc - 14 aastat kogemust!","description":"Ventilatsiooni puhastus eramutes ja \u00e4rihoonetes \u00fcle Eesti!","publisher":{"@id":"https:\/\/new.airsmile.ee\/#organization"},"potentialAction":[{"@type":"SearchAction","target":{"@type":"EntryPoint","urlTemplate":"https:\/\/new.airsmile.ee\/?s={search_term_string}"},"query-input":{"@type":"PropertyValueSpecification","valueRequired":true,"valueName":"search_term_string"}}],"inLanguage":"en-US"},{"@type":"Organization","@id":"https:\/\/new.airsmile.ee\/#organization","name":"Airsmile O\u00dc","url":"https:\/\/new.airsmile.ee\/","logo":{"@type":"ImageObject","inLanguage":"en-US","@id":"https:\/\/new.airsmile.ee\/#\/schema\/logo\/image\/","url":"https:\/\/airsmile.ee\/wp-content\/uploads\/2019\/07\/logo-airsmile-pdf-arvetele.png","contentUrl":"https:\/\/airsmile.ee\/wp-content\/uploads\/2019\/07\/logo-airsmile-pdf-arvetele.png","width":159,"height":85,"caption":"Airsmile O\u00dc"},"image":{"@id":"https:\/\/new.airsmile.ee\/#\/schema\/logo\/image\/"},"sameAs":["https:\/\/www.facebook.com\/airsmileou\/","https:\/\/www.youtube.com\/channel\/UC5EPyEX0O2lvQ2ijNtjwyfg"]}]}},"_links":{"self":[{"href":"https:\/\/new.airsmile.ee\/en\/wp-json\/wp\/v2\/product\/22319","targetHints":{"allow":["GET"]}}],"collection":[{"href":"https:\/\/new.airsmile.ee\/en\/wp-json\/wp\/v2\/product"}],"about":[{"href":"https:\/\/new.airsmile.ee\/en\/wp-json\/wp\/v2\/types\/product"}],"wp:featuredmedia":[{"embeddable":true,"href":"https:\/\/new.airsmile.ee\/en\/wp-json\/wp\/v2\/media\/22322"}],"wp:attachment":[{"href":"https:\/\/new.airsmile.ee\/en\/wp-json\/wp\/v2\/media?parent=22319"}],"wp:term":[{"taxonomy":"product_brand","embeddable":true,"href":"https:\/\/new.airsmile.ee\/en\/wp-json\/wp\/v2\/product_brand?post=22319"},{"taxonomy":"product_cat","embeddable":true,"href":"https:\/\/new.airsmile.ee\/en\/wp-json\/wp\/v2\/product_cat?post=22319"},{"taxonomy":"product_tag","embeddable":true,"href":"https:\/\/new.airsmile.ee\/en\/wp-json\/wp\/v2\/product_tag?post=22319"}],"curies":[{"name":"wp","href":"https:\/\/api.w.org\/{rel}","templated":true}]}}