{"id":21809,"date":"2024-01-18T16:07:26","date_gmt":"2024-01-18T14:07:26","guid":{"rendered":"https:\/\/airsmile.ee\/?post_type=product&#038;p=21809"},"modified":"2024-01-18T16:07:27","modified_gmt":"2024-01-18T14:07:27","slug":"wolf-cwl-300-f-filtrikomplekt","status":"publish","type":"product","link":"https:\/\/new.airsmile.ee\/en\/product\/wolf-cwl-300-f-filtrikomplekt\/","title":{"rendered":"WOLF CWL 300 F Filter Kit"},"content":{"rendered":"","protected":false},"excerpt":{"rendered":"<h4>Komplekti kuulub:<\/h4>\n<p>ePM1 55% 166 x 234 x 24 &#8211; 1 tk<br \/>\nCoarse 90% 177 x 245 &#8211; 1 tk<\/p>","protected":false},"featured_media":21810,"template":"","meta":{"om_disable_all_campaigns":false,"_monsterinsights_skip_tracking":false,"_monsterinsights_sitenote_active":false,"_monsterinsights_sitenote_note":"","_monsterinsights_sitenote_category":0,"_uf_show_specific_survey":0,"_uf_disable_surveys":false,"_kad_post_transparent":"","_kad_post_title":"","_kad_post_layout":"","_kad_post_sidebar_id":"","_kad_post_content_style":"","_kad_post_vertical_padding":"","_kad_post_feature":"","_kad_post_feature_position":"","_kad_post_header":false,"_kad_post_footer":false,"_kad_post_classname":""},"product_brand":[],"product_cat":[448,785,795],"product_tag":[796],"class_list":{"0":"post-21809","1":"product","2":"type-product","3":"status-publish","4":"has-post-thumbnail","6":"product_cat-filtrid","7":"product_cat-ventilatsioonifiltrid","8":"product_cat-wolf","9":"product_tag-wolf-filtrid","11":"first","12":"instock","13":"taxable","14":"shipping-taxable","15":"purchasable","16":"product-type-simple","17":"entry","18":"content-bg","19":"loop-entry"},"yoast_head":"<!-- This site is optimized with the Yoast SEO Premium plugin v26.2 (Yoast SEO v27.4) - https:\/\/yoast.com\/product\/yoast-seo-premium-wordpress\/ -->\n<title>WOLF CWL 300 F Filtrikomplekt -<\/title>\n<meta name=\"robots\" content=\"index, follow, max-snippet:-1, max-image-preview:large, max-video-preview:-1\" \/>\n<link rel=\"canonical\" href=\"https:\/\/new.airsmile.ee\/en\/product\/wolf-cwl-300-f-filtrikomplekt\/\" \/>\n<meta property=\"og:locale\" content=\"en_US\" \/>\n<meta property=\"og:type\" content=\"article\" \/>\n<meta property=\"og:title\" content=\"WOLF CWL 300 F Filtrikomplekt\" \/>\n<meta property=\"og:description\" content=\"Komplekti kuulub: ePM1 55% 166 x 234 x 24 - 1 tk Coarse 90% 177 x 245 - 1 tk\" \/>\n<meta property=\"og:url\" content=\"https:\/\/new.airsmile.ee\/en\/product\/wolf-cwl-300-f-filtrikomplekt\/\" \/>\n<meta property=\"og:site_name\" content=\"Ventilatsiooni puhastus - AirSmile - 14 aastat kogemust!\" \/>\n<meta property=\"article:publisher\" content=\"https:\/\/www.facebook.com\/airsmileou\/\" \/>\n<meta property=\"article:modified_time\" content=\"2024-01-18T14:07:27+00:00\" \/>\n<meta property=\"og:image\" content=\"https:\/\/new.airsmile.ee\/wp-content\/uploads\/2024\/01\/wolf-cwl-300-f.jpg\" \/>\n\t<meta property=\"og:image:width\" content=\"550\" \/>\n\t<meta property=\"og:image:height\" content=\"550\" \/>\n\t<meta property=\"og:image:type\" content=\"image\/jpeg\" \/>\n<meta name=\"twitter:card\" content=\"summary_large_image\" \/>\n<script type=\"application\/ld+json\" class=\"yoast-schema-graph\">{\"@context\":\"https:\\\/\\\/schema.org\",\"@graph\":[{\"@type\":\"WebPage\",\"@id\":\"https:\\\/\\\/new.airsmile.ee\\\/toode\\\/wolf-cwl-300-f-filtrikomplekt\\\/\",\"url\":\"https:\\\/\\\/new.airsmile.ee\\\/toode\\\/wolf-cwl-300-f-filtrikomplekt\\\/\",\"name\":\"WOLF CWL 300 F Filtrikomplekt -\",\"isPartOf\":{\"@id\":\"https:\\\/\\\/new.airsmile.ee\\\/#website\"},\"primaryImageOfPage\":{\"@id\":\"https:\\\/\\\/new.airsmile.ee\\\/toode\\\/wolf-cwl-300-f-filtrikomplekt\\\/#primaryimage\"},\"image\":{\"@id\":\"https:\\\/\\\/new.airsmile.ee\\\/toode\\\/wolf-cwl-300-f-filtrikomplekt\\\/#primaryimage\"},\"thumbnailUrl\":\"https:\\\/\\\/new.airsmile.ee\\\/wp-content\\\/uploads\\\/2024\\\/01\\\/wolf-cwl-300-f.jpg\",\"datePublished\":\"2024-01-18T14:07:26+00:00\",\"dateModified\":\"2024-01-18T14:07:27+00:00\",\"breadcrumb\":{\"@id\":\"https:\\\/\\\/new.airsmile.ee\\\/toode\\\/wolf-cwl-300-f-filtrikomplekt\\\/#breadcrumb\"},\"inLanguage\":\"en-US\",\"potentialAction\":[{\"@type\":\"ReadAction\",\"target\":[\"https:\\\/\\\/new.airsmile.ee\\\/toode\\\/wolf-cwl-300-f-filtrikomplekt\\\/\"]}]},{\"@type\":\"ImageObject\",\"inLanguage\":\"en-US\",\"@id\":\"https:\\\/\\\/new.airsmile.ee\\\/toode\\\/wolf-cwl-300-f-filtrikomplekt\\\/#primaryimage\",\"url\":\"https:\\\/\\\/new.airsmile.ee\\\/wp-content\\\/uploads\\\/2024\\\/01\\\/wolf-cwl-300-f.jpg\",\"contentUrl\":\"https:\\\/\\\/new.airsmile.ee\\\/wp-content\\\/uploads\\\/2024\\\/01\\\/wolf-cwl-300-f.jpg\",\"width\":550,\"height\":550},{\"@type\":\"BreadcrumbList\",\"@id\":\"https:\\\/\\\/new.airsmile.ee\\\/toode\\\/wolf-cwl-300-f-filtrikomplekt\\\/#breadcrumb\",\"itemListElement\":[{\"@type\":\"ListItem\",\"position\":1,\"name\":\"Home\",\"item\":\"https:\\\/\\\/new.airsmile.ee\\\/\"},{\"@type\":\"ListItem\",\"position\":2,\"name\":\"Tooted\",\"item\":\"https:\\\/\\\/new.airsmile.ee\\\/tooted\\\/\"},{\"@type\":\"ListItem\",\"position\":3,\"name\":\"WOLF CWL 300 F Filtrikomplekt\"}]},{\"@type\":\"WebSite\",\"@id\":\"https:\\\/\\\/new.airsmile.ee\\\/#website\",\"url\":\"https:\\\/\\\/new.airsmile.ee\\\/\",\"name\":\"Ventilatsiooni puhastus - AirSmile O\u00dc - 14 aastat kogemust!\",\"description\":\"Ventilatsiooni puhastus eramutes ja \u00e4rihoonetes \u00fcle Eesti!\",\"publisher\":{\"@id\":\"https:\\\/\\\/new.airsmile.ee\\\/#organization\"},\"potentialAction\":[{\"@type\":\"SearchAction\",\"target\":{\"@type\":\"EntryPoint\",\"urlTemplate\":\"https:\\\/\\\/new.airsmile.ee\\\/?s={search_term_string}\"},\"query-input\":{\"@type\":\"PropertyValueSpecification\",\"valueRequired\":true,\"valueName\":\"search_term_string\"}}],\"inLanguage\":\"en-US\"},{\"@type\":\"Organization\",\"@id\":\"https:\\\/\\\/new.airsmile.ee\\\/#organization\",\"name\":\"Airsmile O\u00dc\",\"url\":\"https:\\\/\\\/new.airsmile.ee\\\/\",\"logo\":{\"@type\":\"ImageObject\",\"inLanguage\":\"en-US\",\"@id\":\"https:\\\/\\\/new.airsmile.ee\\\/#\\\/schema\\\/logo\\\/image\\\/\",\"url\":\"https:\\\/\\\/airsmile.ee\\\/wp-content\\\/uploads\\\/2019\\\/07\\\/logo-airsmile-pdf-arvetele.png\",\"contentUrl\":\"https:\\\/\\\/airsmile.ee\\\/wp-content\\\/uploads\\\/2019\\\/07\\\/logo-airsmile-pdf-arvetele.png\",\"width\":159,\"height\":85,\"caption\":\"Airsmile O\u00dc\"},\"image\":{\"@id\":\"https:\\\/\\\/new.airsmile.ee\\\/#\\\/schema\\\/logo\\\/image\\\/\"},\"sameAs\":[\"https:\\\/\\\/www.facebook.com\\\/airsmileou\\\/\",\"https:\\\/\\\/www.youtube.com\\\/channel\\\/UC5EPyEX0O2lvQ2ijNtjwyfg\"]}]}<\/script>\n<!-- \/ Yoast SEO Premium plugin. -->","yoast_head_json":{"title":"WOLF CWL 300 F Filtrikomplekt -","robots":{"index":"index","follow":"follow","max-snippet":"max-snippet:-1","max-image-preview":"max-image-preview:large","max-video-preview":"max-video-preview:-1"},"canonical":"https:\/\/new.airsmile.ee\/en\/product\/wolf-cwl-300-f-filtrikomplekt\/","og_locale":"en_US","og_type":"article","og_title":"WOLF CWL 300 F Filtrikomplekt","og_description":"Komplekti kuulub: ePM1 55% 166 x 234 x 24 - 1 tk Coarse 90% 177 x 245 - 1 tk","og_url":"https:\/\/new.airsmile.ee\/en\/product\/wolf-cwl-300-f-filtrikomplekt\/","og_site_name":"Ventilatsiooni puhastus - AirSmile - 14 aastat kogemust!","article_publisher":"https:\/\/www.facebook.com\/airsmileou\/","article_modified_time":"2024-01-18T14:07:27+00:00","og_image":[{"width":550,"height":550,"url":"https:\/\/new.airsmile.ee\/wp-content\/uploads\/2024\/01\/wolf-cwl-300-f.jpg","type":"image\/jpeg"}],"twitter_card":"summary_large_image","schema":{"@context":"https:\/\/schema.org","@graph":[{"@type":"WebPage","@id":"https:\/\/new.airsmile.ee\/toode\/wolf-cwl-300-f-filtrikomplekt\/","url":"https:\/\/new.airsmile.ee\/toode\/wolf-cwl-300-f-filtrikomplekt\/","name":"WOLF CWL 300 F Filtrikomplekt -","isPartOf":{"@id":"https:\/\/new.airsmile.ee\/#website"},"primaryImageOfPage":{"@id":"https:\/\/new.airsmile.ee\/toode\/wolf-cwl-300-f-filtrikomplekt\/#primaryimage"},"image":{"@id":"https:\/\/new.airsmile.ee\/toode\/wolf-cwl-300-f-filtrikomplekt\/#primaryimage"},"thumbnailUrl":"https:\/\/new.airsmile.ee\/wp-content\/uploads\/2024\/01\/wolf-cwl-300-f.jpg","datePublished":"2024-01-18T14:07:26+00:00","dateModified":"2024-01-18T14:07:27+00:00","breadcrumb":{"@id":"https:\/\/new.airsmile.ee\/toode\/wolf-cwl-300-f-filtrikomplekt\/#breadcrumb"},"inLanguage":"en-US","potentialAction":[{"@type":"ReadAction","target":["https:\/\/new.airsmile.ee\/toode\/wolf-cwl-300-f-filtrikomplekt\/"]}]},{"@type":"ImageObject","inLanguage":"en-US","@id":"https:\/\/new.airsmile.ee\/toode\/wolf-cwl-300-f-filtrikomplekt\/#primaryimage","url":"https:\/\/new.airsmile.ee\/wp-content\/uploads\/2024\/01\/wolf-cwl-300-f.jpg","contentUrl":"https:\/\/new.airsmile.ee\/wp-content\/uploads\/2024\/01\/wolf-cwl-300-f.jpg","width":550,"height":550},{"@type":"BreadcrumbList","@id":"https:\/\/new.airsmile.ee\/toode\/wolf-cwl-300-f-filtrikomplekt\/#breadcrumb","itemListElement":[{"@type":"ListItem","position":1,"name":"Home","item":"https:\/\/new.airsmile.ee\/"},{"@type":"ListItem","position":2,"name":"Tooted","item":"https:\/\/new.airsmile.ee\/tooted\/"},{"@type":"ListItem","position":3,"name":"WOLF CWL 300 F Filtrikomplekt"}]},{"@type":"WebSite","@id":"https:\/\/new.airsmile.ee\/#website","url":"https:\/\/new.airsmile.ee\/","name":"Ventilatsiooni puhastus - AirSmile O\u00dc - 14 aastat kogemust!","description":"Ventilatsiooni puhastus eramutes ja \u00e4rihoonetes \u00fcle Eesti!","publisher":{"@id":"https:\/\/new.airsmile.ee\/#organization"},"potentialAction":[{"@type":"SearchAction","target":{"@type":"EntryPoint","urlTemplate":"https:\/\/new.airsmile.ee\/?s={search_term_string}"},"query-input":{"@type":"PropertyValueSpecification","valueRequired":true,"valueName":"search_term_string"}}],"inLanguage":"en-US"},{"@type":"Organization","@id":"https:\/\/new.airsmile.ee\/#organization","name":"Airsmile O\u00dc","url":"https:\/\/new.airsmile.ee\/","logo":{"@type":"ImageObject","inLanguage":"en-US","@id":"https:\/\/new.airsmile.ee\/#\/schema\/logo\/image\/","url":"https:\/\/airsmile.ee\/wp-content\/uploads\/2019\/07\/logo-airsmile-pdf-arvetele.png","contentUrl":"https:\/\/airsmile.ee\/wp-content\/uploads\/2019\/07\/logo-airsmile-pdf-arvetele.png","width":159,"height":85,"caption":"Airsmile O\u00dc"},"image":{"@id":"https:\/\/new.airsmile.ee\/#\/schema\/logo\/image\/"},"sameAs":["https:\/\/www.facebook.com\/airsmileou\/","https:\/\/www.youtube.com\/channel\/UC5EPyEX0O2lvQ2ijNtjwyfg"]}]}},"_links":{"self":[{"href":"https:\/\/new.airsmile.ee\/en\/wp-json\/wp\/v2\/product\/21809","targetHints":{"allow":["GET"]}}],"collection":[{"href":"https:\/\/new.airsmile.ee\/en\/wp-json\/wp\/v2\/product"}],"about":[{"href":"https:\/\/new.airsmile.ee\/en\/wp-json\/wp\/v2\/types\/product"}],"wp:featuredmedia":[{"embeddable":true,"href":"https:\/\/new.airsmile.ee\/en\/wp-json\/wp\/v2\/media\/21810"}],"wp:attachment":[{"href":"https:\/\/new.airsmile.ee\/en\/wp-json\/wp\/v2\/media?parent=21809"}],"wp:term":[{"taxonomy":"product_brand","embeddable":true,"href":"https:\/\/new.airsmile.ee\/en\/wp-json\/wp\/v2\/product_brand?post=21809"},{"taxonomy":"product_cat","embeddable":true,"href":"https:\/\/new.airsmile.ee\/en\/wp-json\/wp\/v2\/product_cat?post=21809"},{"taxonomy":"product_tag","embeddable":true,"href":"https:\/\/new.airsmile.ee\/en\/wp-json\/wp\/v2\/product_tag?post=21809"}],"curies":[{"name":"wp","href":"https:\/\/api.w.org\/{rel}","templated":true}]}}