{"id":20797,"date":"2019-11-21T17:49:02","date_gmt":"2019-11-21T15:49:02","guid":{"rendered":"https:\/\/airsmile.ee\/?post_type=product&#038;p=20797"},"modified":"2025-01-10T15:18:41","modified_gmt":"2025-01-10T13:18:41","slug":"astmeline-metallipuur","status":"publish","type":"product","link":"https:\/\/new.airsmile.ee\/en\/product\/astmeline-metallipuur\/","title":{"rendered":"Step metal drill"},"content":{"rendered":"","protected":false},"excerpt":{"rendered":"<p>Astmeline koonuspuur (metall)<\/p>\n<p>4-39mm<\/p>","protected":false},"featured_media":20798,"template":"","meta":{"om_disable_all_campaigns":false,"_monsterinsights_skip_tracking":false,"_monsterinsights_sitenote_active":false,"_monsterinsights_sitenote_note":"","_monsterinsights_sitenote_category":0,"_uf_show_specific_survey":0,"_uf_disable_surveys":false,"_kad_post_transparent":"","_kad_post_title":"","_kad_post_layout":"","_kad_post_sidebar_id":"","_kad_post_content_style":"","_kad_post_vertical_padding":"","_kad_post_feature":"","_kad_post_feature_position":"","_kad_post_header":false,"_kad_post_footer":false,"_kad_post_classname":""},"product_brand":[],"product_cat":[442],"product_tag":[],"class_list":{"0":"post-20797","1":"product","2":"type-product","3":"status-publish","4":"has-post-thumbnail","6":"product_cat-muud-tooted","8":"first","9":"instock","10":"sale","11":"taxable","12":"shipping-taxable","13":"purchasable","14":"product-type-simple","15":"entry","16":"content-bg","17":"loop-entry"},"yoast_head":"<!-- This site is optimized with the Yoast SEO Premium plugin v26.2 (Yoast SEO v27.4) - https:\/\/yoast.com\/product\/yoast-seo-premium-wordpress\/ -->\n<title>Astmeline metallipuur -<\/title>\n<meta name=\"robots\" content=\"index, follow, max-snippet:-1, max-image-preview:large, max-video-preview:-1\" \/>\n<link rel=\"canonical\" href=\"https:\/\/new.airsmile.ee\/en\/product\/astmeline-metallipuur\/\" \/>\n<meta property=\"og:locale\" content=\"en_US\" \/>\n<meta property=\"og:type\" content=\"article\" \/>\n<meta property=\"og:title\" content=\"Astmeline metallipuur\" \/>\n<meta property=\"og:description\" content=\"Astmeline koonuspuur (metall)  4-39mm\" \/>\n<meta property=\"og:url\" content=\"https:\/\/new.airsmile.ee\/en\/product\/astmeline-metallipuur\/\" \/>\n<meta property=\"og:site_name\" content=\"Ventilatsiooni puhastus - AirSmile - 14 aastat kogemust!\" \/>\n<meta property=\"article:publisher\" content=\"https:\/\/www.facebook.com\/airsmileou\/\" \/>\n<meta property=\"article:modified_time\" content=\"2025-01-10T13:18:41+00:00\" \/>\n<meta property=\"og:image\" content=\"https:\/\/new.airsmile.ee\/wp-content\/uploads\/2019\/11\/astmeline-puur.jpg\" \/>\n\t<meta property=\"og:image:width\" content=\"500\" \/>\n\t<meta property=\"og:image:height\" content=\"700\" \/>\n\t<meta property=\"og:image:type\" content=\"image\/jpeg\" \/>\n<meta name=\"twitter:card\" content=\"summary_large_image\" \/>\n<meta name=\"twitter:label1\" content=\"Est. reading time\" \/>\n\t<meta name=\"twitter:data1\" content=\"1 minute\" \/>\n<script type=\"application\/ld+json\" class=\"yoast-schema-graph\">{\"@context\":\"https:\\\/\\\/schema.org\",\"@graph\":[{\"@type\":\"WebPage\",\"@id\":\"https:\\\/\\\/new.airsmile.ee\\\/en\\\/product\\\/astmeline-metallipuur\\\/\",\"url\":\"https:\\\/\\\/new.airsmile.ee\\\/en\\\/product\\\/astmeline-metallipuur\\\/\",\"name\":\"Astmeline metallipuur -\",\"isPartOf\":{\"@id\":\"https:\\\/\\\/new.airsmile.ee\\\/#website\"},\"primaryImageOfPage\":{\"@id\":\"https:\\\/\\\/new.airsmile.ee\\\/en\\\/product\\\/astmeline-metallipuur\\\/#primaryimage\"},\"image\":{\"@id\":\"https:\\\/\\\/new.airsmile.ee\\\/en\\\/product\\\/astmeline-metallipuur\\\/#primaryimage\"},\"thumbnailUrl\":\"https:\\\/\\\/new.airsmile.ee\\\/wp-content\\\/uploads\\\/2019\\\/11\\\/astmeline-puur.jpg\",\"datePublished\":\"2019-11-21T15:49:02+00:00\",\"dateModified\":\"2025-01-10T13:18:41+00:00\",\"breadcrumb\":{\"@id\":\"https:\\\/\\\/new.airsmile.ee\\\/en\\\/product\\\/astmeline-metallipuur\\\/#breadcrumb\"},\"inLanguage\":\"en-US\",\"potentialAction\":[{\"@type\":\"ReadAction\",\"target\":[\"https:\\\/\\\/new.airsmile.ee\\\/en\\\/product\\\/astmeline-metallipuur\\\/\"]}]},{\"@type\":\"ImageObject\",\"inLanguage\":\"en-US\",\"@id\":\"https:\\\/\\\/new.airsmile.ee\\\/en\\\/product\\\/astmeline-metallipuur\\\/#primaryimage\",\"url\":\"https:\\\/\\\/new.airsmile.ee\\\/wp-content\\\/uploads\\\/2019\\\/11\\\/astmeline-puur.jpg\",\"contentUrl\":\"https:\\\/\\\/new.airsmile.ee\\\/wp-content\\\/uploads\\\/2019\\\/11\\\/astmeline-puur.jpg\",\"width\":500,\"height\":700,\"caption\":\"Ventilatsiooni puhastus\"},{\"@type\":\"BreadcrumbList\",\"@id\":\"https:\\\/\\\/new.airsmile.ee\\\/en\\\/product\\\/astmeline-metallipuur\\\/#breadcrumb\",\"itemListElement\":[{\"@type\":\"ListItem\",\"position\":1,\"name\":\"Home\",\"item\":\"https:\\\/\\\/new.airsmile.ee\\\/\"},{\"@type\":\"ListItem\",\"position\":2,\"name\":\"Tooted\",\"item\":\"https:\\\/\\\/new.airsmile.ee\\\/tooted\\\/\"},{\"@type\":\"ListItem\",\"position\":3,\"name\":\"Astmeline metallipuur\"}]},{\"@type\":\"WebSite\",\"@id\":\"https:\\\/\\\/new.airsmile.ee\\\/#website\",\"url\":\"https:\\\/\\\/new.airsmile.ee\\\/\",\"name\":\"Ventilatsiooni puhastus - AirSmile O\u00dc - 14 aastat kogemust!\",\"description\":\"Ventilatsiooni puhastus eramutes ja \u00e4rihoonetes \u00fcle Eesti!\",\"publisher\":{\"@id\":\"https:\\\/\\\/new.airsmile.ee\\\/#organization\"},\"potentialAction\":[{\"@type\":\"SearchAction\",\"target\":{\"@type\":\"EntryPoint\",\"urlTemplate\":\"https:\\\/\\\/new.airsmile.ee\\\/?s={search_term_string}\"},\"query-input\":{\"@type\":\"PropertyValueSpecification\",\"valueRequired\":true,\"valueName\":\"search_term_string\"}}],\"inLanguage\":\"en-US\"},{\"@type\":\"Organization\",\"@id\":\"https:\\\/\\\/new.airsmile.ee\\\/#organization\",\"name\":\"Airsmile O\u00dc\",\"url\":\"https:\\\/\\\/new.airsmile.ee\\\/\",\"logo\":{\"@type\":\"ImageObject\",\"inLanguage\":\"en-US\",\"@id\":\"https:\\\/\\\/new.airsmile.ee\\\/#\\\/schema\\\/logo\\\/image\\\/\",\"url\":\"https:\\\/\\\/airsmile.ee\\\/wp-content\\\/uploads\\\/2019\\\/07\\\/logo-airsmile-pdf-arvetele.png\",\"contentUrl\":\"https:\\\/\\\/airsmile.ee\\\/wp-content\\\/uploads\\\/2019\\\/07\\\/logo-airsmile-pdf-arvetele.png\",\"width\":159,\"height\":85,\"caption\":\"Airsmile O\u00dc\"},\"image\":{\"@id\":\"https:\\\/\\\/new.airsmile.ee\\\/#\\\/schema\\\/logo\\\/image\\\/\"},\"sameAs\":[\"https:\\\/\\\/www.facebook.com\\\/airsmileou\\\/\",\"https:\\\/\\\/www.youtube.com\\\/channel\\\/UC5EPyEX0O2lvQ2ijNtjwyfg\"]}]}<\/script>\n<!-- \/ Yoast SEO Premium plugin. -->","yoast_head_json":{"title":"Astmeline metallipuur -","robots":{"index":"index","follow":"follow","max-snippet":"max-snippet:-1","max-image-preview":"max-image-preview:large","max-video-preview":"max-video-preview:-1"},"canonical":"https:\/\/new.airsmile.ee\/en\/product\/astmeline-metallipuur\/","og_locale":"en_US","og_type":"article","og_title":"Astmeline metallipuur","og_description":"Astmeline koonuspuur (metall)  4-39mm","og_url":"https:\/\/new.airsmile.ee\/en\/product\/astmeline-metallipuur\/","og_site_name":"Ventilatsiooni puhastus - AirSmile - 14 aastat kogemust!","article_publisher":"https:\/\/www.facebook.com\/airsmileou\/","article_modified_time":"2025-01-10T13:18:41+00:00","og_image":[{"width":500,"height":700,"url":"https:\/\/new.airsmile.ee\/wp-content\/uploads\/2019\/11\/astmeline-puur.jpg","type":"image\/jpeg"}],"twitter_card":"summary_large_image","twitter_misc":{"Est. reading time":"1 minute"},"schema":{"@context":"https:\/\/schema.org","@graph":[{"@type":"WebPage","@id":"https:\/\/new.airsmile.ee\/en\/product\/astmeline-metallipuur\/","url":"https:\/\/new.airsmile.ee\/en\/product\/astmeline-metallipuur\/","name":"Astmeline metallipuur -","isPartOf":{"@id":"https:\/\/new.airsmile.ee\/#website"},"primaryImageOfPage":{"@id":"https:\/\/new.airsmile.ee\/en\/product\/astmeline-metallipuur\/#primaryimage"},"image":{"@id":"https:\/\/new.airsmile.ee\/en\/product\/astmeline-metallipuur\/#primaryimage"},"thumbnailUrl":"https:\/\/new.airsmile.ee\/wp-content\/uploads\/2019\/11\/astmeline-puur.jpg","datePublished":"2019-11-21T15:49:02+00:00","dateModified":"2025-01-10T13:18:41+00:00","breadcrumb":{"@id":"https:\/\/new.airsmile.ee\/en\/product\/astmeline-metallipuur\/#breadcrumb"},"inLanguage":"en-US","potentialAction":[{"@type":"ReadAction","target":["https:\/\/new.airsmile.ee\/en\/product\/astmeline-metallipuur\/"]}]},{"@type":"ImageObject","inLanguage":"en-US","@id":"https:\/\/new.airsmile.ee\/en\/product\/astmeline-metallipuur\/#primaryimage","url":"https:\/\/new.airsmile.ee\/wp-content\/uploads\/2019\/11\/astmeline-puur.jpg","contentUrl":"https:\/\/new.airsmile.ee\/wp-content\/uploads\/2019\/11\/astmeline-puur.jpg","width":500,"height":700,"caption":"Ventilatsiooni puhastus"},{"@type":"BreadcrumbList","@id":"https:\/\/new.airsmile.ee\/en\/product\/astmeline-metallipuur\/#breadcrumb","itemListElement":[{"@type":"ListItem","position":1,"name":"Home","item":"https:\/\/new.airsmile.ee\/"},{"@type":"ListItem","position":2,"name":"Tooted","item":"https:\/\/new.airsmile.ee\/tooted\/"},{"@type":"ListItem","position":3,"name":"Astmeline metallipuur"}]},{"@type":"WebSite","@id":"https:\/\/new.airsmile.ee\/#website","url":"https:\/\/new.airsmile.ee\/","name":"Ventilatsiooni puhastus - AirSmile O\u00dc - 14 aastat kogemust!","description":"Ventilatsiooni puhastus eramutes ja \u00e4rihoonetes \u00fcle Eesti!","publisher":{"@id":"https:\/\/new.airsmile.ee\/#organization"},"potentialAction":[{"@type":"SearchAction","target":{"@type":"EntryPoint","urlTemplate":"https:\/\/new.airsmile.ee\/?s={search_term_string}"},"query-input":{"@type":"PropertyValueSpecification","valueRequired":true,"valueName":"search_term_string"}}],"inLanguage":"en-US"},{"@type":"Organization","@id":"https:\/\/new.airsmile.ee\/#organization","name":"Airsmile O\u00dc","url":"https:\/\/new.airsmile.ee\/","logo":{"@type":"ImageObject","inLanguage":"en-US","@id":"https:\/\/new.airsmile.ee\/#\/schema\/logo\/image\/","url":"https:\/\/airsmile.ee\/wp-content\/uploads\/2019\/07\/logo-airsmile-pdf-arvetele.png","contentUrl":"https:\/\/airsmile.ee\/wp-content\/uploads\/2019\/07\/logo-airsmile-pdf-arvetele.png","width":159,"height":85,"caption":"Airsmile O\u00dc"},"image":{"@id":"https:\/\/new.airsmile.ee\/#\/schema\/logo\/image\/"},"sameAs":["https:\/\/www.facebook.com\/airsmileou\/","https:\/\/www.youtube.com\/channel\/UC5EPyEX0O2lvQ2ijNtjwyfg"]}]}},"_links":{"self":[{"href":"https:\/\/new.airsmile.ee\/en\/wp-json\/wp\/v2\/product\/20797","targetHints":{"allow":["GET"]}}],"collection":[{"href":"https:\/\/new.airsmile.ee\/en\/wp-json\/wp\/v2\/product"}],"about":[{"href":"https:\/\/new.airsmile.ee\/en\/wp-json\/wp\/v2\/types\/product"}],"wp:featuredmedia":[{"embeddable":true,"href":"https:\/\/new.airsmile.ee\/en\/wp-json\/wp\/v2\/media\/20798"}],"wp:attachment":[{"href":"https:\/\/new.airsmile.ee\/en\/wp-json\/wp\/v2\/media?parent=20797"}],"wp:term":[{"taxonomy":"product_brand","embeddable":true,"href":"https:\/\/new.airsmile.ee\/en\/wp-json\/wp\/v2\/product_brand?post=20797"},{"taxonomy":"product_cat","embeddable":true,"href":"https:\/\/new.airsmile.ee\/en\/wp-json\/wp\/v2\/product_cat?post=20797"},{"taxonomy":"product_tag","embeddable":true,"href":"https:\/\/new.airsmile.ee\/en\/wp-json\/wp\/v2\/product_tag?post=20797"}],"curies":[{"name":"wp","href":"https:\/\/api.w.org\/{rel}","templated":true}]}}