{"id":20696,"date":"2019-07-18T08:15:13","date_gmt":"2019-07-18T05:15:13","guid":{"rendered":"https:\/\/airsmile.veebispetsid.com\/?post_type=product&#038;p=20696"},"modified":"2020-06-26T14:31:18","modified_gmt":"2020-06-26T11:31:18","slug":"teenindusluugid","status":"publish","type":"product","link":"https:\/\/new.airsmile.ee\/en\/product\/teenindusluugid\/","title":{"rendered":"Service hatches"},"content":{"rendered":"","protected":false},"excerpt":{"rendered":"<p>Available sizes<\/p>\n<table width=\"100%\">\n<tbody>\n<tr>\n<td width=\"85\"><strong>\u00d8d (MM)<\/strong><\/td>\n<td width=\"79\"><strong>L (MM)<\/strong><\/td>\n<td width=\"66\"><strong>e (MM)<\/strong><\/td>\n<\/tr>\n<tr>\n<td>80<\/td>\n<td>290<\/td>\n<td>36<\/td>\n<\/tr>\n<tr>\n<td>100<\/td>\n<td>290<\/td>\n<td>36<\/td>\n<\/tr>\n<tr>\n<td>125<\/td>\n<td>290<\/td>\n<td>36<\/td>\n<\/tr>\n<tr>\n<td>150<\/td>\n<td>360<\/td>\n<td>36<\/td>\n<\/tr>\n<tr>\n<td>160<\/td>\n<td>360<\/td>\n<td>36<\/td>\n<\/tr>\n<tr>\n<td>200<\/td>\n<td>360<\/td>\n<td>36<\/td>\n<\/tr>\n<tr>\n<td>250<\/td>\n<td>360<\/td>\n<td>36<\/td>\n<\/tr>\n<tr>\n<td>315<\/td>\n<td>360<\/td>\n<td>36<\/td>\n<\/tr>\n<tr>\n<td>355<\/td>\n<td>430<\/td>\n<td>55<\/td>\n<\/tr>\n<tr>\n<td>400<\/td>\n<td>430<\/td>\n<td>55<\/td>\n<\/tr>\n<tr>\n<td>450<\/td>\n<td>480<\/td>\n<td>75<\/td>\n<\/tr>\n<tr>\n<td>500<\/td>\n<td>480<\/td>\n<td>75<\/td>\n<\/tr>\n<tr>\n<td>560<\/td>\n<td>480<\/td>\n<td>75<\/td>\n<\/tr>\n<tr>\n<td>630<\/td>\n<td>480<\/td>\n<td>75<\/td>\n<\/tr>\n<tr>\n<td>710<\/td>\n<td>520<\/td>\n<td>100<\/td>\n<\/tr>\n<tr>\n<td>800<\/td>\n<td>520<\/td>\n<td>100<\/td>\n<\/tr>\n<\/tbody>\n<\/table>","protected":false},"featured_media":20697,"template":"","meta":{"om_disable_all_campaigns":false,"_monsterinsights_skip_tracking":false,"_monsterinsights_sitenote_active":false,"_monsterinsights_sitenote_note":"","_monsterinsights_sitenote_category":0,"_uf_show_specific_survey":0,"_uf_disable_surveys":false,"_kad_post_transparent":"","_kad_post_title":"","_kad_post_layout":"","_kad_post_sidebar_id":"","_kad_post_content_style":"","_kad_post_vertical_padding":"","_kad_post_feature":"","_kad_post_feature_position":"","_kad_post_header":false,"_kad_post_footer":false,"_kad_post_classname":""},"product_brand":[],"product_cat":[442,446],"product_tag":[],"class_list":{"0":"post-20696","1":"product","2":"type-product","3":"status-publish","4":"has-post-thumbnail","6":"product_cat-muud-tooted","7":"product_cat-teenindusluugid","9":"first","10":"instock","11":"taxable","12":"shipping-taxable","13":"purchasable","14":"product-type-variable","15":"entry","16":"content-bg","17":"loop-entry"},"yoast_head":"<!-- This site is optimized with the Yoast SEO Premium plugin v26.2 (Yoast SEO v27.4) - https:\/\/yoast.com\/product\/yoast-seo-premium-wordpress\/ -->\n<title>Teenindusluugid -<\/title>\n<meta name=\"robots\" content=\"index, follow, max-snippet:-1, max-image-preview:large, max-video-preview:-1\" \/>\n<link rel=\"canonical\" href=\"https:\/\/new.airsmile.ee\/en\/product\/teenindusluugid\/\" \/>\n<meta property=\"og:locale\" content=\"en_US\" \/>\n<meta property=\"og:type\" content=\"article\" \/>\n<meta property=\"og:title\" content=\"Teenindusluugid\" \/>\n<meta property=\"og:description\" content=\"Saadaval suurustes:    \u00d8d (MM) L (MM) e (MM)   80 290 36   100 290 36   125 290 36   150 360 36   160 360 36   200 360 36   250 360 36   315 360 36   355 430 55   400 430 55   450 480 75   500 480 75   560 480 75   630 480 75   710 520 100   800 520 100\" \/>\n<meta property=\"og:url\" content=\"https:\/\/new.airsmile.ee\/en\/product\/teenindusluugid\/\" \/>\n<meta property=\"og:site_name\" content=\"Ventilatsiooni puhastus - AirSmile - 14 aastat kogemust!\" \/>\n<meta property=\"article:publisher\" content=\"https:\/\/www.facebook.com\/airsmileou\/\" \/>\n<meta property=\"article:modified_time\" content=\"2020-06-26T11:31:18+00:00\" \/>\n<meta property=\"og:image\" content=\"https:\/\/new.airsmile.ee\/wp-content\/uploads\/2019\/07\/Teenindusluugid.jpg\" \/>\n\t<meta property=\"og:image:width\" content=\"800\" \/>\n\t<meta property=\"og:image:height\" content=\"800\" \/>\n\t<meta property=\"og:image:type\" content=\"image\/jpeg\" \/>\n<meta name=\"twitter:card\" content=\"summary_large_image\" \/>\n<script type=\"application\/ld+json\" class=\"yoast-schema-graph\">{\"@context\":\"https:\\\/\\\/schema.org\",\"@graph\":[{\"@type\":\"WebPage\",\"@id\":\"https:\\\/\\\/new.airsmile.ee\\\/toode\\\/teenindusluugid\\\/\",\"url\":\"https:\\\/\\\/new.airsmile.ee\\\/toode\\\/teenindusluugid\\\/\",\"name\":\"Teenindusluugid -\",\"isPartOf\":{\"@id\":\"https:\\\/\\\/new.airsmile.ee\\\/#website\"},\"primaryImageOfPage\":{\"@id\":\"https:\\\/\\\/new.airsmile.ee\\\/toode\\\/teenindusluugid\\\/#primaryimage\"},\"image\":{\"@id\":\"https:\\\/\\\/new.airsmile.ee\\\/toode\\\/teenindusluugid\\\/#primaryimage\"},\"thumbnailUrl\":\"https:\\\/\\\/new.airsmile.ee\\\/wp-content\\\/uploads\\\/2019\\\/07\\\/Teenindusluugid.jpg\",\"datePublished\":\"2019-07-18T05:15:13+00:00\",\"dateModified\":\"2020-06-26T11:31:18+00:00\",\"breadcrumb\":{\"@id\":\"https:\\\/\\\/new.airsmile.ee\\\/toode\\\/teenindusluugid\\\/#breadcrumb\"},\"inLanguage\":\"en-US\",\"potentialAction\":[{\"@type\":\"ReadAction\",\"target\":[\"https:\\\/\\\/new.airsmile.ee\\\/toode\\\/teenindusluugid\\\/\"]}]},{\"@type\":\"ImageObject\",\"inLanguage\":\"en-US\",\"@id\":\"https:\\\/\\\/new.airsmile.ee\\\/toode\\\/teenindusluugid\\\/#primaryimage\",\"url\":\"https:\\\/\\\/new.airsmile.ee\\\/wp-content\\\/uploads\\\/2019\\\/07\\\/Teenindusluugid.jpg\",\"contentUrl\":\"https:\\\/\\\/new.airsmile.ee\\\/wp-content\\\/uploads\\\/2019\\\/07\\\/Teenindusluugid.jpg\",\"width\":800,\"height\":800,\"caption\":\"Teenindusluugid\"},{\"@type\":\"BreadcrumbList\",\"@id\":\"https:\\\/\\\/new.airsmile.ee\\\/toode\\\/teenindusluugid\\\/#breadcrumb\",\"itemListElement\":[{\"@type\":\"ListItem\",\"position\":1,\"name\":\"Home\",\"item\":\"https:\\\/\\\/new.airsmile.ee\\\/\"},{\"@type\":\"ListItem\",\"position\":2,\"name\":\"Tooted\",\"item\":\"https:\\\/\\\/new.airsmile.ee\\\/tooted\\\/\"},{\"@type\":\"ListItem\",\"position\":3,\"name\":\"Teenindusluugid\"}]},{\"@type\":\"WebSite\",\"@id\":\"https:\\\/\\\/new.airsmile.ee\\\/#website\",\"url\":\"https:\\\/\\\/new.airsmile.ee\\\/\",\"name\":\"Ventilatsiooni puhastus - AirSmile O\u00dc - 14 aastat kogemust!\",\"description\":\"Ventilatsiooni puhastus eramutes ja \u00e4rihoonetes \u00fcle Eesti!\",\"publisher\":{\"@id\":\"https:\\\/\\\/new.airsmile.ee\\\/#organization\"},\"potentialAction\":[{\"@type\":\"SearchAction\",\"target\":{\"@type\":\"EntryPoint\",\"urlTemplate\":\"https:\\\/\\\/new.airsmile.ee\\\/?s={search_term_string}\"},\"query-input\":{\"@type\":\"PropertyValueSpecification\",\"valueRequired\":true,\"valueName\":\"search_term_string\"}}],\"inLanguage\":\"en-US\"},{\"@type\":\"Organization\",\"@id\":\"https:\\\/\\\/new.airsmile.ee\\\/#organization\",\"name\":\"Airsmile O\u00dc\",\"url\":\"https:\\\/\\\/new.airsmile.ee\\\/\",\"logo\":{\"@type\":\"ImageObject\",\"inLanguage\":\"en-US\",\"@id\":\"https:\\\/\\\/new.airsmile.ee\\\/#\\\/schema\\\/logo\\\/image\\\/\",\"url\":\"https:\\\/\\\/airsmile.ee\\\/wp-content\\\/uploads\\\/2019\\\/07\\\/logo-airsmile-pdf-arvetele.png\",\"contentUrl\":\"https:\\\/\\\/airsmile.ee\\\/wp-content\\\/uploads\\\/2019\\\/07\\\/logo-airsmile-pdf-arvetele.png\",\"width\":159,\"height\":85,\"caption\":\"Airsmile O\u00dc\"},\"image\":{\"@id\":\"https:\\\/\\\/new.airsmile.ee\\\/#\\\/schema\\\/logo\\\/image\\\/\"},\"sameAs\":[\"https:\\\/\\\/www.facebook.com\\\/airsmileou\\\/\",\"https:\\\/\\\/www.youtube.com\\\/channel\\\/UC5EPyEX0O2lvQ2ijNtjwyfg\"]}]}<\/script>\n<!-- \/ Yoast SEO Premium plugin. -->","yoast_head_json":{"title":"Teenindusluugid -","robots":{"index":"index","follow":"follow","max-snippet":"max-snippet:-1","max-image-preview":"max-image-preview:large","max-video-preview":"max-video-preview:-1"},"canonical":"https:\/\/new.airsmile.ee\/en\/product\/teenindusluugid\/","og_locale":"en_US","og_type":"article","og_title":"Teenindusluugid","og_description":"Saadaval suurustes:    \u00d8d (MM) L (MM) e (MM)   80 290 36   100 290 36   125 290 36   150 360 36   160 360 36   200 360 36   250 360 36   315 360 36   355 430 55   400 430 55   450 480 75   500 480 75   560 480 75   630 480 75   710 520 100   800 520 100","og_url":"https:\/\/new.airsmile.ee\/en\/product\/teenindusluugid\/","og_site_name":"Ventilatsiooni puhastus - AirSmile - 14 aastat kogemust!","article_publisher":"https:\/\/www.facebook.com\/airsmileou\/","article_modified_time":"2020-06-26T11:31:18+00:00","og_image":[{"width":800,"height":800,"url":"https:\/\/new.airsmile.ee\/wp-content\/uploads\/2019\/07\/Teenindusluugid.jpg","type":"image\/jpeg"}],"twitter_card":"summary_large_image","schema":{"@context":"https:\/\/schema.org","@graph":[{"@type":"WebPage","@id":"https:\/\/new.airsmile.ee\/toode\/teenindusluugid\/","url":"https:\/\/new.airsmile.ee\/toode\/teenindusluugid\/","name":"Teenindusluugid -","isPartOf":{"@id":"https:\/\/new.airsmile.ee\/#website"},"primaryImageOfPage":{"@id":"https:\/\/new.airsmile.ee\/toode\/teenindusluugid\/#primaryimage"},"image":{"@id":"https:\/\/new.airsmile.ee\/toode\/teenindusluugid\/#primaryimage"},"thumbnailUrl":"https:\/\/new.airsmile.ee\/wp-content\/uploads\/2019\/07\/Teenindusluugid.jpg","datePublished":"2019-07-18T05:15:13+00:00","dateModified":"2020-06-26T11:31:18+00:00","breadcrumb":{"@id":"https:\/\/new.airsmile.ee\/toode\/teenindusluugid\/#breadcrumb"},"inLanguage":"en-US","potentialAction":[{"@type":"ReadAction","target":["https:\/\/new.airsmile.ee\/toode\/teenindusluugid\/"]}]},{"@type":"ImageObject","inLanguage":"en-US","@id":"https:\/\/new.airsmile.ee\/toode\/teenindusluugid\/#primaryimage","url":"https:\/\/new.airsmile.ee\/wp-content\/uploads\/2019\/07\/Teenindusluugid.jpg","contentUrl":"https:\/\/new.airsmile.ee\/wp-content\/uploads\/2019\/07\/Teenindusluugid.jpg","width":800,"height":800,"caption":"Teenindusluugid"},{"@type":"BreadcrumbList","@id":"https:\/\/new.airsmile.ee\/toode\/teenindusluugid\/#breadcrumb","itemListElement":[{"@type":"ListItem","position":1,"name":"Home","item":"https:\/\/new.airsmile.ee\/"},{"@type":"ListItem","position":2,"name":"Tooted","item":"https:\/\/new.airsmile.ee\/tooted\/"},{"@type":"ListItem","position":3,"name":"Teenindusluugid"}]},{"@type":"WebSite","@id":"https:\/\/new.airsmile.ee\/#website","url":"https:\/\/new.airsmile.ee\/","name":"Ventilatsiooni puhastus - AirSmile O\u00dc - 14 aastat kogemust!","description":"Ventilatsiooni puhastus eramutes ja \u00e4rihoonetes \u00fcle Eesti!","publisher":{"@id":"https:\/\/new.airsmile.ee\/#organization"},"potentialAction":[{"@type":"SearchAction","target":{"@type":"EntryPoint","urlTemplate":"https:\/\/new.airsmile.ee\/?s={search_term_string}"},"query-input":{"@type":"PropertyValueSpecification","valueRequired":true,"valueName":"search_term_string"}}],"inLanguage":"en-US"},{"@type":"Organization","@id":"https:\/\/new.airsmile.ee\/#organization","name":"Airsmile O\u00dc","url":"https:\/\/new.airsmile.ee\/","logo":{"@type":"ImageObject","inLanguage":"en-US","@id":"https:\/\/new.airsmile.ee\/#\/schema\/logo\/image\/","url":"https:\/\/airsmile.ee\/wp-content\/uploads\/2019\/07\/logo-airsmile-pdf-arvetele.png","contentUrl":"https:\/\/airsmile.ee\/wp-content\/uploads\/2019\/07\/logo-airsmile-pdf-arvetele.png","width":159,"height":85,"caption":"Airsmile O\u00dc"},"image":{"@id":"https:\/\/new.airsmile.ee\/#\/schema\/logo\/image\/"},"sameAs":["https:\/\/www.facebook.com\/airsmileou\/","https:\/\/www.youtube.com\/channel\/UC5EPyEX0O2lvQ2ijNtjwyfg"]}]}},"_links":{"self":[{"href":"https:\/\/new.airsmile.ee\/en\/wp-json\/wp\/v2\/product\/20696","targetHints":{"allow":["GET"]}}],"collection":[{"href":"https:\/\/new.airsmile.ee\/en\/wp-json\/wp\/v2\/product"}],"about":[{"href":"https:\/\/new.airsmile.ee\/en\/wp-json\/wp\/v2\/types\/product"}],"wp:featuredmedia":[{"embeddable":true,"href":"https:\/\/new.airsmile.ee\/en\/wp-json\/wp\/v2\/media\/20697"}],"wp:attachment":[{"href":"https:\/\/new.airsmile.ee\/en\/wp-json\/wp\/v2\/media?parent=20696"}],"wp:term":[{"taxonomy":"product_brand","embeddable":true,"href":"https:\/\/new.airsmile.ee\/en\/wp-json\/wp\/v2\/product_brand?post=20696"},{"taxonomy":"product_cat","embeddable":true,"href":"https:\/\/new.airsmile.ee\/en\/wp-json\/wp\/v2\/product_cat?post=20696"},{"taxonomy":"product_tag","embeddable":true,"href":"https:\/\/new.airsmile.ee\/en\/wp-json\/wp\/v2\/product_tag?post=20696"}],"curies":[{"name":"wp","href":"https:\/\/api.w.org\/{rel}","templated":true}]}}