{"id":20575,"date":"2019-07-17T17:13:02","date_gmt":"2019-07-17T14:13:02","guid":{"rendered":"https:\/\/airsmile.veebispetsid.com\/?post_type=product&#038;p=20575"},"modified":"2025-05-26T14:06:29","modified_gmt":"2025-05-26T11:06:29","slug":"bos-clean-li","status":"publish","type":"product","link":"https:\/\/new.airsmile.ee\/en\/product\/bos-clean-li\/","title":{"rendered":"Bos Clean Li"},"content":{"rendered":"","protected":false},"excerpt":{"rendered":"<p><strong>Bos Clean Li<\/strong> is suitable for creating negative pressure in medium and large areas and surfaces.<br \/>\nThe device is ideal for use in hard-to-reach areas and tight working conditions while still powerful enough to create effective negative pressure in larger spaces.<\/p>\n<p>The device is equipped with smooth-moving rubber wheels to minimize surface damage during movement.<\/p>\n<p><strong>Bos Clean Li<\/strong> power is adjustable and<br \/>\nit is equipped with an electronic sensor that notifies the user of the filter\u2019s status and alerts when the filter needs to be replaced.<br \/>\nThanks to quick-connect mechanisms, replacing filters is very simple and fast.<br \/>\nAdditionally, various filters can be combined, such as HEPA filters. To extend the life of the HEPA filter, a pre-filter chamber can be installed to prevent larger particles from reaching the HEPA filter.<\/p>\n<p>&nbsp;<\/p>\n<p>You can find technical specifications <a href=\"https:\/\/airsmile.ee\/tooted\/alarohu-seadmed\/\">here<\/a><\/p>","protected":false},"featured_media":20576,"template":"","meta":{"om_disable_all_campaigns":false,"_monsterinsights_skip_tracking":false,"_monsterinsights_sitenote_active":false,"_monsterinsights_sitenote_note":"","_monsterinsights_sitenote_category":0,"_uf_show_specific_survey":0,"_uf_disable_surveys":false,"_kad_post_transparent":"","_kad_post_title":"","_kad_post_layout":"","_kad_post_sidebar_id":"","_kad_post_content_style":"","_kad_post_vertical_padding":"","_kad_post_feature":"","_kad_post_feature_position":"","_kad_post_header":false,"_kad_post_footer":false,"_kad_post_classname":""},"product_brand":[],"product_cat":[440],"product_tag":[458],"class_list":{"0":"post-20575","1":"product","2":"type-product","3":"status-publish","4":"has-post-thumbnail","6":"product_cat-alarohu-seadmed","7":"product_tag-alarohk","8":"product_shipping_class-ainult-kuller","10":"first","11":"instock","12":"purchasable","13":"product-type-simple","14":"entry","15":"content-bg","16":"loop-entry"},"yoast_head":"<!-- This site is optimized with the Yoast SEO Premium plugin v26.2 (Yoast SEO v27.4) - https:\/\/yoast.com\/product\/yoast-seo-premium-wordpress\/ -->\n<title>Bos Clean Li -<\/title>\n<meta name=\"robots\" content=\"index, follow, max-snippet:-1, max-image-preview:large, max-video-preview:-1\" \/>\n<link rel=\"canonical\" href=\"https:\/\/new.airsmile.ee\/en\/product\/bos-clean-li\/\" \/>\n<meta property=\"og:locale\" content=\"en_US\" \/>\n<meta property=\"og:type\" content=\"article\" \/>\n<meta property=\"og:title\" content=\"Bos Clean Li\" \/>\n<meta property=\"og:description\" content=\"Bos Clean Li on sobiv tekitamaks alar\u00f5hku keskmistele ning suurtematele aladele ja pindadele. Seade sobib ideaalselt kasutamiseks just raskesti ligip\u00e4\u00e4setavates ja kitsastes t\u00f6\u00f6tingimustes, kuid on seejuures piisavalt v\u00f5imekas tekitamaks efektiivset alar\u00f5hku ka suurtemates ruumides.  Seade on varustatud sujuvalt liikuvate kummist ratastega, minimaliseerimaks seadme liigutamise k\u00e4igus pindadele v\u00f5imalike kahjustuste teket.  Bos Clean Li seadme t\u00f6\u00f6v\u00f5imsus on reguleeritav ja seade on varustatud elektroonilise anduriga, teavitamaks kasutajat filtri seisukorrast ja annab m\u00e4rku filtri vahetusvajadusest. Seadme filtrite vahetus on t\u00e4nu kiirkinnitustele v\u00e4ga lihtne ja kiire protsess. Lisaks on v\u00f5imalik kombineerida erinevaid filtreid, n\u00e4iteks HEPA filtri eluea pikendamiseks on v\u00f5imalik paigaldada selle ette lisafiltri kamber mis suuremate osakeste HEPA filtrisse sattumise t\u00f5kestab.  &nbsp;  Tehnilised andmed leiate siit\" \/>\n<meta property=\"og:url\" content=\"https:\/\/new.airsmile.ee\/en\/product\/bos-clean-li\/\" \/>\n<meta property=\"og:site_name\" content=\"Ventilatsiooni puhastus - AirSmile - 14 aastat kogemust!\" \/>\n<meta property=\"article:publisher\" content=\"https:\/\/www.facebook.com\/airsmileou\/\" \/>\n<meta property=\"article:modified_time\" content=\"2025-05-26T11:06:29+00:00\" \/>\n<meta property=\"og:image\" content=\"https:\/\/new.airsmile.ee\/wp-content\/uploads\/2019\/07\/Bos-Clean-L.jpg\" \/>\n\t<meta property=\"og:image:width\" content=\"900\" \/>\n\t<meta property=\"og:image:height\" content=\"900\" \/>\n\t<meta property=\"og:image:type\" content=\"image\/jpeg\" \/>\n<meta name=\"twitter:card\" content=\"summary_large_image\" \/>\n<meta name=\"twitter:label1\" content=\"Est. reading time\" \/>\n\t<meta name=\"twitter:data1\" content=\"1 minute\" \/>\n<script type=\"application\/ld+json\" class=\"yoast-schema-graph\">{\"@context\":\"https:\\\/\\\/schema.org\",\"@graph\":[{\"@type\":\"WebPage\",\"@id\":\"https:\\\/\\\/new.airsmile.ee\\\/toode\\\/bos-clean-li\\\/\",\"url\":\"https:\\\/\\\/new.airsmile.ee\\\/toode\\\/bos-clean-li\\\/\",\"name\":\"Bos Clean Li -\",\"isPartOf\":{\"@id\":\"https:\\\/\\\/new.airsmile.ee\\\/#website\"},\"primaryImageOfPage\":{\"@id\":\"https:\\\/\\\/new.airsmile.ee\\\/toode\\\/bos-clean-li\\\/#primaryimage\"},\"image\":{\"@id\":\"https:\\\/\\\/new.airsmile.ee\\\/toode\\\/bos-clean-li\\\/#primaryimage\"},\"thumbnailUrl\":\"https:\\\/\\\/new.airsmile.ee\\\/wp-content\\\/uploads\\\/2019\\\/07\\\/Bos-Clean-L.jpg\",\"datePublished\":\"2019-07-17T14:13:02+00:00\",\"dateModified\":\"2025-05-26T11:06:29+00:00\",\"breadcrumb\":{\"@id\":\"https:\\\/\\\/new.airsmile.ee\\\/toode\\\/bos-clean-li\\\/#breadcrumb\"},\"inLanguage\":\"en-US\",\"potentialAction\":[{\"@type\":\"ReadAction\",\"target\":[\"https:\\\/\\\/new.airsmile.ee\\\/toode\\\/bos-clean-li\\\/\"]}]},{\"@type\":\"ImageObject\",\"inLanguage\":\"en-US\",\"@id\":\"https:\\\/\\\/new.airsmile.ee\\\/toode\\\/bos-clean-li\\\/#primaryimage\",\"url\":\"https:\\\/\\\/new.airsmile.ee\\\/wp-content\\\/uploads\\\/2019\\\/07\\\/Bos-Clean-L.jpg\",\"contentUrl\":\"https:\\\/\\\/new.airsmile.ee\\\/wp-content\\\/uploads\\\/2019\\\/07\\\/Bos-Clean-L.jpg\",\"width\":900,\"height\":900,\"caption\":\"Alar\u00f5hu seadmed\"},{\"@type\":\"BreadcrumbList\",\"@id\":\"https:\\\/\\\/new.airsmile.ee\\\/toode\\\/bos-clean-li\\\/#breadcrumb\",\"itemListElement\":[{\"@type\":\"ListItem\",\"position\":1,\"name\":\"Home\",\"item\":\"https:\\\/\\\/new.airsmile.ee\\\/\"},{\"@type\":\"ListItem\",\"position\":2,\"name\":\"Tooted\",\"item\":\"https:\\\/\\\/new.airsmile.ee\\\/tooted\\\/\"},{\"@type\":\"ListItem\",\"position\":3,\"name\":\"Bos Clean Li\"}]},{\"@type\":\"WebSite\",\"@id\":\"https:\\\/\\\/new.airsmile.ee\\\/#website\",\"url\":\"https:\\\/\\\/new.airsmile.ee\\\/\",\"name\":\"Ventilatsiooni puhastus - AirSmile O\u00dc - 14 aastat kogemust!\",\"description\":\"Ventilatsiooni puhastus eramutes ja \u00e4rihoonetes \u00fcle Eesti!\",\"publisher\":{\"@id\":\"https:\\\/\\\/new.airsmile.ee\\\/#organization\"},\"potentialAction\":[{\"@type\":\"SearchAction\",\"target\":{\"@type\":\"EntryPoint\",\"urlTemplate\":\"https:\\\/\\\/new.airsmile.ee\\\/?s={search_term_string}\"},\"query-input\":{\"@type\":\"PropertyValueSpecification\",\"valueRequired\":true,\"valueName\":\"search_term_string\"}}],\"inLanguage\":\"en-US\"},{\"@type\":\"Organization\",\"@id\":\"https:\\\/\\\/new.airsmile.ee\\\/#organization\",\"name\":\"Airsmile O\u00dc\",\"url\":\"https:\\\/\\\/new.airsmile.ee\\\/\",\"logo\":{\"@type\":\"ImageObject\",\"inLanguage\":\"en-US\",\"@id\":\"https:\\\/\\\/new.airsmile.ee\\\/#\\\/schema\\\/logo\\\/image\\\/\",\"url\":\"https:\\\/\\\/airsmile.ee\\\/wp-content\\\/uploads\\\/2019\\\/07\\\/logo-airsmile-pdf-arvetele.png\",\"contentUrl\":\"https:\\\/\\\/airsmile.ee\\\/wp-content\\\/uploads\\\/2019\\\/07\\\/logo-airsmile-pdf-arvetele.png\",\"width\":159,\"height\":85,\"caption\":\"Airsmile O\u00dc\"},\"image\":{\"@id\":\"https:\\\/\\\/new.airsmile.ee\\\/#\\\/schema\\\/logo\\\/image\\\/\"},\"sameAs\":[\"https:\\\/\\\/www.facebook.com\\\/airsmileou\\\/\",\"https:\\\/\\\/www.youtube.com\\\/channel\\\/UC5EPyEX0O2lvQ2ijNtjwyfg\"]}]}<\/script>\n<!-- \/ Yoast SEO Premium plugin. -->","yoast_head_json":{"title":"Bos Clean Li -","robots":{"index":"index","follow":"follow","max-snippet":"max-snippet:-1","max-image-preview":"max-image-preview:large","max-video-preview":"max-video-preview:-1"},"canonical":"https:\/\/new.airsmile.ee\/en\/product\/bos-clean-li\/","og_locale":"en_US","og_type":"article","og_title":"Bos Clean Li","og_description":"Bos Clean Li on sobiv tekitamaks alar\u00f5hku keskmistele ning suurtematele aladele ja pindadele. Seade sobib ideaalselt kasutamiseks just raskesti ligip\u00e4\u00e4setavates ja kitsastes t\u00f6\u00f6tingimustes, kuid on seejuures piisavalt v\u00f5imekas tekitamaks efektiivset alar\u00f5hku ka suurtemates ruumides.  Seade on varustatud sujuvalt liikuvate kummist ratastega, minimaliseerimaks seadme liigutamise k\u00e4igus pindadele v\u00f5imalike kahjustuste teket.  Bos Clean Li seadme t\u00f6\u00f6v\u00f5imsus on reguleeritav ja seade on varustatud elektroonilise anduriga, teavitamaks kasutajat filtri seisukorrast ja annab m\u00e4rku filtri vahetusvajadusest. Seadme filtrite vahetus on t\u00e4nu kiirkinnitustele v\u00e4ga lihtne ja kiire protsess. Lisaks on v\u00f5imalik kombineerida erinevaid filtreid, n\u00e4iteks HEPA filtri eluea pikendamiseks on v\u00f5imalik paigaldada selle ette lisafiltri kamber mis suuremate osakeste HEPA filtrisse sattumise t\u00f5kestab.  &nbsp;  Tehnilised andmed leiate siit","og_url":"https:\/\/new.airsmile.ee\/en\/product\/bos-clean-li\/","og_site_name":"Ventilatsiooni puhastus - AirSmile - 14 aastat kogemust!","article_publisher":"https:\/\/www.facebook.com\/airsmileou\/","article_modified_time":"2025-05-26T11:06:29+00:00","og_image":[{"width":900,"height":900,"url":"https:\/\/new.airsmile.ee\/wp-content\/uploads\/2019\/07\/Bos-Clean-L.jpg","type":"image\/jpeg"}],"twitter_card":"summary_large_image","twitter_misc":{"Est. reading time":"1 minute"},"schema":{"@context":"https:\/\/schema.org","@graph":[{"@type":"WebPage","@id":"https:\/\/new.airsmile.ee\/toode\/bos-clean-li\/","url":"https:\/\/new.airsmile.ee\/toode\/bos-clean-li\/","name":"Bos Clean Li -","isPartOf":{"@id":"https:\/\/new.airsmile.ee\/#website"},"primaryImageOfPage":{"@id":"https:\/\/new.airsmile.ee\/toode\/bos-clean-li\/#primaryimage"},"image":{"@id":"https:\/\/new.airsmile.ee\/toode\/bos-clean-li\/#primaryimage"},"thumbnailUrl":"https:\/\/new.airsmile.ee\/wp-content\/uploads\/2019\/07\/Bos-Clean-L.jpg","datePublished":"2019-07-17T14:13:02+00:00","dateModified":"2025-05-26T11:06:29+00:00","breadcrumb":{"@id":"https:\/\/new.airsmile.ee\/toode\/bos-clean-li\/#breadcrumb"},"inLanguage":"en-US","potentialAction":[{"@type":"ReadAction","target":["https:\/\/new.airsmile.ee\/toode\/bos-clean-li\/"]}]},{"@type":"ImageObject","inLanguage":"en-US","@id":"https:\/\/new.airsmile.ee\/toode\/bos-clean-li\/#primaryimage","url":"https:\/\/new.airsmile.ee\/wp-content\/uploads\/2019\/07\/Bos-Clean-L.jpg","contentUrl":"https:\/\/new.airsmile.ee\/wp-content\/uploads\/2019\/07\/Bos-Clean-L.jpg","width":900,"height":900,"caption":"Alar\u00f5hu seadmed"},{"@type":"BreadcrumbList","@id":"https:\/\/new.airsmile.ee\/toode\/bos-clean-li\/#breadcrumb","itemListElement":[{"@type":"ListItem","position":1,"name":"Home","item":"https:\/\/new.airsmile.ee\/"},{"@type":"ListItem","position":2,"name":"Tooted","item":"https:\/\/new.airsmile.ee\/tooted\/"},{"@type":"ListItem","position":3,"name":"Bos Clean Li"}]},{"@type":"WebSite","@id":"https:\/\/new.airsmile.ee\/#website","url":"https:\/\/new.airsmile.ee\/","name":"Ventilatsiooni puhastus - AirSmile O\u00dc - 14 aastat kogemust!","description":"Ventilatsiooni puhastus eramutes ja \u00e4rihoonetes \u00fcle Eesti!","publisher":{"@id":"https:\/\/new.airsmile.ee\/#organization"},"potentialAction":[{"@type":"SearchAction","target":{"@type":"EntryPoint","urlTemplate":"https:\/\/new.airsmile.ee\/?s={search_term_string}"},"query-input":{"@type":"PropertyValueSpecification","valueRequired":true,"valueName":"search_term_string"}}],"inLanguage":"en-US"},{"@type":"Organization","@id":"https:\/\/new.airsmile.ee\/#organization","name":"Airsmile O\u00dc","url":"https:\/\/new.airsmile.ee\/","logo":{"@type":"ImageObject","inLanguage":"en-US","@id":"https:\/\/new.airsmile.ee\/#\/schema\/logo\/image\/","url":"https:\/\/airsmile.ee\/wp-content\/uploads\/2019\/07\/logo-airsmile-pdf-arvetele.png","contentUrl":"https:\/\/airsmile.ee\/wp-content\/uploads\/2019\/07\/logo-airsmile-pdf-arvetele.png","width":159,"height":85,"caption":"Airsmile O\u00dc"},"image":{"@id":"https:\/\/new.airsmile.ee\/#\/schema\/logo\/image\/"},"sameAs":["https:\/\/www.facebook.com\/airsmileou\/","https:\/\/www.youtube.com\/channel\/UC5EPyEX0O2lvQ2ijNtjwyfg"]}]}},"_links":{"self":[{"href":"https:\/\/new.airsmile.ee\/en\/wp-json\/wp\/v2\/product\/20575","targetHints":{"allow":["GET"]}}],"collection":[{"href":"https:\/\/new.airsmile.ee\/en\/wp-json\/wp\/v2\/product"}],"about":[{"href":"https:\/\/new.airsmile.ee\/en\/wp-json\/wp\/v2\/types\/product"}],"wp:featuredmedia":[{"embeddable":true,"href":"https:\/\/new.airsmile.ee\/en\/wp-json\/wp\/v2\/media\/20576"}],"wp:attachment":[{"href":"https:\/\/new.airsmile.ee\/en\/wp-json\/wp\/v2\/media?parent=20575"}],"wp:term":[{"taxonomy":"product_brand","embeddable":true,"href":"https:\/\/new.airsmile.ee\/en\/wp-json\/wp\/v2\/product_brand?post=20575"},{"taxonomy":"product_cat","embeddable":true,"href":"https:\/\/new.airsmile.ee\/en\/wp-json\/wp\/v2\/product_cat?post=20575"},{"taxonomy":"product_tag","embeddable":true,"href":"https:\/\/new.airsmile.ee\/en\/wp-json\/wp\/v2\/product_tag?post=20575"}],"curies":[{"name":"wp","href":"https:\/\/api.w.org\/{rel}","templated":true}]}}