{"id":20558,"date":"2019-07-17T16:49:56","date_gmt":"2019-07-17T13:49:56","guid":{"rendered":"https:\/\/airsmile.veebispetsid.com\/?post_type=product&#038;p=20558"},"modified":"2025-05-26T14:26:01","modified_gmt":"2025-05-26T11:26:01","slug":"bos-cleaner-750e","status":"publish","type":"product","link":"https:\/\/new.airsmile.ee\/en\/product\/bos-cleaner-750e\/","title":{"rendered":"Bos Cleaner 750e"},"content":{"rendered":"","protected":false},"excerpt":{"rendered":"<h5>Technical specifications:<\/h5>\n<p><strong>Voltage<\/strong> &#8211; 240 V<br \/>\n<strong>Frequency<\/strong> -50Hz<br \/>\n<strong>Motor power<\/strong> &#8211; 0.55 kW \/ 3.1 A<br \/>\n<strong>Protection<\/strong> \u2013 10 A<br \/>\n<strong>Rotation speed<\/strong> 50-560 rpm (Adjustable)<br \/>\n<strong>Power cable, rubber cable<\/strong> 5m (3G 3*1,5mm\u00b2)<br \/>\n<strong>Controller<\/strong> \u2013 Electronic foot pedal (left\/right)<br \/>\n<strong>Dimensions (height*width*length)<\/strong> &#8211; 1200*500*1060<br \/>\n<strong>Weight<\/strong> &#8211; 76 kg<br \/>\n<strong>Wheel diameter<\/strong> &#8211; \u00d8 200 mm<br \/>\n<strong>Maximum brush diameter<\/strong> &#8211; \u00d8 700 mm<br \/>\n<strong>Brush cable length<\/strong> &#8211; 27 m<br \/>\n<strong>Frame material<\/strong> \u2013 Painted steel and aluminum<\/p>\n<p>This device is suitable for \u00d8 315\u2013630 mm ducts.<\/p>","protected":false},"featured_media":20561,"template":"","meta":{"om_disable_all_campaigns":false,"_monsterinsights_skip_tracking":false,"_monsterinsights_sitenote_active":false,"_monsterinsights_sitenote_note":"","_monsterinsights_sitenote_category":0,"_uf_show_specific_survey":0,"_uf_disable_surveys":false,"_kad_post_transparent":"","_kad_post_title":"","_kad_post_layout":"","_kad_post_sidebar_id":"","_kad_post_content_style":"","_kad_post_vertical_padding":"","_kad_post_feature":"","_kad_post_feature_position":"","_kad_post_header":false,"_kad_post_footer":false,"_kad_post_classname":""},"product_brand":[],"product_cat":[439],"product_tag":[463],"class_list":{"0":"post-20558","1":"product","2":"type-product","3":"status-publish","4":"has-post-thumbnail","6":"product_cat-ventilatsioonipuhastus-seadmed","7":"product_tag-ventilatsiooni-puhastus","8":"product_shipping_class-ainult-kuller","10":"first","11":"instock","12":"taxable","13":"shipping-taxable","14":"purchasable","15":"product-type-simple","16":"entry","17":"content-bg","18":"loop-entry"},"yoast_head":"<!-- This site is optimized with the Yoast SEO Premium plugin v26.2 (Yoast SEO v27.4) - https:\/\/yoast.com\/product\/yoast-seo-premium-wordpress\/ -->\n<title>Bos Cleaner 750e -<\/title>\n<meta name=\"robots\" content=\"index, follow, max-snippet:-1, max-image-preview:large, max-video-preview:-1\" \/>\n<link rel=\"canonical\" href=\"https:\/\/new.airsmile.ee\/en\/product\/bos-cleaner-750e\/\" \/>\n<meta property=\"og:locale\" content=\"en_US\" \/>\n<meta property=\"og:type\" content=\"article\" \/>\n<meta property=\"og:title\" content=\"Bos Cleaner 750e\" \/>\n<meta property=\"og:description\" content=\"Tehnilised andmed: T\u00f6\u00f6pinge - 240 V T\u00f6\u00f6sagedus -50Hz Mootori v\u00f5imsus - 0.55 kW \/ 3.1 A Kaitse \u2013 10 A P\u00f6\u00f6rete kiirus 50-560 rpm (Reguleeritav) Toitejuhe, kummist kaabel 5m (3G 3*1,5mm\u00b2) Kontroller - elektrooniline jalgpedaal (vasakule\/paremale) M\u00f5\u00f5dud (k\u00f5rgus*laius*pikkus)mm - 1200*500*1060 Kaal - 76 kg Rataste l\u00e4bim\u00f5\u00f5t - \u00d8 200 mm Maksimaalne harja l\u00e4bim\u00f5\u00f5t - \u00d8 700 mm Trossi pikkus - 27 m Raami materjal - V\u00e4rvitud teras ja allumiinium  Antud seade sobib ideaalselt \u00fcmarate (-700mm) ja ka suurtemate neljakandiliste torustike puhastamiseks.\" \/>\n<meta property=\"og:url\" content=\"https:\/\/new.airsmile.ee\/en\/product\/bos-cleaner-750e\/\" \/>\n<meta property=\"og:site_name\" content=\"Ventilatsiooni puhastus - AirSmile - 14 aastat kogemust!\" \/>\n<meta property=\"article:publisher\" content=\"https:\/\/www.facebook.com\/airsmileou\/\" \/>\n<meta property=\"article:modified_time\" content=\"2025-05-26T11:26:01+00:00\" \/>\n<meta property=\"og:image\" content=\"https:\/\/new.airsmile.ee\/wp-content\/uploads\/2019\/07\/Bos-Cleaner-750e.jpg\" \/>\n\t<meta property=\"og:image:width\" content=\"700\" \/>\n\t<meta property=\"og:image:height\" content=\"1001\" \/>\n\t<meta property=\"og:image:type\" content=\"image\/jpeg\" \/>\n<meta name=\"twitter:card\" content=\"summary_large_image\" \/>\n<meta name=\"twitter:label1\" content=\"Est. reading time\" \/>\n\t<meta name=\"twitter:data1\" content=\"1 minute\" \/>\n<script type=\"application\/ld+json\" class=\"yoast-schema-graph\">{\"@context\":\"https:\\\/\\\/schema.org\",\"@graph\":[{\"@type\":\"WebPage\",\"@id\":\"https:\\\/\\\/new.airsmile.ee\\\/toode\\\/bos-cleaner-750e\\\/\",\"url\":\"https:\\\/\\\/new.airsmile.ee\\\/toode\\\/bos-cleaner-750e\\\/\",\"name\":\"Bos Cleaner 750e -\",\"isPartOf\":{\"@id\":\"https:\\\/\\\/new.airsmile.ee\\\/#website\"},\"primaryImageOfPage\":{\"@id\":\"https:\\\/\\\/new.airsmile.ee\\\/toode\\\/bos-cleaner-750e\\\/#primaryimage\"},\"image\":{\"@id\":\"https:\\\/\\\/new.airsmile.ee\\\/toode\\\/bos-cleaner-750e\\\/#primaryimage\"},\"thumbnailUrl\":\"https:\\\/\\\/new.airsmile.ee\\\/wp-content\\\/uploads\\\/2019\\\/07\\\/Bos-Cleaner-750e.jpg\",\"datePublished\":\"2019-07-17T13:49:56+00:00\",\"dateModified\":\"2025-05-26T11:26:01+00:00\",\"breadcrumb\":{\"@id\":\"https:\\\/\\\/new.airsmile.ee\\\/toode\\\/bos-cleaner-750e\\\/#breadcrumb\"},\"inLanguage\":\"en-US\",\"potentialAction\":[{\"@type\":\"ReadAction\",\"target\":[\"https:\\\/\\\/new.airsmile.ee\\\/toode\\\/bos-cleaner-750e\\\/\"]}]},{\"@type\":\"ImageObject\",\"inLanguage\":\"en-US\",\"@id\":\"https:\\\/\\\/new.airsmile.ee\\\/toode\\\/bos-cleaner-750e\\\/#primaryimage\",\"url\":\"https:\\\/\\\/new.airsmile.ee\\\/wp-content\\\/uploads\\\/2019\\\/07\\\/Bos-Cleaner-750e.jpg\",\"contentUrl\":\"https:\\\/\\\/new.airsmile.ee\\\/wp-content\\\/uploads\\\/2019\\\/07\\\/Bos-Cleaner-750e.jpg\",\"width\":700,\"height\":1001,\"caption\":\"Alar\u00f5hu seadmed\"},{\"@type\":\"BreadcrumbList\",\"@id\":\"https:\\\/\\\/new.airsmile.ee\\\/toode\\\/bos-cleaner-750e\\\/#breadcrumb\",\"itemListElement\":[{\"@type\":\"ListItem\",\"position\":1,\"name\":\"Home\",\"item\":\"https:\\\/\\\/new.airsmile.ee\\\/\"},{\"@type\":\"ListItem\",\"position\":2,\"name\":\"Tooted\",\"item\":\"https:\\\/\\\/new.airsmile.ee\\\/tooted\\\/\"},{\"@type\":\"ListItem\",\"position\":3,\"name\":\"Bos Cleaner 750e\"}]},{\"@type\":\"WebSite\",\"@id\":\"https:\\\/\\\/new.airsmile.ee\\\/#website\",\"url\":\"https:\\\/\\\/new.airsmile.ee\\\/\",\"name\":\"Ventilatsiooni puhastus - AirSmile O\u00dc - 14 aastat kogemust!\",\"description\":\"Ventilatsiooni puhastus eramutes ja \u00e4rihoonetes \u00fcle Eesti!\",\"publisher\":{\"@id\":\"https:\\\/\\\/new.airsmile.ee\\\/#organization\"},\"potentialAction\":[{\"@type\":\"SearchAction\",\"target\":{\"@type\":\"EntryPoint\",\"urlTemplate\":\"https:\\\/\\\/new.airsmile.ee\\\/?s={search_term_string}\"},\"query-input\":{\"@type\":\"PropertyValueSpecification\",\"valueRequired\":true,\"valueName\":\"search_term_string\"}}],\"inLanguage\":\"en-US\"},{\"@type\":\"Organization\",\"@id\":\"https:\\\/\\\/new.airsmile.ee\\\/#organization\",\"name\":\"Airsmile O\u00dc\",\"url\":\"https:\\\/\\\/new.airsmile.ee\\\/\",\"logo\":{\"@type\":\"ImageObject\",\"inLanguage\":\"en-US\",\"@id\":\"https:\\\/\\\/new.airsmile.ee\\\/#\\\/schema\\\/logo\\\/image\\\/\",\"url\":\"https:\\\/\\\/airsmile.ee\\\/wp-content\\\/uploads\\\/2019\\\/07\\\/logo-airsmile-pdf-arvetele.png\",\"contentUrl\":\"https:\\\/\\\/airsmile.ee\\\/wp-content\\\/uploads\\\/2019\\\/07\\\/logo-airsmile-pdf-arvetele.png\",\"width\":159,\"height\":85,\"caption\":\"Airsmile O\u00dc\"},\"image\":{\"@id\":\"https:\\\/\\\/new.airsmile.ee\\\/#\\\/schema\\\/logo\\\/image\\\/\"},\"sameAs\":[\"https:\\\/\\\/www.facebook.com\\\/airsmileou\\\/\",\"https:\\\/\\\/www.youtube.com\\\/channel\\\/UC5EPyEX0O2lvQ2ijNtjwyfg\"]}]}<\/script>\n<!-- \/ Yoast SEO Premium plugin. -->","yoast_head_json":{"title":"Bos Cleaner 750e -","robots":{"index":"index","follow":"follow","max-snippet":"max-snippet:-1","max-image-preview":"max-image-preview:large","max-video-preview":"max-video-preview:-1"},"canonical":"https:\/\/new.airsmile.ee\/en\/product\/bos-cleaner-750e\/","og_locale":"en_US","og_type":"article","og_title":"Bos Cleaner 750e","og_description":"Tehnilised andmed: T\u00f6\u00f6pinge - 240 V T\u00f6\u00f6sagedus -50Hz Mootori v\u00f5imsus - 0.55 kW \/ 3.1 A Kaitse \u2013 10 A P\u00f6\u00f6rete kiirus 50-560 rpm (Reguleeritav) Toitejuhe, kummist kaabel 5m (3G 3*1,5mm\u00b2) Kontroller - elektrooniline jalgpedaal (vasakule\/paremale) M\u00f5\u00f5dud (k\u00f5rgus*laius*pikkus)mm - 1200*500*1060 Kaal - 76 kg Rataste l\u00e4bim\u00f5\u00f5t - \u00d8 200 mm Maksimaalne harja l\u00e4bim\u00f5\u00f5t - \u00d8 700 mm Trossi pikkus - 27 m Raami materjal - V\u00e4rvitud teras ja allumiinium  Antud seade sobib ideaalselt \u00fcmarate (-700mm) ja ka suurtemate neljakandiliste torustike puhastamiseks.","og_url":"https:\/\/new.airsmile.ee\/en\/product\/bos-cleaner-750e\/","og_site_name":"Ventilatsiooni puhastus - AirSmile - 14 aastat kogemust!","article_publisher":"https:\/\/www.facebook.com\/airsmileou\/","article_modified_time":"2025-05-26T11:26:01+00:00","og_image":[{"width":700,"height":1001,"url":"https:\/\/new.airsmile.ee\/wp-content\/uploads\/2019\/07\/Bos-Cleaner-750e.jpg","type":"image\/jpeg"}],"twitter_card":"summary_large_image","twitter_misc":{"Est. reading time":"1 minute"},"schema":{"@context":"https:\/\/schema.org","@graph":[{"@type":"WebPage","@id":"https:\/\/new.airsmile.ee\/toode\/bos-cleaner-750e\/","url":"https:\/\/new.airsmile.ee\/toode\/bos-cleaner-750e\/","name":"Bos Cleaner 750e -","isPartOf":{"@id":"https:\/\/new.airsmile.ee\/#website"},"primaryImageOfPage":{"@id":"https:\/\/new.airsmile.ee\/toode\/bos-cleaner-750e\/#primaryimage"},"image":{"@id":"https:\/\/new.airsmile.ee\/toode\/bos-cleaner-750e\/#primaryimage"},"thumbnailUrl":"https:\/\/new.airsmile.ee\/wp-content\/uploads\/2019\/07\/Bos-Cleaner-750e.jpg","datePublished":"2019-07-17T13:49:56+00:00","dateModified":"2025-05-26T11:26:01+00:00","breadcrumb":{"@id":"https:\/\/new.airsmile.ee\/toode\/bos-cleaner-750e\/#breadcrumb"},"inLanguage":"en-US","potentialAction":[{"@type":"ReadAction","target":["https:\/\/new.airsmile.ee\/toode\/bos-cleaner-750e\/"]}]},{"@type":"ImageObject","inLanguage":"en-US","@id":"https:\/\/new.airsmile.ee\/toode\/bos-cleaner-750e\/#primaryimage","url":"https:\/\/new.airsmile.ee\/wp-content\/uploads\/2019\/07\/Bos-Cleaner-750e.jpg","contentUrl":"https:\/\/new.airsmile.ee\/wp-content\/uploads\/2019\/07\/Bos-Cleaner-750e.jpg","width":700,"height":1001,"caption":"Alar\u00f5hu seadmed"},{"@type":"BreadcrumbList","@id":"https:\/\/new.airsmile.ee\/toode\/bos-cleaner-750e\/#breadcrumb","itemListElement":[{"@type":"ListItem","position":1,"name":"Home","item":"https:\/\/new.airsmile.ee\/"},{"@type":"ListItem","position":2,"name":"Tooted","item":"https:\/\/new.airsmile.ee\/tooted\/"},{"@type":"ListItem","position":3,"name":"Bos Cleaner 750e"}]},{"@type":"WebSite","@id":"https:\/\/new.airsmile.ee\/#website","url":"https:\/\/new.airsmile.ee\/","name":"Ventilatsiooni puhastus - AirSmile O\u00dc - 14 aastat kogemust!","description":"Ventilatsiooni puhastus eramutes ja \u00e4rihoonetes \u00fcle Eesti!","publisher":{"@id":"https:\/\/new.airsmile.ee\/#organization"},"potentialAction":[{"@type":"SearchAction","target":{"@type":"EntryPoint","urlTemplate":"https:\/\/new.airsmile.ee\/?s={search_term_string}"},"query-input":{"@type":"PropertyValueSpecification","valueRequired":true,"valueName":"search_term_string"}}],"inLanguage":"en-US"},{"@type":"Organization","@id":"https:\/\/new.airsmile.ee\/#organization","name":"Airsmile O\u00dc","url":"https:\/\/new.airsmile.ee\/","logo":{"@type":"ImageObject","inLanguage":"en-US","@id":"https:\/\/new.airsmile.ee\/#\/schema\/logo\/image\/","url":"https:\/\/airsmile.ee\/wp-content\/uploads\/2019\/07\/logo-airsmile-pdf-arvetele.png","contentUrl":"https:\/\/airsmile.ee\/wp-content\/uploads\/2019\/07\/logo-airsmile-pdf-arvetele.png","width":159,"height":85,"caption":"Airsmile O\u00dc"},"image":{"@id":"https:\/\/new.airsmile.ee\/#\/schema\/logo\/image\/"},"sameAs":["https:\/\/www.facebook.com\/airsmileou\/","https:\/\/www.youtube.com\/channel\/UC5EPyEX0O2lvQ2ijNtjwyfg"]}]}},"_links":{"self":[{"href":"https:\/\/new.airsmile.ee\/en\/wp-json\/wp\/v2\/product\/20558","targetHints":{"allow":["GET"]}}],"collection":[{"href":"https:\/\/new.airsmile.ee\/en\/wp-json\/wp\/v2\/product"}],"about":[{"href":"https:\/\/new.airsmile.ee\/en\/wp-json\/wp\/v2\/types\/product"}],"wp:featuredmedia":[{"embeddable":true,"href":"https:\/\/new.airsmile.ee\/en\/wp-json\/wp\/v2\/media\/20561"}],"wp:attachment":[{"href":"https:\/\/new.airsmile.ee\/en\/wp-json\/wp\/v2\/media?parent=20558"}],"wp:term":[{"taxonomy":"product_brand","embeddable":true,"href":"https:\/\/new.airsmile.ee\/en\/wp-json\/wp\/v2\/product_brand?post=20558"},{"taxonomy":"product_cat","embeddable":true,"href":"https:\/\/new.airsmile.ee\/en\/wp-json\/wp\/v2\/product_cat?post=20558"},{"taxonomy":"product_tag","embeddable":true,"href":"https:\/\/new.airsmile.ee\/en\/wp-json\/wp\/v2\/product_tag?post=20558"}],"curies":[{"name":"wp","href":"https:\/\/api.w.org\/{rel}","templated":true}]}}