{"id":6,"date":"2022-01-13T15:58:42","date_gmt":"2022-01-13T15:58:42","guid":{"rendered":"https:\/\/startertemplatecloud.com\/31\/cart\/"},"modified":"2022-01-13T15:58:42","modified_gmt":"2022-01-13T15:58:42","slug":"cart","status":"publish","type":"page","link":"https:\/\/new.airsmile.ee\/en\/cart\/","title":{"rendered":"Cart"},"content":{"rendered":"","protected":false},"excerpt":{"rendered":"","protected":false},"author":4,"featured_media":0,"parent":0,"menu_order":0,"comment_status":"closed","ping_status":"closed","template":"","meta":{"om_disable_all_campaigns":false,"_monsterinsights_skip_tracking":false,"_monsterinsights_sitenote_active":false,"_monsterinsights_sitenote_note":"","_monsterinsights_sitenote_category":0,"_uf_show_specific_survey":0,"_uf_disable_surveys":false,"_kad_post_transparent":"","_kad_post_title":"","_kad_post_layout":"","_kad_post_sidebar_id":"","_kad_post_content_style":"","_kad_post_vertical_padding":"","_kad_post_feature":"","_kad_post_feature_position":"","_kad_post_header":false,"_kad_post_footer":false,"_kad_post_classname":"","footnotes":""},"class_list":["post-6","page","type-page","status-publish","hentry"],"yoast_head":"<!-- This site is optimized with the Yoast SEO Premium plugin v26.2 (Yoast SEO v27.4) - https:\/\/yoast.com\/product\/yoast-seo-premium-wordpress\/ -->\n<title>Cart - Ventilatsiooni puhastus - AirSmile - 14 aastat kogemust!<\/title>\n<meta name=\"description\" content=\"AirSmile O\u00dc - Pakume kvaliteetset ventilatsioonis\u00fcsteemide hooldus- ja puhastusteenust juba 14 aastat! Usaldage Ventilatsiooni Puhastus professionaalide hoolde\" \/>\n<meta name=\"robots\" content=\"index, follow, max-snippet:-1, max-image-preview:large, max-video-preview:-1\" \/>\n<link rel=\"canonical\" href=\"https:\/\/new.airsmile.ee\/en\/cart\/\" \/>\n<meta property=\"og:locale\" content=\"en_US\" \/>\n<meta property=\"og:type\" content=\"article\" \/>\n<meta property=\"og:title\" content=\"Cart\" \/>\n<meta property=\"og:url\" content=\"https:\/\/new.airsmile.ee\/en\/cart\/\" \/>\n<meta property=\"og:site_name\" content=\"Ventilatsiooni puhastus - AirSmile - 14 aastat kogemust!\" \/>\n<meta property=\"article:publisher\" content=\"https:\/\/www.facebook.com\/airsmileou\/\" \/>\n<meta property=\"og:image\" content=\"https:\/\/new.airsmile.ee\/wp-content\/uploads\/2024\/01\/airsmile-logo.png\" \/>\n\t<meta property=\"og:image:width\" content=\"226\" \/>\n\t<meta property=\"og:image:height\" content=\"80\" \/>\n\t<meta property=\"og:image:type\" content=\"image\/png\" \/>\n<meta name=\"twitter:card\" content=\"summary_large_image\" \/>\n<script type=\"application\/ld+json\" class=\"yoast-schema-graph\">{\"@context\":\"https:\\\/\\\/schema.org\",\"@graph\":[{\"@type\":\"WebPage\",\"@id\":\"https:\\\/\\\/new.airsmile.ee\\\/cart\\\/\",\"url\":\"https:\\\/\\\/new.airsmile.ee\\\/cart\\\/\",\"name\":\"Cart - Ventilatsiooni puhastus - AirSmile - 14 aastat kogemust!\",\"isPartOf\":{\"@id\":\"https:\\\/\\\/new.airsmile.ee\\\/#website\"},\"datePublished\":\"2022-01-13T15:58:42+00:00\",\"description\":\"AirSmile O\u00dc - Pakume kvaliteetset ventilatsioonis\u00fcsteemide hooldus- ja puhastusteenust juba 14 aastat! Usaldage Ventilatsiooni Puhastus professionaalide hoolde\",\"breadcrumb\":{\"@id\":\"https:\\\/\\\/new.airsmile.ee\\\/cart\\\/#breadcrumb\"},\"inLanguage\":\"en-US\",\"potentialAction\":[{\"@type\":\"ReadAction\",\"target\":[\"https:\\\/\\\/new.airsmile.ee\\\/cart\\\/\"]}]},{\"@type\":\"BreadcrumbList\",\"@id\":\"https:\\\/\\\/new.airsmile.ee\\\/cart\\\/#breadcrumb\",\"itemListElement\":[{\"@type\":\"ListItem\",\"position\":1,\"name\":\"Home\",\"item\":\"https:\\\/\\\/new.airsmile.ee\\\/\"},{\"@type\":\"ListItem\",\"position\":2,\"name\":\"Cart\"}]},{\"@type\":\"WebSite\",\"@id\":\"https:\\\/\\\/new.airsmile.ee\\\/#website\",\"url\":\"https:\\\/\\\/new.airsmile.ee\\\/\",\"name\":\"Ventilatsiooni puhastus - AirSmile O\u00dc - 14 aastat kogemust!\",\"description\":\"Ventilatsiooni puhastus eramutes ja \u00e4rihoonetes \u00fcle Eesti!\",\"publisher\":{\"@id\":\"https:\\\/\\\/new.airsmile.ee\\\/#organization\"},\"potentialAction\":[{\"@type\":\"SearchAction\",\"target\":{\"@type\":\"EntryPoint\",\"urlTemplate\":\"https:\\\/\\\/new.airsmile.ee\\\/?s={search_term_string}\"},\"query-input\":{\"@type\":\"PropertyValueSpecification\",\"valueRequired\":true,\"valueName\":\"search_term_string\"}}],\"inLanguage\":\"en-US\"},{\"@type\":\"Organization\",\"@id\":\"https:\\\/\\\/new.airsmile.ee\\\/#organization\",\"name\":\"Airsmile O\u00dc\",\"url\":\"https:\\\/\\\/new.airsmile.ee\\\/\",\"logo\":{\"@type\":\"ImageObject\",\"inLanguage\":\"en-US\",\"@id\":\"https:\\\/\\\/new.airsmile.ee\\\/#\\\/schema\\\/logo\\\/image\\\/\",\"url\":\"https:\\\/\\\/airsmile.ee\\\/wp-content\\\/uploads\\\/2019\\\/07\\\/logo-airsmile-pdf-arvetele.png\",\"contentUrl\":\"https:\\\/\\\/airsmile.ee\\\/wp-content\\\/uploads\\\/2019\\\/07\\\/logo-airsmile-pdf-arvetele.png\",\"width\":159,\"height\":85,\"caption\":\"Airsmile O\u00dc\"},\"image\":{\"@id\":\"https:\\\/\\\/new.airsmile.ee\\\/#\\\/schema\\\/logo\\\/image\\\/\"},\"sameAs\":[\"https:\\\/\\\/www.facebook.com\\\/airsmileou\\\/\",\"https:\\\/\\\/www.youtube.com\\\/channel\\\/UC5EPyEX0O2lvQ2ijNtjwyfg\"]}]}<\/script>\n<!-- \/ Yoast SEO Premium plugin. -->","yoast_head_json":{"title":"Cart - Ventilatsiooni puhastus - AirSmile - 14 aastat kogemust!","description":"AirSmile O\u00dc - Pakume kvaliteetset ventilatsioonis\u00fcsteemide hooldus- ja puhastusteenust juba 14 aastat! Usaldage Ventilatsiooni Puhastus professionaalide hoolde","robots":{"index":"index","follow":"follow","max-snippet":"max-snippet:-1","max-image-preview":"max-image-preview:large","max-video-preview":"max-video-preview:-1"},"canonical":"https:\/\/new.airsmile.ee\/en\/cart\/","og_locale":"en_US","og_type":"article","og_title":"Cart","og_url":"https:\/\/new.airsmile.ee\/en\/cart\/","og_site_name":"Ventilatsiooni puhastus - AirSmile - 14 aastat kogemust!","article_publisher":"https:\/\/www.facebook.com\/airsmileou\/","og_image":[{"width":226,"height":80,"url":"https:\/\/new.airsmile.ee\/wp-content\/uploads\/2024\/01\/airsmile-logo.png","type":"image\/png"}],"twitter_card":"summary_large_image","schema":{"@context":"https:\/\/schema.org","@graph":[{"@type":"WebPage","@id":"https:\/\/new.airsmile.ee\/cart\/","url":"https:\/\/new.airsmile.ee\/cart\/","name":"Cart - Ventilatsiooni puhastus - AirSmile - 14 aastat kogemust!","isPartOf":{"@id":"https:\/\/new.airsmile.ee\/#website"},"datePublished":"2022-01-13T15:58:42+00:00","description":"AirSmile O\u00dc - Pakume kvaliteetset ventilatsioonis\u00fcsteemide hooldus- ja puhastusteenust juba 14 aastat! Usaldage Ventilatsiooni Puhastus professionaalide hoolde","breadcrumb":{"@id":"https:\/\/new.airsmile.ee\/cart\/#breadcrumb"},"inLanguage":"en-US","potentialAction":[{"@type":"ReadAction","target":["https:\/\/new.airsmile.ee\/cart\/"]}]},{"@type":"BreadcrumbList","@id":"https:\/\/new.airsmile.ee\/cart\/#breadcrumb","itemListElement":[{"@type":"ListItem","position":1,"name":"Home","item":"https:\/\/new.airsmile.ee\/"},{"@type":"ListItem","position":2,"name":"Cart"}]},{"@type":"WebSite","@id":"https:\/\/new.airsmile.ee\/#website","url":"https:\/\/new.airsmile.ee\/","name":"Ventilatsiooni puhastus - AirSmile O\u00dc - 14 aastat kogemust!","description":"Ventilatsiooni puhastus eramutes ja \u00e4rihoonetes \u00fcle Eesti!","publisher":{"@id":"https:\/\/new.airsmile.ee\/#organization"},"potentialAction":[{"@type":"SearchAction","target":{"@type":"EntryPoint","urlTemplate":"https:\/\/new.airsmile.ee\/?s={search_term_string}"},"query-input":{"@type":"PropertyValueSpecification","valueRequired":true,"valueName":"search_term_string"}}],"inLanguage":"en-US"},{"@type":"Organization","@id":"https:\/\/new.airsmile.ee\/#organization","name":"Airsmile O\u00dc","url":"https:\/\/new.airsmile.ee\/","logo":{"@type":"ImageObject","inLanguage":"en-US","@id":"https:\/\/new.airsmile.ee\/#\/schema\/logo\/image\/","url":"https:\/\/airsmile.ee\/wp-content\/uploads\/2019\/07\/logo-airsmile-pdf-arvetele.png","contentUrl":"https:\/\/airsmile.ee\/wp-content\/uploads\/2019\/07\/logo-airsmile-pdf-arvetele.png","width":159,"height":85,"caption":"Airsmile O\u00dc"},"image":{"@id":"https:\/\/new.airsmile.ee\/#\/schema\/logo\/image\/"},"sameAs":["https:\/\/www.facebook.com\/airsmileou\/","https:\/\/www.youtube.com\/channel\/UC5EPyEX0O2lvQ2ijNtjwyfg"]}]}},"_links":{"self":[{"href":"https:\/\/new.airsmile.ee\/en\/wp-json\/wp\/v2\/pages\/6","targetHints":{"allow":["GET"]}}],"collection":[{"href":"https:\/\/new.airsmile.ee\/en\/wp-json\/wp\/v2\/pages"}],"about":[{"href":"https:\/\/new.airsmile.ee\/en\/wp-json\/wp\/v2\/types\/page"}],"author":[{"embeddable":true,"href":"https:\/\/new.airsmile.ee\/en\/wp-json\/wp\/v2\/users\/4"}],"replies":[{"embeddable":true,"href":"https:\/\/new.airsmile.ee\/en\/wp-json\/wp\/v2\/comments?post=6"}],"version-history":[{"count":0,"href":"https:\/\/new.airsmile.ee\/en\/wp-json\/wp\/v2\/pages\/6\/revisions"}],"wp:attachment":[{"href":"https:\/\/new.airsmile.ee\/en\/wp-json\/wp\/v2\/media?parent=6"}],"curies":[{"name":"wp","href":"https:\/\/api.w.org\/{rel}","templated":true}]}}