{"id":20750,"date":"2019-10-30T14:27:57","date_gmt":"2019-10-30T12:27:57","guid":{"rendered":"https:\/\/airsmile.veebispetsid.com\/?page_id=20750"},"modified":"2019-10-30T14:27:57","modified_gmt":"2019-10-30T12:27:57","slug":"alarohu-seadmed","status":"publish","type":"page","link":"https:\/\/new.airsmile.ee\/en\/alarohu-seadmed\/","title":{"rendered":"Negative pressure machines"},"content":{"rendered":"<p>[fusion_builder_container hundred_percent=&#8221;no&#8221; equal_height_columns=&#8221;no&#8221; menu_anchor=&#8221;&#8221; hide_on_mobile=&#8221;small-visibility,medium-visibility,large-visibility&#8221; class=&#8221;&#8221; id=&#8221;&#8221; background_color=&#8221;&#8221; background_image=&#8221;&#8221; background_position=&#8221;center center&#8221; background_repeat=&#8221;no-repeat&#8221; fade=&#8221;no&#8221; background_parallax=&#8221;none&#8221; parallax_speed=&#8221;0.3&#8243; video_mp4=&#8221;&#8221; video_webm=&#8221;&#8221; video_ogv=&#8221;&#8221; video_url=&#8221;&#8221; video_aspect_ratio=&#8221;16:9&#8243; video_loop=&#8221;yes&#8221; video_mute=&#8221;yes&#8221; overlay_color=&#8221;&#8221; video_preview_image=&#8221;&#8221; border_size=&#8221;&#8221; border_color=&#8221;&#8221; border_style=&#8221;solid&#8221; padding_top=&#8221;&#8221; padding_bottom=&#8221;&#8221; padding_left=&#8221;&#8221; padding_right=&#8221;&#8221;][fusion_builder_row][fusion_builder_column type=&#8221;1_1&#8243; spacing=&#8221;&#8221; center_content=&#8221;no&#8221; link=&#8221;&#8221; target=&#8221;_self&#8221; min_height=&#8221;&#8221; hide_on_mobile=&#8221;small-visibility,medium-visibility,large-visibility&#8221; class=&#8221;&#8221; id=&#8221;&#8221; hover_type=&#8221;none&#8221; border_size=&#8221;0&#8243; border_color=&#8221;&#8221; border_style=&#8221;solid&#8221; border_position=&#8221;all&#8221; border_radius=&#8221;&#8221; box_shadow=&#8221;no&#8221; dimension_box_shadow=&#8221;&#8221; box_shadow_blur=&#8221;0&#8243; box_shadow_spread=&#8221;0&#8243; box_shadow_color=&#8221;&#8221; box_shadow_style=&#8221;&#8221; padding_top=&#8221;&#8221; padding_right=&#8221;&#8221; padding_bottom=&#8221;&#8221; padding_left=&#8221;&#8221; margin_top=&#8221;&#8221; margin_bottom=&#8221;&#8221; background_type=&#8221;single&#8221; gradient_start_color=&#8221;&#8221; gradient_end_color=&#8221;&#8221; gradient_start_position=&#8221;0&#8243; gradient_end_position=&#8221;100&#8243; gradient_type=&#8221;linear&#8221; radial_direction=&#8221;center&#8221; linear_angle=&#8221;180&#8243; background_color=&#8221;&#8221; background_image=&#8221;&#8221; background_image_id=&#8221;&#8221; background_position=&#8221;left top&#8221; background_repeat=&#8221;no-repeat&#8221; background_blend_mode=&#8221;none&#8221; animation_type=&#8221;&#8221; animation_direction=&#8221;left&#8221; animation_speed=&#8221;0.3&#8243; animation_offset=&#8221;&#8221; filter_type=&#8221;regular&#8221; filter_hue=&#8221;0&#8243; filter_saturation=&#8221;100&#8243; filter_brightness=&#8221;100&#8243; filter_contrast=&#8221;100&#8243; filter_invert=&#8221;0&#8243; filter_sepia=&#8221;0&#8243; filter_opacity=&#8221;100&#8243; filter_blur=&#8221;0&#8243; filter_hue_hover=&#8221;0&#8243; filter_saturation_hover=&#8221;100&#8243; filter_brightness_hover=&#8221;100&#8243; filter_contrast_hover=&#8221;100&#8243; filter_invert_hover=&#8221;0&#8243; filter_sepia_hover=&#8221;0&#8243; filter_opacity_hover=&#8221;100&#8243; filter_blur_hover=&#8221;0&#8243; last=&#8221;no&#8221;][fusion_code]W3Byb2R1Y3RzIGNvbHVtbnM9MyBjYXRlZ29yeT0nYWxhcm9odS1zZWFkbWVkJ10=[\/fusion_code][\/fusion_builder_column][fusion_builder_column type=&#8221;1_1&#8243; layout=&#8221;1_1&#8243; background_position=&#8221;left top&#8221; background_color=&#8221;&#8221; border_size=&#8221;&#8221; border_color=&#8221;&#8221; border_style=&#8221;solid&#8221; border_position=&#8221;all&#8221; spacing=&#8221;yes&#8221; background_image=&#8221;&#8221; background_repeat=&#8221;no-repeat&#8221; padding_top=&#8221;&#8221; padding_right=&#8221;&#8221; padding_bottom=&#8221;&#8221; padding_left=&#8221;&#8221; margin_top=&#8221;0px&#8221; margin_bottom=&#8221;0px&#8221; class=&#8221;&#8221; id=&#8221;&#8221; animation_type=&#8221;&#8221; animation_speed=&#8221;0.3&#8243; animation_direction=&#8221;left&#8221; hide_on_mobile=&#8221;small-visibility,medium-visibility,large-visibility&#8221; center_content=&#8221;no&#8221; last=&#8221;no&#8221; min_height=&#8221;&#8221; hover_type=&#8221;none&#8221; link=&#8221;&#8221;][fusion_text]<\/p>\n<h2>Bos Cleantec alar\u00f5hu seadmed<\/h2>\n<p>BOS Clean seeria alar\u00f5hu seadmed on spetsiaalselt disainitud ja v\u00e4lja arendatud tagamaks parima \u00f5hukvaliteedi ja \u00f5hupuhtuse taseme.<br \/>\nBos Cleantec alar\u00f5huseadmed on asendamatud just ehitusalastel t\u00f6\u00f6del, mille k\u00e4igus on vajadus tagada, et t\u00f6\u00f6 k\u00e4igus tekkiv tolm ei satuks soovimatutesse kohtadesse.<\/p>\n<p>Bos Cleantec alar\u00f5hu seadmete \u00f5hu filtreerimise t\u00f5husus on laboratoorselt testitud ja vastab k\u00f5ikidele EU poolt s\u00e4testatud tingimustele ja n\u00f5uetele.<\/p>\n<p>Lisaks v\u00f5imaldavad Bos alar\u00f5huseadmed koos HEPA 14 filtritega teostada asbesti n\u00f5uetekohaseid eemaldust\u00f6id ka k\u00f5ige v\u00e4ljakutsuvamates tingimustes.<\/p>\n<h2>Tehnilised andmed<\/h2>\n<table id=\"alarohu-seadmed\" width=\"\">\n<tbody>\n<tr>\n<td width=\"233\"><\/td>\n<td class=\"seade\" width=\"135\"><strong>Bos Clean M<\/strong><\/td>\n<td class=\"seade\" width=\"151\"><strong>Bos Clean Li<\/strong><\/td>\n<td class=\"seade\" width=\"151\"><strong>Bos Clean Xli<\/strong><\/td>\n<\/tr>\n<tr>\n<td width=\"233\"><strong>Maksimaalne \u00f5huvool ilma filtrita<\/strong><\/td>\n<td width=\"135\">3200 m3\/h<\/td>\n<td width=\"151\">4800 m3\/h<\/td>\n<td width=\"151\">5400 m3\/h<\/td>\n<\/tr>\n<tr>\n<td width=\"233\"><strong>HEPA filtriga<\/strong><\/td>\n<td width=\"135\">1000 m3\/h<\/td>\n<td width=\"151\">3200 m3\/h<\/td>\n<td width=\"151\">4000 m3\/h<\/td>\n<\/tr>\n<tr>\n<td width=\"233\"><strong>Staatiline r\u00f5hk<\/strong><\/td>\n<td width=\"135\">630 Pa<\/td>\n<td width=\"151\">1300 Pa<\/td>\n<td width=\"151\">1300 Pa<\/td>\n<\/tr>\n<tr>\n<td width=\"233\"><strong>T\u00f6\u00f6v\u00f5imsus \/ sagedus<\/strong><\/td>\n<td width=\"135\">200-277 V \/ 50-60 Hz<\/td>\n<td width=\"151\">200-277 V \/ 50-60 Hz<\/td>\n<td width=\"151\">200-277 V \/ 50-60 Hz<\/td>\n<\/tr>\n<tr>\n<td width=\"233\"><strong>Mootor<\/strong><\/td>\n<td width=\"135\">0,44 kW \/ 2,2 A<\/td>\n<td width=\"151\">1,44 kW \/ 5,2 A<\/td>\n<td width=\"151\">1,44 kW \/ 5,2 A<\/td>\n<\/tr>\n<tr>\n<td width=\"233\"><strong>Kaitse<\/strong><\/td>\n<td width=\"135\">10 A<\/td>\n<td width=\"151\">10 A<\/td>\n<td width=\"151\">10 A<\/td>\n<\/tr>\n<tr>\n<td width=\"233\"><strong>Toitejuhe<\/strong><\/td>\n<td width=\"135\">2 m<\/td>\n<td width=\"151\">2 m<\/td>\n<td width=\"151\">2 m<\/td>\n<\/tr>\n<tr>\n<td width=\"233\"><strong>Reguleeritav t\u00f6\u00f6kiirus<\/strong><\/td>\n<td width=\"135\">Jah<\/td>\n<td width=\"151\">Jah<\/td>\n<td width=\"151\">Jah<\/td>\n<\/tr>\n<tr>\n<td width=\"233\"><strong>M\u00fcratase<\/strong><\/td>\n<td width=\"135\">&lt; 70 dBA<\/td>\n<td width=\"151\">&lt; 73 dBA<\/td>\n<td width=\"151\">&lt; 70 dBA<\/td>\n<\/tr>\n<tr>\n<td width=\"233\"><strong>Materjal<\/strong><\/td>\n<td width=\"135\">Allumiinium<\/td>\n<td width=\"151\">Allumiinium<\/td>\n<td width=\"151\">Allumiinium<\/td>\n<\/tr>\n<tr>\n<td width=\"233\"><strong>HEPA filtri turvalukustus<\/strong><\/td>\n<td width=\"135\">Jah<\/td>\n<td width=\"151\">Jah<\/td>\n<td width=\"151\">Jah<\/td>\n<\/tr>\n<tr>\n<td width=\"233\"><strong>\u00d5huv\u00f5tt \/ V\u00e4ljavise<\/strong><\/td>\n<td width=\"135\">\u00d8 254 \/ 300 mm<\/td>\n<td width=\"151\">\u00d8 300 mm<\/td>\n<td width=\"151\">\u00d8 300 mm<\/td>\n<\/tr>\n<tr>\n<td width=\"233\"><strong>M\u00f5\u00f5dud (k\u00f5rgus*laius*pikkus)<\/strong><\/td>\n<td width=\"135\">400*350*720 mm<\/td>\n<td width=\"151\">660*550*1050 mm<\/td>\n<td width=\"151\">820*710*1050 mm<\/td>\n<\/tr>\n<tr>\n<td width=\"233\"><strong>Kaal<\/strong><\/td>\n<td width=\"135\">14 kg<\/td>\n<td width=\"151\">36 kg<\/td>\n<td width=\"151\">44 kg<\/td>\n<\/tr>\n<tr>\n<td width=\"233\"><strong>Filtri oleku andur<\/strong><\/td>\n<td width=\"135\">&#8211;<\/td>\n<td width=\"151\">Jah<\/td>\n<td width=\"151\">Jah<\/td>\n<\/tr>\n<tr>\n<td width=\"233\"><strong>Rattad<\/strong><\/td>\n<td width=\"135\">&#8211;<\/td>\n<td width=\"151\">Jah<\/td>\n<td width=\"151\">Jah<\/td>\n<\/tr>\n<\/tbody>\n<\/table>\n<p><iframe src=\"https:\/\/www.youtube.com\/embed\/4H1-s0-DOQQ\" width=\"100%\" height=\"505\" frameborder=\"0\" allowfullscreen=\"allowfullscreen\" data-mce-fragment=\"1\"><\/iframe><\/p>\n<p>[\/fusion_text][\/fusion_builder_column][\/fusion_builder_row][\/fusion_builder_container]<\/p>\n","protected":false},"excerpt":{"rendered":"<p>[fusion_builder_container hundred_percent=&#8221;no&#8221; equal_height_columns=&#8221;no&#8221; menu_anchor=&#8221;&#8221; hide_on_mobile=&#8221;small-visibility,medium-visibility,large-visibility&#8221; class=&#8221;&#8221; id=&#8221;&#8221; background_color=&#8221;&#8221; background_image=&#8221;&#8221; background_position=&#8221;center center&#8221; background_repeat=&#8221;no-repeat&#8221; fade=&#8221;no&#8221; background_parallax=&#8221;none&#8221; parallax_speed=&#8221;0.3&#8243; video_mp4=&#8221;&#8221; video_webm=&#8221;&#8221; video_ogv=&#8221;&#8221; video_url=&#8221;&#8221; video_aspect_ratio=&#8221;16:9&#8243; video_loop=&#8221;yes&#8221; video_mute=&#8221;yes&#8221; overlay_color=&#8221;&#8221; video_preview_image=&#8221;&#8221; border_size=&#8221;&#8221; border_color=&#8221;&#8221; border_style=&#8221;solid&#8221; padding_top=&#8221;&#8221; padding_bottom=&#8221;&#8221; padding_left=&#8221;&#8221; padding_right=&#8221;&#8221;][fusion_builder_row][fusion_builder_column type=&#8221;1_1&#8243; spacing=&#8221;&#8221; center_content=&#8221;no&#8221; link=&#8221;&#8221; target=&#8221;_self&#8221; min_height=&#8221;&#8221; hide_on_mobile=&#8221;small-visibility,medium-visibility,large-visibility&#8221; class=&#8221;&#8221; id=&#8221;&#8221; hover_type=&#8221;none&#8221; border_size=&#8221;0&#8243; border_color=&#8221;&#8221; border_style=&#8221;solid&#8221; border_position=&#8221;all&#8221; border_radius=&#8221;&#8221; box_shadow=&#8221;no&#8221; dimension_box_shadow=&#8221;&#8221; box_shadow_blur=&#8221;0&#8243; box_shadow_spread=&#8221;0&#8243; box_shadow_color=&#8221;&#8221; box_shadow_style=&#8221;&#8221; padding_top=&#8221;&#8221; padding_right=&#8221;&#8221; padding_bottom=&#8221;&#8221;&#8230;<\/p>\n","protected":false},"author":2,"featured_media":0,"parent":0,"menu_order":0,"comment_status":"closed","ping_status":"closed","template":"","meta":{"om_disable_all_campaigns":false,"_monsterinsights_skip_tracking":false,"_monsterinsights_sitenote_active":false,"_monsterinsights_sitenote_note":"","_monsterinsights_sitenote_category":0,"_uf_show_specific_survey":0,"_uf_disable_surveys":false,"_kad_post_transparent":"","_kad_post_title":"","_kad_post_layout":"","_kad_post_sidebar_id":"","_kad_post_content_style":"","_kad_post_vertical_padding":"","_kad_post_feature":"","_kad_post_feature_position":"","_kad_post_header":false,"_kad_post_footer":false,"_kad_post_classname":"","footnotes":""},"class_list":["post-20750","page","type-page","status-publish","hentry"],"yoast_head":"<!-- This site is optimized with the Yoast SEO Premium plugin v26.2 (Yoast SEO v27.4) - https:\/\/yoast.com\/product\/yoast-seo-premium-wordpress\/ -->\n<title>Alar\u00f5hu seadmed - Ventilatsiooni puhastus - AirSmile - 14 aastat kogemust!<\/title>\n<meta name=\"description\" content=\"AirSmile O\u00dc - Pakume kvaliteetset ventilatsioonis\u00fcsteemide hooldus- ja puhastusteenust juba 14 aastat! Usaldage Ventilatsiooni Puhastus professionaalide hoolde\" \/>\n<meta name=\"robots\" content=\"index, follow, max-snippet:-1, max-image-preview:large, max-video-preview:-1\" \/>\n<link rel=\"canonical\" href=\"https:\/\/new.airsmile.ee\/en\/tooted\/alarohu-seadmed\/\" \/>\n<meta property=\"og:locale\" content=\"en_US\" \/>\n<meta property=\"og:type\" content=\"article\" \/>\n<meta property=\"og:title\" content=\"Alar\u00f5hu seadmed\" \/>\n<meta property=\"og:description\" content=\"W3Byb2R1Y3RzIGNvbHVtbnM9MyBjYXRlZ29yeT0nYWxhcm9odS1zZWFkbWVkJ10= Bos Cleantec alar\u00f5hu seadmed BOS Clean seeria alar\u00f5hu seadmed on spetsiaalselt disainitud\" \/>\n<meta property=\"og:url\" content=\"https:\/\/new.airsmile.ee\/en\/tooted\/alarohu-seadmed\/\" \/>\n<meta property=\"og:site_name\" content=\"Ventilatsiooni puhastus - AirSmile - 14 aastat kogemust!\" \/>\n<meta property=\"article:publisher\" content=\"https:\/\/www.facebook.com\/airsmileou\/\" \/>\n<meta property=\"og:image\" content=\"https:\/\/new.airsmile.ee\/wp-content\/uploads\/2024\/01\/airsmile-logo.png\" \/>\n\t<meta property=\"og:image:width\" content=\"226\" \/>\n\t<meta property=\"og:image:height\" content=\"80\" \/>\n\t<meta property=\"og:image:type\" content=\"image\/png\" \/>\n<meta name=\"twitter:card\" content=\"summary_large_image\" \/>\n<meta name=\"twitter:label1\" content=\"Est. reading time\" \/>\n\t<meta name=\"twitter:data1\" content=\"3 minutes\" \/>\n<script type=\"application\/ld+json\" class=\"yoast-schema-graph\">{\"@context\":\"https:\\\/\\\/schema.org\",\"@graph\":[{\"@type\":\"WebPage\",\"@id\":\"https:\\\/\\\/new.airsmile.ee\\\/tooted\\\/alarohu-seadmed\\\/\",\"url\":\"https:\\\/\\\/new.airsmile.ee\\\/tooted\\\/alarohu-seadmed\\\/\",\"name\":\"Alar\u00f5hu seadmed - Ventilatsiooni puhastus - AirSmile - 14 aastat kogemust!\",\"isPartOf\":{\"@id\":\"https:\\\/\\\/new.airsmile.ee\\\/#website\"},\"datePublished\":\"2019-10-30T12:27:57+00:00\",\"description\":\"AirSmile O\u00dc - Pakume kvaliteetset ventilatsioonis\u00fcsteemide hooldus- ja puhastusteenust juba 14 aastat! Usaldage Ventilatsiooni Puhastus professionaalide hoolde\",\"breadcrumb\":{\"@id\":\"https:\\\/\\\/new.airsmile.ee\\\/tooted\\\/alarohu-seadmed\\\/#breadcrumb\"},\"inLanguage\":\"en-US\",\"potentialAction\":[{\"@type\":\"ReadAction\",\"target\":[\"https:\\\/\\\/new.airsmile.ee\\\/tooted\\\/alarohu-seadmed\\\/\"]}]},{\"@type\":\"BreadcrumbList\",\"@id\":\"https:\\\/\\\/new.airsmile.ee\\\/tooted\\\/alarohu-seadmed\\\/#breadcrumb\",\"itemListElement\":[{\"@type\":\"ListItem\",\"position\":1,\"name\":\"Home\",\"item\":\"https:\\\/\\\/new.airsmile.ee\\\/\"},{\"@type\":\"ListItem\",\"position\":2,\"name\":\"Alar\u00f5hu seadmed\"}]},{\"@type\":\"WebSite\",\"@id\":\"https:\\\/\\\/new.airsmile.ee\\\/#website\",\"url\":\"https:\\\/\\\/new.airsmile.ee\\\/\",\"name\":\"Ventilatsiooni puhastus - AirSmile O\u00dc - 14 aastat kogemust!\",\"description\":\"Ventilatsiooni puhastus eramutes ja \u00e4rihoonetes \u00fcle Eesti!\",\"publisher\":{\"@id\":\"https:\\\/\\\/new.airsmile.ee\\\/#organization\"},\"potentialAction\":[{\"@type\":\"SearchAction\",\"target\":{\"@type\":\"EntryPoint\",\"urlTemplate\":\"https:\\\/\\\/new.airsmile.ee\\\/?s={search_term_string}\"},\"query-input\":{\"@type\":\"PropertyValueSpecification\",\"valueRequired\":true,\"valueName\":\"search_term_string\"}}],\"inLanguage\":\"en-US\"},{\"@type\":\"Organization\",\"@id\":\"https:\\\/\\\/new.airsmile.ee\\\/#organization\",\"name\":\"Airsmile O\u00dc\",\"url\":\"https:\\\/\\\/new.airsmile.ee\\\/\",\"logo\":{\"@type\":\"ImageObject\",\"inLanguage\":\"en-US\",\"@id\":\"https:\\\/\\\/new.airsmile.ee\\\/#\\\/schema\\\/logo\\\/image\\\/\",\"url\":\"https:\\\/\\\/airsmile.ee\\\/wp-content\\\/uploads\\\/2019\\\/07\\\/logo-airsmile-pdf-arvetele.png\",\"contentUrl\":\"https:\\\/\\\/airsmile.ee\\\/wp-content\\\/uploads\\\/2019\\\/07\\\/logo-airsmile-pdf-arvetele.png\",\"width\":159,\"height\":85,\"caption\":\"Airsmile O\u00dc\"},\"image\":{\"@id\":\"https:\\\/\\\/new.airsmile.ee\\\/#\\\/schema\\\/logo\\\/image\\\/\"},\"sameAs\":[\"https:\\\/\\\/www.facebook.com\\\/airsmileou\\\/\",\"https:\\\/\\\/www.youtube.com\\\/channel\\\/UC5EPyEX0O2lvQ2ijNtjwyfg\"]}]}<\/script>\n<!-- \/ Yoast SEO Premium plugin. -->","yoast_head_json":{"title":"Alar\u00f5hu seadmed - Ventilatsiooni puhastus - AirSmile - 14 aastat kogemust!","description":"AirSmile O\u00dc - Pakume kvaliteetset ventilatsioonis\u00fcsteemide hooldus- ja puhastusteenust juba 14 aastat! Usaldage Ventilatsiooni Puhastus professionaalide hoolde","robots":{"index":"index","follow":"follow","max-snippet":"max-snippet:-1","max-image-preview":"max-image-preview:large","max-video-preview":"max-video-preview:-1"},"canonical":"https:\/\/new.airsmile.ee\/en\/tooted\/alarohu-seadmed\/","og_locale":"en_US","og_type":"article","og_title":"Alar\u00f5hu seadmed","og_description":"W3Byb2R1Y3RzIGNvbHVtbnM9MyBjYXRlZ29yeT0nYWxhcm9odS1zZWFkbWVkJ10= Bos Cleantec alar\u00f5hu seadmed BOS Clean seeria alar\u00f5hu seadmed on spetsiaalselt disainitud","og_url":"https:\/\/new.airsmile.ee\/en\/tooted\/alarohu-seadmed\/","og_site_name":"Ventilatsiooni puhastus - AirSmile - 14 aastat kogemust!","article_publisher":"https:\/\/www.facebook.com\/airsmileou\/","og_image":[{"width":226,"height":80,"url":"https:\/\/new.airsmile.ee\/wp-content\/uploads\/2024\/01\/airsmile-logo.png","type":"image\/png"}],"twitter_card":"summary_large_image","twitter_misc":{"Est. reading time":"3 minutes"},"schema":{"@context":"https:\/\/schema.org","@graph":[{"@type":"WebPage","@id":"https:\/\/new.airsmile.ee\/tooted\/alarohu-seadmed\/","url":"https:\/\/new.airsmile.ee\/tooted\/alarohu-seadmed\/","name":"Alar\u00f5hu seadmed - Ventilatsiooni puhastus - AirSmile - 14 aastat kogemust!","isPartOf":{"@id":"https:\/\/new.airsmile.ee\/#website"},"datePublished":"2019-10-30T12:27:57+00:00","description":"AirSmile O\u00dc - Pakume kvaliteetset ventilatsioonis\u00fcsteemide hooldus- ja puhastusteenust juba 14 aastat! Usaldage Ventilatsiooni Puhastus professionaalide hoolde","breadcrumb":{"@id":"https:\/\/new.airsmile.ee\/tooted\/alarohu-seadmed\/#breadcrumb"},"inLanguage":"en-US","potentialAction":[{"@type":"ReadAction","target":["https:\/\/new.airsmile.ee\/tooted\/alarohu-seadmed\/"]}]},{"@type":"BreadcrumbList","@id":"https:\/\/new.airsmile.ee\/tooted\/alarohu-seadmed\/#breadcrumb","itemListElement":[{"@type":"ListItem","position":1,"name":"Home","item":"https:\/\/new.airsmile.ee\/"},{"@type":"ListItem","position":2,"name":"Alar\u00f5hu seadmed"}]},{"@type":"WebSite","@id":"https:\/\/new.airsmile.ee\/#website","url":"https:\/\/new.airsmile.ee\/","name":"Ventilatsiooni puhastus - AirSmile O\u00dc - 14 aastat kogemust!","description":"Ventilatsiooni puhastus eramutes ja \u00e4rihoonetes \u00fcle Eesti!","publisher":{"@id":"https:\/\/new.airsmile.ee\/#organization"},"potentialAction":[{"@type":"SearchAction","target":{"@type":"EntryPoint","urlTemplate":"https:\/\/new.airsmile.ee\/?s={search_term_string}"},"query-input":{"@type":"PropertyValueSpecification","valueRequired":true,"valueName":"search_term_string"}}],"inLanguage":"en-US"},{"@type":"Organization","@id":"https:\/\/new.airsmile.ee\/#organization","name":"Airsmile O\u00dc","url":"https:\/\/new.airsmile.ee\/","logo":{"@type":"ImageObject","inLanguage":"en-US","@id":"https:\/\/new.airsmile.ee\/#\/schema\/logo\/image\/","url":"https:\/\/airsmile.ee\/wp-content\/uploads\/2019\/07\/logo-airsmile-pdf-arvetele.png","contentUrl":"https:\/\/airsmile.ee\/wp-content\/uploads\/2019\/07\/logo-airsmile-pdf-arvetele.png","width":159,"height":85,"caption":"Airsmile O\u00dc"},"image":{"@id":"https:\/\/new.airsmile.ee\/#\/schema\/logo\/image\/"},"sameAs":["https:\/\/www.facebook.com\/airsmileou\/","https:\/\/www.youtube.com\/channel\/UC5EPyEX0O2lvQ2ijNtjwyfg"]}]}},"_links":{"self":[{"href":"https:\/\/new.airsmile.ee\/en\/wp-json\/wp\/v2\/pages\/20750","targetHints":{"allow":["GET"]}}],"collection":[{"href":"https:\/\/new.airsmile.ee\/en\/wp-json\/wp\/v2\/pages"}],"about":[{"href":"https:\/\/new.airsmile.ee\/en\/wp-json\/wp\/v2\/types\/page"}],"author":[{"embeddable":true,"href":"https:\/\/new.airsmile.ee\/en\/wp-json\/wp\/v2\/users\/2"}],"replies":[{"embeddable":true,"href":"https:\/\/new.airsmile.ee\/en\/wp-json\/wp\/v2\/comments?post=20750"}],"version-history":[{"count":1,"href":"https:\/\/new.airsmile.ee\/en\/wp-json\/wp\/v2\/pages\/20750\/revisions"}],"predecessor-version":[{"id":20751,"href":"https:\/\/new.airsmile.ee\/en\/wp-json\/wp\/v2\/pages\/20750\/revisions\/20751"}],"wp:attachment":[{"href":"https:\/\/new.airsmile.ee\/en\/wp-json\/wp\/v2\/media?parent=20750"}],"curies":[{"name":"wp","href":"https:\/\/api.w.org\/{rel}","templated":true}]}}