{"id":20475,"date":"2019-07-17T14:51:41","date_gmt":"2019-07-17T11:51:41","guid":{"rendered":"https:\/\/airsmile.veebispetsid.com\/?page_id=20475"},"modified":"2022-08-25T21:42:21","modified_gmt":"2022-08-25T18:42:21","slug":"ventilatsioonisusteemie-projekteerimine","status":"publish","type":"page","link":"https:\/\/new.airsmile.ee\/en\/teenused\/ventilatsioonisusteemie-projekteerimine\/","title":{"rendered":"Ventilation system design"},"content":{"rendered":"<p>[fusion_builder_container hundred_percent=&#8221;no&#8221; equal_height_columns=&#8221;no&#8221; menu_anchor=&#8221;&#8221; hide_on_mobile=&#8221;small-visibility,medium-visibility,large-visibility&#8221; class=&#8221;&#8221; id=&#8221;&#8221; background_color=&#8221;&#8221; background_image=&#8221;&#8221; background_position=&#8221;center center&#8221; background_repeat=&#8221;no-repeat&#8221; fade=&#8221;no&#8221; background_parallax=&#8221;none&#8221; parallax_speed=&#8221;0.3&#8243; video_mp4=&#8221;&#8221; video_webm=&#8221;&#8221; video_ogv=&#8221;&#8221; video_url=&#8221;&#8221; video_aspect_ratio=&#8221;16:9&#8243; video_loop=&#8221;yes&#8221; video_mute=&#8221;yes&#8221; overlay_color=&#8221;&#8221; video_preview_image=&#8221;&#8221; border_color=&#8221;&#8221; border_style=&#8221;solid&#8221; padding_top=&#8221;&#8221; padding_bottom=&#8221;&#8221; padding_left=&#8221;&#8221; padding_right=&#8221;&#8221; type=&#8221;legacy&#8221;][fusion_builder_row][fusion_builder_column type=&#8221;1_1&#8243; layout=&#8221;1_1&#8243; background_position=&#8221;left top&#8221; background_color=&#8221;&#8221; border_color=&#8221;&#8221; border_style=&#8221;solid&#8221; border_position=&#8221;all&#8221; spacing=&#8221;yes&#8221; background_image=&#8221;&#8221; background_repeat=&#8221;no-repeat&#8221; padding_top=&#8221;&#8221; padding_right=&#8221;&#8221; padding_bottom=&#8221;&#8221; padding_left=&#8221;&#8221; margin_top=&#8221;0px&#8221; margin_bottom=&#8221;0px&#8221; class=&#8221;&#8221; id=&#8221;&#8221; animation_type=&#8221;&#8221; animation_speed=&#8221;0.3&#8243; animation_direction=&#8221;left&#8221; hide_on_mobile=&#8221;small-visibility,medium-visibility,large-visibility&#8221; center_content=&#8221;no&#8221; last=&#8221;true&#8221; min_height=&#8221;&#8221; hover_type=&#8221;none&#8221; link=&#8221;&#8221; border_sizes_top=&#8221;&#8221; border_sizes_bottom=&#8221;&#8221; border_sizes_left=&#8221;&#8221; border_sizes_right=&#8221;&#8221; first=&#8221;true&#8221;][fusion_text columns=&#8221;&#8221; column_min_width=&#8221;&#8221; column_spacing=&#8221;&#8221; rule_style=&#8221;default&#8221; rule_size=&#8221;&#8221; rule_color=&#8221;&#8221; hide_on_mobile=&#8221;small-visibility,medium-visibility,large-visibility&#8221; class=&#8221;&#8221; id=&#8221;&#8221;]<\/p>\n<h6>AirSmile O\u00dc teostab vajadusel ka ventilatsioonis\u00fcsteemide projekteerimist\u00f6id nii uutele kui ka juba kasutuses olevatele hoonetele.<\/h6>\n<p>[\/fusion_text][\/fusion_builder_column][fusion_builder_column type=&#8221;1_1&#8243; layout=&#8221;1_1&#8243; background_position=&#8221;left top&#8221; background_color=&#8221;&#8221; border_color=&#8221;&#8221; border_style=&#8221;solid&#8221; border_position=&#8221;all&#8221; spacing=&#8221;yes&#8221; background_image=&#8221;&#8221; background_repeat=&#8221;no-repeat&#8221; padding_top=&#8221;&#8221; padding_right=&#8221;&#8221; padding_bottom=&#8221;&#8221; padding_left=&#8221;&#8221; margin_top=&#8221;0px&#8221; margin_bottom=&#8221;0px&#8221; class=&#8221;&#8221; id=&#8221;&#8221; animation_type=&#8221;&#8221; animation_speed=&#8221;0.3&#8243; animation_direction=&#8221;left&#8221; hide_on_mobile=&#8221;small-visibility,medium-visibility,large-visibility&#8221; center_content=&#8221;no&#8221; last=&#8221;true&#8221; min_height=&#8221;&#8221; hover_type=&#8221;none&#8221; link=&#8221;&#8221; border_sizes_top=&#8221;&#8221; border_sizes_bottom=&#8221;&#8221; border_sizes_left=&#8221;&#8221; border_sizes_right=&#8221;&#8221; first=&#8221;true&#8221;][fusion_text columns=&#8221;&#8221; column_min_width=&#8221;&#8221; column_spacing=&#8221;&#8221; rule_style=&#8221;default&#8221; rule_size=&#8221;&#8221; rule_color=&#8221;&#8221; hide_on_mobile=&#8221;small-visibility,medium-visibility,large-visibility&#8221; class=&#8221;&#8221; id=&#8221;&#8221;]<\/p>\n<h5>Ventilatsioonis\u00fcsteemi projekt<\/h5>\n<p>T\u00f5husa ja toimiva ventilatsioonis\u00fcsteemi paigalduse alustalaks on sellele korrektse ja l\u00e4bim\u00f5eldud projekti koostamine.<\/p>\n<p>Hea projekt tagab hoonele ja selle ruumidele n\u00f5uetekohase \u00f5huvahetuse ja sisekiima.<\/p>\n<p>Lisaks saab ventilatsioonis\u00fcsteemi projekti alusel arvutada torustiku paigalduse t\u00e4pse hinna ja ajakulu.<\/p>\n<p>[\/fusion_text][fusion_imageframe image_id=&#8221;20477|full&#8221; max_width=&#8221;&#8221; style_type=&#8221;&#8221; blur=&#8221;&#8221; stylecolor=&#8221;&#8221; hover_type=&#8221;zoomin&#8221; bordersize=&#8221;&#8221; bordercolor=&#8221;&#8221; borderradius=&#8221;&#8221; align=&#8221;none&#8221; lightbox=&#8221;no&#8221; gallery_id=&#8221;&#8221; lightbox_image=&#8221;&#8221; lightbox_image_id=&#8221;&#8221; alt=&#8221;&#8221; link=&#8221;&#8221; linktarget=&#8221;_self&#8221; hide_on_mobile=&#8221;small-visibility,medium-visibility,large-visibility&#8221; class=&#8221;&#8221; id=&#8221;&#8221; animation_type=&#8221;&#8221; animation_direction=&#8221;left&#8221; animation_speed=&#8221;0.3&#8243; animation_offset=&#8221;&#8221;]https:\/\/new.airsmile.ee\/wp-content\/uploads\/2019\/07\/projekteerimine.jpg[\/fusion_imageframe][\/fusion_builder_column][fusion_builder_column type=&#8221;1_1&#8243; layout=&#8221;1_1&#8243; spacing=&#8221;yes&#8221; center_content=&#8221;no&#8221; link=&#8221;&#8221; target=&#8221;_self&#8221; min_height=&#8221;&#8221; hide_on_mobile=&#8221;small-visibility,medium-visibility,large-visibility&#8221; class=&#8221;&#8221; id=&#8221;&#8221; background_image_id=&#8221;&#8221; background_color=&#8221;&#8221; background_image=&#8221;&#8221; background_position=&#8221;left top&#8221; undefined=&#8221;&#8221; background_repeat=&#8221;no-repeat&#8221; hover_type=&#8221;none&#8221; border_color=&#8221;&#8221; border_style=&#8221;solid&#8221; border_position=&#8221;all&#8221; border_radius_top_left=&#8221;&#8221; border_radius_top_right=&#8221;&#8221; border_radius_bottom_left=&#8221;&#8221; border_radius_bottom_right=&#8221;&#8221; box_shadow=&#8221;no&#8221; box_shadow_vertical=&#8221;&#8221; box_shadow_horizontal=&#8221;&#8221; box_shadow_blur=&#8221;&#8221; box_shadow_spread=&#8221;&#8221; box_shadow_color=&#8221;&#8221; box_shadow_style=&#8221;&#8221; padding_top=&#8221;&#8221; padding_right=&#8221;&#8221; padding_bottom=&#8221;&#8221; padding_left=&#8221;&#8221; margin_top=&#8221;20px&#8221; margin_bottom=&#8221;0px&#8221; animation_type=&#8221;&#8221; animation_direction=&#8221;left&#8221; animation_speed=&#8221;0.3&#8243; animation_offset=&#8221;&#8221; last=&#8221;true&#8221; border_sizes_top=&#8221;&#8221; border_sizes_bottom=&#8221;&#8221; border_sizes_left=&#8221;&#8221; border_sizes_right=&#8221;&#8221; first=&#8221;true&#8221;][fusion_text columns=&#8221;&#8221; column_min_width=&#8221;&#8221; column_spacing=&#8221;&#8221; rule_style=&#8221;default&#8221; rule_size=&#8221;&#8221; rule_color=&#8221;&#8221; hide_on_mobile=&#8221;small-visibility,medium-visibility,large-visibility&#8221; class=&#8221;&#8221; id=&#8221;&#8221;]<\/p>\n<h5>Hea projekt s\u00e4\u00e4stab aega ja raha<\/h5>\n<p>Ventilatsioonis\u00fcsteemi projekti koostamisel tuleb arvestada suurel hulgal erinevate aspektidega mis varieeruvad olenevalt ehitusobjektist.<\/p>\n<p>Airsmile O\u00dc ventilatsioonis\u00fcsteemide projekteerimise alased teadmised ja kogemused v\u00f5imaldavad meil ette n\u00e4ha ja v\u00e4ltida t\u00fc\u00fcpilisi vigu projekti koostamisel mis tihtipeale ilmenvad alles ventilatsiooni v\u00e4ljaehitamise k\u00e4igus.<\/p>\n<p>Kliendi rahulolu ja asjade sujuv kulg on meie prioriteet!<\/p>\n<p>[\/fusion_text][\/fusion_builder_column][\/fusion_builder_row][\/fusion_builder_container]<\/p>\n","protected":false},"excerpt":{"rendered":"<p>[fusion_builder_container hundred_percent=&#8221;no&#8221; equal_height_columns=&#8221;no&#8221; menu_anchor=&#8221;&#8221; hide_on_mobile=&#8221;small-visibility,medium-visibility,large-visibility&#8221; class=&#8221;&#8221; id=&#8221;&#8221; background_color=&#8221;&#8221; background_image=&#8221;&#8221; background_position=&#8221;center center&#8221; background_repeat=&#8221;no-repeat&#8221; fade=&#8221;no&#8221; background_parallax=&#8221;none&#8221; parallax_speed=&#8221;0.3&#8243; video_mp4=&#8221;&#8221; video_webm=&#8221;&#8221; video_ogv=&#8221;&#8221; video_url=&#8221;&#8221; video_aspect_ratio=&#8221;16:9&#8243; video_loop=&#8221;yes&#8221; video_mute=&#8221;yes&#8221; overlay_color=&#8221;&#8221; video_preview_image=&#8221;&#8221; border_color=&#8221;&#8221; border_style=&#8221;solid&#8221; padding_top=&#8221;&#8221; padding_bottom=&#8221;&#8221; padding_left=&#8221;&#8221; padding_right=&#8221;&#8221; type=&#8221;legacy&#8221;][fusion_builder_row][fusion_builder_column type=&#8221;1_1&#8243; layout=&#8221;1_1&#8243; background_position=&#8221;left top&#8221; background_color=&#8221;&#8221; border_color=&#8221;&#8221; border_style=&#8221;solid&#8221; border_position=&#8221;all&#8221; spacing=&#8221;yes&#8221; background_image=&#8221;&#8221; background_repeat=&#8221;no-repeat&#8221; padding_top=&#8221;&#8221; padding_right=&#8221;&#8221; padding_bottom=&#8221;&#8221; padding_left=&#8221;&#8221; margin_top=&#8221;0px&#8221; margin_bottom=&#8221;0px&#8221; class=&#8221;&#8221; id=&#8221;&#8221; animation_type=&#8221;&#8221; animation_speed=&#8221;0.3&#8243; animation_direction=&#8221;left&#8221; hide_on_mobile=&#8221;small-visibility,medium-visibility,large-visibility&#8221; center_content=&#8221;no&#8221;&#8230;<\/p>\n","protected":false},"author":2,"featured_media":0,"parent":20404,"menu_order":0,"comment_status":"closed","ping_status":"closed","template":"","meta":{"om_disable_all_campaigns":false,"_monsterinsights_skip_tracking":false,"_monsterinsights_sitenote_active":false,"_monsterinsights_sitenote_note":"","_monsterinsights_sitenote_category":0,"_uf_show_specific_survey":0,"_uf_disable_surveys":false,"_kad_post_transparent":"","_kad_post_title":"","_kad_post_layout":"","_kad_post_sidebar_id":"","_kad_post_content_style":"","_kad_post_vertical_padding":"","_kad_post_feature":"","_kad_post_feature_position":"","_kad_post_header":false,"_kad_post_footer":false,"_kad_post_classname":"","footnotes":""},"class_list":["post-20475","page","type-page","status-publish","hentry"],"yoast_head":"<!-- This site is optimized with the Yoast SEO Premium plugin v26.2 (Yoast SEO v27.4) - https:\/\/yoast.com\/product\/yoast-seo-premium-wordpress\/ -->\n<title>Ventilatsioonis\u00fcsteemie projekteerimine - AirSmile O\u00dc<\/title>\n<meta name=\"description\" content=\"AirSmile O\u00dc - Pakume kvaliteetset ventilatsioonis\u00fcsteemide hooldus- ja puhastusteenust juba 11 aastat! Usaldage Ventilatsiooni Puhastus professionaalide hoolde\" \/>\n<meta name=\"robots\" content=\"index, follow, max-snippet:-1, max-image-preview:large, max-video-preview:-1\" \/>\n<link rel=\"canonical\" href=\"https:\/\/new.airsmile.ee\/en\/teenused\/ventilatsioonisusteemie-projekteerimine\/\" \/>\n<meta property=\"og:locale\" content=\"en_US\" \/>\n<meta property=\"og:type\" content=\"article\" \/>\n<meta property=\"og:title\" content=\"Ventilatsioonis\u00fcsteemie projekteerimine\" \/>\n<meta property=\"og:description\" content=\"AirSmile O\u00dc teostab vajadusel ka ventilatsioonis\u00fcsteemide projekteerimist\u00f6id nii uutele kui ka juba kasutuses olevatele hoonetele. Ventilatsioonis\u00fcsteemi\" \/>\n<meta property=\"og:url\" content=\"https:\/\/new.airsmile.ee\/en\/teenused\/ventilatsioonisusteemie-projekteerimine\/\" \/>\n<meta property=\"og:site_name\" content=\"Ventilatsiooni puhastus - AirSmile - 14 aastat kogemust!\" \/>\n<meta property=\"article:publisher\" content=\"https:\/\/www.facebook.com\/airsmileou\/\" \/>\n<meta property=\"article:modified_time\" content=\"2022-08-25T18:42:21+00:00\" \/>\n<meta property=\"og:image\" content=\"https:\/\/new.airsmile.ee\/wp-content\/uploads\/2024\/01\/airsmile-logo.png\" \/>\n\t<meta property=\"og:image:width\" content=\"226\" \/>\n\t<meta property=\"og:image:height\" content=\"80\" \/>\n\t<meta property=\"og:image:type\" content=\"image\/png\" \/>\n<meta name=\"twitter:card\" content=\"summary_large_image\" \/>\n<meta name=\"twitter:label1\" content=\"Est. reading time\" \/>\n\t<meta name=\"twitter:data1\" content=\"3 minutes\" \/>\n<script type=\"application\/ld+json\" class=\"yoast-schema-graph\">{\"@context\":\"https:\\\/\\\/schema.org\",\"@graph\":[{\"@type\":\"WebPage\",\"@id\":\"https:\\\/\\\/new.airsmile.ee\\\/teenused\\\/ventilatsioonisusteemie-projekteerimine\\\/\",\"url\":\"https:\\\/\\\/new.airsmile.ee\\\/teenused\\\/ventilatsioonisusteemie-projekteerimine\\\/\",\"name\":\"Ventilatsioonis\u00fcsteemie projekteerimine - AirSmile O\u00dc\",\"isPartOf\":{\"@id\":\"https:\\\/\\\/new.airsmile.ee\\\/#website\"},\"datePublished\":\"2019-07-17T11:51:41+00:00\",\"dateModified\":\"2022-08-25T18:42:21+00:00\",\"description\":\"AirSmile O\u00dc - Pakume kvaliteetset ventilatsioonis\u00fcsteemide hooldus- ja puhastusteenust juba 11 aastat! Usaldage Ventilatsiooni Puhastus professionaalide hoolde\",\"breadcrumb\":{\"@id\":\"https:\\\/\\\/new.airsmile.ee\\\/teenused\\\/ventilatsioonisusteemie-projekteerimine\\\/#breadcrumb\"},\"inLanguage\":\"en-US\",\"potentialAction\":[{\"@type\":\"ReadAction\",\"target\":[\"https:\\\/\\\/new.airsmile.ee\\\/teenused\\\/ventilatsioonisusteemie-projekteerimine\\\/\"]}]},{\"@type\":\"BreadcrumbList\",\"@id\":\"https:\\\/\\\/new.airsmile.ee\\\/teenused\\\/ventilatsioonisusteemie-projekteerimine\\\/#breadcrumb\",\"itemListElement\":[{\"@type\":\"ListItem\",\"position\":1,\"name\":\"Home\",\"item\":\"https:\\\/\\\/new.airsmile.ee\\\/\"},{\"@type\":\"ListItem\",\"position\":2,\"name\":\"Teenused\",\"item\":\"https:\\\/\\\/new.airsmile.ee\\\/teenused\\\/\"},{\"@type\":\"ListItem\",\"position\":3,\"name\":\"Ventilatsioonis\u00fcsteemie projekteerimine\"}]},{\"@type\":\"WebSite\",\"@id\":\"https:\\\/\\\/new.airsmile.ee\\\/#website\",\"url\":\"https:\\\/\\\/new.airsmile.ee\\\/\",\"name\":\"Ventilatsiooni puhastus - AirSmile O\u00dc - 14 aastat kogemust!\",\"description\":\"Ventilatsiooni puhastus eramutes ja \u00e4rihoonetes \u00fcle Eesti!\",\"publisher\":{\"@id\":\"https:\\\/\\\/new.airsmile.ee\\\/#organization\"},\"potentialAction\":[{\"@type\":\"SearchAction\",\"target\":{\"@type\":\"EntryPoint\",\"urlTemplate\":\"https:\\\/\\\/new.airsmile.ee\\\/?s={search_term_string}\"},\"query-input\":{\"@type\":\"PropertyValueSpecification\",\"valueRequired\":true,\"valueName\":\"search_term_string\"}}],\"inLanguage\":\"en-US\"},{\"@type\":\"Organization\",\"@id\":\"https:\\\/\\\/new.airsmile.ee\\\/#organization\",\"name\":\"Airsmile O\u00dc\",\"url\":\"https:\\\/\\\/new.airsmile.ee\\\/\",\"logo\":{\"@type\":\"ImageObject\",\"inLanguage\":\"en-US\",\"@id\":\"https:\\\/\\\/new.airsmile.ee\\\/#\\\/schema\\\/logo\\\/image\\\/\",\"url\":\"https:\\\/\\\/airsmile.ee\\\/wp-content\\\/uploads\\\/2019\\\/07\\\/logo-airsmile-pdf-arvetele.png\",\"contentUrl\":\"https:\\\/\\\/airsmile.ee\\\/wp-content\\\/uploads\\\/2019\\\/07\\\/logo-airsmile-pdf-arvetele.png\",\"width\":159,\"height\":85,\"caption\":\"Airsmile O\u00dc\"},\"image\":{\"@id\":\"https:\\\/\\\/new.airsmile.ee\\\/#\\\/schema\\\/logo\\\/image\\\/\"},\"sameAs\":[\"https:\\\/\\\/www.facebook.com\\\/airsmileou\\\/\",\"https:\\\/\\\/www.youtube.com\\\/channel\\\/UC5EPyEX0O2lvQ2ijNtjwyfg\"]}]}<\/script>\n<!-- \/ Yoast SEO Premium plugin. -->","yoast_head_json":{"title":"Ventilatsioonis\u00fcsteemie projekteerimine - AirSmile O\u00dc","description":"AirSmile O\u00dc - Pakume kvaliteetset ventilatsioonis\u00fcsteemide hooldus- ja puhastusteenust juba 11 aastat! Usaldage Ventilatsiooni Puhastus professionaalide hoolde","robots":{"index":"index","follow":"follow","max-snippet":"max-snippet:-1","max-image-preview":"max-image-preview:large","max-video-preview":"max-video-preview:-1"},"canonical":"https:\/\/new.airsmile.ee\/en\/teenused\/ventilatsioonisusteemie-projekteerimine\/","og_locale":"en_US","og_type":"article","og_title":"Ventilatsioonis\u00fcsteemie projekteerimine","og_description":"AirSmile O\u00dc teostab vajadusel ka ventilatsioonis\u00fcsteemide projekteerimist\u00f6id nii uutele kui ka juba kasutuses olevatele hoonetele. Ventilatsioonis\u00fcsteemi","og_url":"https:\/\/new.airsmile.ee\/en\/teenused\/ventilatsioonisusteemie-projekteerimine\/","og_site_name":"Ventilatsiooni puhastus - AirSmile - 14 aastat kogemust!","article_publisher":"https:\/\/www.facebook.com\/airsmileou\/","article_modified_time":"2022-08-25T18:42:21+00:00","og_image":[{"width":226,"height":80,"url":"https:\/\/new.airsmile.ee\/wp-content\/uploads\/2024\/01\/airsmile-logo.png","type":"image\/png"}],"twitter_card":"summary_large_image","twitter_misc":{"Est. reading time":"3 minutes"},"schema":{"@context":"https:\/\/schema.org","@graph":[{"@type":"WebPage","@id":"https:\/\/new.airsmile.ee\/teenused\/ventilatsioonisusteemie-projekteerimine\/","url":"https:\/\/new.airsmile.ee\/teenused\/ventilatsioonisusteemie-projekteerimine\/","name":"Ventilatsioonis\u00fcsteemie projekteerimine - AirSmile O\u00dc","isPartOf":{"@id":"https:\/\/new.airsmile.ee\/#website"},"datePublished":"2019-07-17T11:51:41+00:00","dateModified":"2022-08-25T18:42:21+00:00","description":"AirSmile O\u00dc - Pakume kvaliteetset ventilatsioonis\u00fcsteemide hooldus- ja puhastusteenust juba 11 aastat! Usaldage Ventilatsiooni Puhastus professionaalide hoolde","breadcrumb":{"@id":"https:\/\/new.airsmile.ee\/teenused\/ventilatsioonisusteemie-projekteerimine\/#breadcrumb"},"inLanguage":"en-US","potentialAction":[{"@type":"ReadAction","target":["https:\/\/new.airsmile.ee\/teenused\/ventilatsioonisusteemie-projekteerimine\/"]}]},{"@type":"BreadcrumbList","@id":"https:\/\/new.airsmile.ee\/teenused\/ventilatsioonisusteemie-projekteerimine\/#breadcrumb","itemListElement":[{"@type":"ListItem","position":1,"name":"Home","item":"https:\/\/new.airsmile.ee\/"},{"@type":"ListItem","position":2,"name":"Teenused","item":"https:\/\/new.airsmile.ee\/teenused\/"},{"@type":"ListItem","position":3,"name":"Ventilatsioonis\u00fcsteemie projekteerimine"}]},{"@type":"WebSite","@id":"https:\/\/new.airsmile.ee\/#website","url":"https:\/\/new.airsmile.ee\/","name":"Ventilatsiooni puhastus - AirSmile O\u00dc - 14 aastat kogemust!","description":"Ventilatsiooni puhastus eramutes ja \u00e4rihoonetes \u00fcle Eesti!","publisher":{"@id":"https:\/\/new.airsmile.ee\/#organization"},"potentialAction":[{"@type":"SearchAction","target":{"@type":"EntryPoint","urlTemplate":"https:\/\/new.airsmile.ee\/?s={search_term_string}"},"query-input":{"@type":"PropertyValueSpecification","valueRequired":true,"valueName":"search_term_string"}}],"inLanguage":"en-US"},{"@type":"Organization","@id":"https:\/\/new.airsmile.ee\/#organization","name":"Airsmile O\u00dc","url":"https:\/\/new.airsmile.ee\/","logo":{"@type":"ImageObject","inLanguage":"en-US","@id":"https:\/\/new.airsmile.ee\/#\/schema\/logo\/image\/","url":"https:\/\/airsmile.ee\/wp-content\/uploads\/2019\/07\/logo-airsmile-pdf-arvetele.png","contentUrl":"https:\/\/airsmile.ee\/wp-content\/uploads\/2019\/07\/logo-airsmile-pdf-arvetele.png","width":159,"height":85,"caption":"Airsmile O\u00dc"},"image":{"@id":"https:\/\/new.airsmile.ee\/#\/schema\/logo\/image\/"},"sameAs":["https:\/\/www.facebook.com\/airsmileou\/","https:\/\/www.youtube.com\/channel\/UC5EPyEX0O2lvQ2ijNtjwyfg"]}]}},"_links":{"self":[{"href":"https:\/\/new.airsmile.ee\/en\/wp-json\/wp\/v2\/pages\/20475","targetHints":{"allow":["GET"]}}],"collection":[{"href":"https:\/\/new.airsmile.ee\/en\/wp-json\/wp\/v2\/pages"}],"about":[{"href":"https:\/\/new.airsmile.ee\/en\/wp-json\/wp\/v2\/types\/page"}],"author":[{"embeddable":true,"href":"https:\/\/new.airsmile.ee\/en\/wp-json\/wp\/v2\/users\/2"}],"replies":[{"embeddable":true,"href":"https:\/\/new.airsmile.ee\/en\/wp-json\/wp\/v2\/comments?post=20475"}],"version-history":[{"count":5,"href":"https:\/\/new.airsmile.ee\/en\/wp-json\/wp\/v2\/pages\/20475\/revisions"}],"predecessor-version":[{"id":21425,"href":"https:\/\/new.airsmile.ee\/en\/wp-json\/wp\/v2\/pages\/20475\/revisions\/21425"}],"up":[{"embeddable":true,"href":"https:\/\/new.airsmile.ee\/en\/wp-json\/wp\/v2\/pages\/20404"}],"wp:attachment":[{"href":"https:\/\/new.airsmile.ee\/en\/wp-json\/wp\/v2\/media?parent=20475"}],"curies":[{"name":"wp","href":"https:\/\/api.w.org\/{rel}","templated":true}]}}