{"id":20416,"date":"2019-07-17T14:15:48","date_gmt":"2019-07-17T11:15:48","guid":{"rendered":"https:\/\/airsmile.veebispetsid.com\/?page_id=20416"},"modified":"2024-01-18T10:45:17","modified_gmt":"2024-01-18T08:45:17","slug":"ventilatsioonisusteemide-puhastus","status":"publish","type":"page","link":"https:\/\/new.airsmile.ee\/en\/teenused\/ventilatsioonisusteemide-puhastus\/","title":{"rendered":"Ventilation system cleaning"},"content":{"rendered":"<p>[fusion_builder_container hundred_percent=&#8221;no&#8221; equal_height_columns=&#8221;no&#8221; hide_on_mobile=&#8221;small-visibility,medium-visibility,large-visibility&#8221; background_position=&#8221;center center&#8221; background_repeat=&#8221;no-repeat&#8221; fade=&#8221;no&#8221; background_parallax=&#8221;none&#8221; parallax_speed=&#8221;0.3&#8243; video_aspect_ratio=&#8221;16:9&#8243; video_loop=&#8221;yes&#8221; video_mute=&#8221;yes&#8221; border_style=&#8221;solid&#8221; type=&#8221;legacy&#8221;][fusion_builder_row][fusion_builder_column type=&#8221;1_1&#8243; type=&#8221;1_1&#8243; layout=&#8221;1_1&#8243; background_position=&#8221;left top&#8221; border_style=&#8221;solid&#8221; border_position=&#8221;all&#8221; spacing=&#8221;yes&#8221; background_repeat=&#8221;no-repeat&#8221; margin_top=&#8221;0px&#8221; margin_bottom=&#8221;0px&#8221; animation_speed=&#8221;0.3&#8243; animation_direction=&#8221;left&#8221; hide_on_mobile=&#8221;small-visibility,medium-visibility,large-visibility&#8221; center_content=&#8221;no&#8221; last=&#8221;true&#8221; hover_type=&#8221;none&#8221; first=&#8221;true&#8221; min_height=&#8221;&#8221; link=&#8221;&#8221;][fusion_text rule_style=&#8221;default&#8221; hide_on_mobile=&#8221;small-visibility,medium-visibility,large-visibility&#8221;]<\/p>\n<h6>Levinud eelarvamus ventilatsioonis\u00fcsteemide puhastamisest kui keerulisest, tolmusest, aega n\u00f5udvast ja kulukast ettev\u00f5tmisest on v\u00e4\u00e4r.<\/h6>\n<p>Tegelikkuses on ventilatsioonis\u00fcsteemide puhastamine kliendi perspektiivist vaadatuna v\u00f5rdlemisi valutu, lihtne ja soodne.<\/p>\n<p>[\/fusion_text][fusion_youtube id=&#8221;5d8s_O3Nqnw&#8221; alignment=&#8221;center&#8221; autoplay=&#8221;false&#8221; hide_on_mobile=&#8221;small-visibility,medium-visibility,large-visibility&#8221; height=&#8221;425&#8243; \/][fusion_accordion boxed_mode=&#8221;no&#8221; border_size=&#8221;1&#8243; divider_line=&#8221;yes&#8221; title_font_size=&#8221;17px&#8221; icon_size=&#8221;20&#8243; icon_color=&#8221;#00aeef&#8221; icon_boxed_mode=&#8221;no&#8221; toggle_hover_accent_color=&#8221;#ffcc00&#8243; hide_on_mobile=&#8221;small-visibility,medium-visibility,large-visibility&#8221;][fusion_toggle title=&#8221;Kas ventilatsiooni puhastus tekitab ruumidesse tolmu ja mustust?&#8221; open=&#8221;no&#8221;]<\/p>\n<h5>Ei<\/h5>\n<p>Enne ventilatsioonis\u00fcsteemi harjastega puhastama asumist \u00fchendame ventilatsioonitorustiku k\u00fclge alar\u00f5hu aparaadi (n\u00e4htav k\u00f5rvaloleval pildil).<br \/>\nAlar\u00f5hu aparaat paigutatakse siseruumi, selleks sobilikku kohta ning \u00fchendatakse painduva vooliku abil puhastatava ventilatsioonitorustiku k\u00fclge.<br \/>\nVentilatsiooni torustik l\u00fckatakse l\u00e4bi p\u00f6\u00f6rlevate nailonist harjastega mis puhastavad torustiku, sinna sisse kinnistunud tolmust ja mustusest mis &#8220;imetakse&#8221; omakorda pildi peal oleva alar\u00f5huaparaadi sees olevasse filtrisse.<\/p>\n<p>Airsmile O\u00dc ventilatsioonis\u00fcsteemide puhastustehnikud panevad alati r\u00f5hku sellele, et ruumid milles t\u00f6id teostatakse j\u00e4\u00e4ksid enda j\u00e4relt puhtaks!<\/p>\n<p>[\/fusion_toggle][fusion_toggle title=&#8221;Kas ventilatsioonis\u00fcsteemide puhastamine n\u00f5uab minult kui kliendilt erilist ettevalmistust?&#8221; open=&#8221;no&#8221;]<\/p>\n<h5>Pigem ei<\/h5>\n<p>Selleks, et saaksime ventilatsioonis\u00fcsteeme puhastada, tuleb kliendil tagada puhastajatele ligip\u00e4\u00e4s ruumidesse, l\u00e4bi mille ventilatsiooni torustik jookseb, ligip\u00e4\u00e4s ventilatsioonis\u00fcsteemi agregaadile ning lisaks on vajalik ka elektrivoolu olemasolu.<br \/>\nKui ventilatsiooni torustikule on varasemalt paigaldatud puhastusluugid, siis oleks hea ka nendele ligip\u00e4\u00e4s v\u00f5imaldada.<br \/>\nElektri puudumisel tuleks meid sellest enne t\u00f6\u00f6de alustamist teavitada, sellisel juhul teame kaasa v\u00f5tta elektrigeneraatori.<\/p>\n<p>[\/fusion_toggle][fusion_toggle title=&#8221;Milliseid seadmeid Airsmile O\u00dc ventilatsioonis\u00fcsteemi puhastamisel kasutab?&#8221; open=&#8221;no&#8221;]T\u00f6id teostatakse elektri j\u00f5ul t\u00f6\u00f6tavaid puhastusseadmeid ehk harja-<br \/>\naparaate kasutades, v\u00e4iksemate torude ja kitsamate tingimuste puhul kasutatame akutrelli k\u00fclge \u00fchendatavat harjas-trossi.<\/p>\n<p>Ventilatsiooni torustik l\u00fckatakse l\u00e4bi p\u00f6\u00f6rlevate nailonist harjastega mis puhastavad torustiku, sinna sisse kinnistunud tolmust ja mustusest mis &#8220;imetakse&#8221; alar\u00f5huaparaadi sees olevasse filtrisse.\n\t<\/p>\n<p>[\/fusion_toggle][\/fusion_accordion][fusion_separator style_type=&#8221;single|dashed&#8221; hide_on_mobile=&#8221;small-visibility,medium-visibility,large-visibility&#8221; sep_color=&#8221;#eeeeee&#8221; top_margin=&#8221;20&#8243; bottom_margin=&#8221;20&#8243; border_size=&#8221;2&#8243; alignment=&#8221;center&#8221; \/][fusion_text rule_style=&#8221;default&#8221; hide_on_mobile=&#8221;small-visibility,medium-visibility,large-visibility&#8221;]<\/p>\n<h5>Ventilatsioonis\u00fcsteemide puhastamisteenus on kulukas ja aegan\u00f5udev protsess ning kuidas selgitada v\u00e4lja kas ventilatsioonis\u00fcsteem vajab puhastamist?<\/h5>\n<p>[\/fusion_text][fusion_accordion boxed_mode=&#8221;no&#8221; border_size=&#8221;1&#8243; divider_line=&#8221;yes&#8221; title_font_size=&#8221;17px&#8221; icon_size=&#8221;20&#8243; icon_color=&#8221;#00aeef&#8221; icon_boxed_mode=&#8221;no&#8221; toggle_hover_accent_color=&#8221;#ffcc00&#8243; hide_on_mobile=&#8221;small-visibility,medium-visibility,large-visibility&#8221;][fusion_toggle title=&#8221;Kas ventilatsioonis\u00fcsteemi puhastamine on kallis?&#8221; open=&#8221;no&#8221;]Keskmise ca 200m2 eramaja ventilatsioonis\u00fcsteemi puhastamise hinnad algavad alates 200<span style=\"color: var(--awb-content-color); font-family: var(--awb-content-font-family); font-size: var(--awb-content-font-size); font-style: var(--awb-content-font-style); font-weight: var(--awb-content-font-weight); letter-spacing: var(--awb-content-letter-spacing); text-transform: var(--awb-content-text-transform); background-color: var(--awb-bg-color);\"> eurost, siinkohal tasub v\u00f5tta arvesse, et ventilatsioonis\u00fcsteemi puhastatakse kord, \u00fche kuni nelja aasta tagant.<\/span><\/p>\n<div>\n<p>Lisaks tahaks veel v\u00e4lja tuua, et ventilatsioonis\u00fcsteemi puhtana hoidmine tagab Teie eluruumide puhta \u00f5hukvaliteedi ja likvideerib mustast ventilatsioonist tulenevad terviseriskid.\n\t<\/p>\n<\/div>\n<p>[\/fusion_toggle][fusion_toggle title=&#8221;Kui kaua v\u00f5tab ventilatsioonis\u00fcsteemi puhastamine aega?&#8221; open=&#8221;no&#8221;]Tuues j\u00e4llegi n\u00e4iteks ca 200m2 eramaja, kulub sellise ventilatsioonis\u00fcsteemi puhastamiseks ideaalsete tingimuste korral paar-kolm tundi ja erip\u00e4raste s\u00fcsteemide puhul maksimaaselt \u00fcks t\u00f6\u00f6p\u00e4ev.[\/fusion_toggle][fusion_toggle title=&#8221;Kas minu ventilatsioonis\u00fcsteem vajab puhastamist?&#8221; open=&#8221;no&#8221;]K\u00f5igepealt tuleks v\u00e4lja selgitada kas ja millal on teostatud k\u00f5neall olevale ventilatsioonis\u00fcsteemile puhastust.<br \/>\nKui Teie maja on uus, siis tasuks v\u00e4lja uurida, kas ventilatsioonis\u00fcsteemile on teostatud ehitusj\u00e4rgne puhastus, ehitusj\u00e4rgne puhastus on m\u00e4\u00e4rava t\u00e4htsusega, sest ehituse k\u00e4igus torustikku ladestuv ehitustolm muudab ventilatsioonitorustiku mustusele kordades vastuv\u00f5tlikumaks.<\/p>\n<p>Lihtne viis torustiku puhastuse vajalikkuse kindlaks m\u00e4\u00e4ramiseks on lahti keerata \u00fcks laes olev ventilatsiooni ava, ehk (plafoon).<br \/>\nKui plafooni peale on ladestunud mustus ja tolm siis on v\u00e4gagi t\u00f5en\u00e4oline, et ka ventilatsiooni torustikku katab samav\u00e4\u00e4ne mustuse kiht mis tuleks siis puhastamise teel s\u00fcsteemist eemaldada.<\/p>\n<p>Veel m\u00f5ned indikaatorid mustast ja tolmusest ventilatsioonist on sissepuhke plafoonide \u00fcmber tekkivad tolmur\u00f5ngad v\u00f5i ventilatsiooni agregaadi sees olevate filtrite seisukord.<\/p>\n<p>Lisaks eelpool v\u00e4lja toodud viisidele puhastuse vajalikkuse v\u00e4lja selgitamisest pakub Airsmile O\u00dc ka ventilatsioonis\u00fcsteemidele kaamerauuringuid.[\/fusion_toggle][\/fusion_accordion][fusion_separator style_type=&#8221;single|dashed&#8221; hide_on_mobile=&#8221;small-visibility,medium-visibility,large-visibility&#8221; sep_color=&#8221;#eeeeee&#8221; top_margin=&#8221;20&#8243; bottom_margin=&#8221;20&#8243; border_size=&#8221;2&#8243; alignment=&#8221;center&#8221; \/][fusion_text rule_style=&#8221;default&#8221; hide_on_mobile=&#8221;small-visibility,medium-visibility,large-visibility&#8221;]<\/p>\n<h5>Kes ventilatsioonis\u00fcsteemi puhastavad?<\/h5>\n<p>Meie ettev\u00f5tte vara on p\u00fchendunud ja teadlikud t\u00f6\u00f6tajad. Meie t\u00f6\u00f6tajate teadmised p\u00f5hinevad pideval v\u00e4lja\u00f5ppel ja oskuste t\u00e4iendamisel. Me s\u00e4ilitame oma t\u00f6\u00f6tajate heaolu, tagades motiveeriva t\u00f6\u00f6keskkonna ja ohutud t\u00f6\u00f6tingimused.<br \/>\nV\u00f5tame oma t\u00f6\u00f6d t\u00f5siselt, oleme kohusetundlikud ning pingutame igap\u00e4evaselt selle nimel, et olla oma ala parimad, vaid nii saame Teile pakkuda tipptasemel teenust![\/fusion_text][fusion_imageframe hover_type=&#8221;zoomin&#8221; align=&#8221;none&#8221; lightbox=&#8221;no&#8221; linktarget=&#8221;_self&#8221; hide_on_mobile=&#8221;small-visibility,medium-visibility,large-visibility&#8221; animation_direction=&#8221;left&#8221; animation_speed=&#8221;0.3&#8243; image_id=&#8221;21694|full&#8221;]https:\/\/new.airsmile.ee\/wp-content\/uploads\/2024\/01\/ventilatsiooni-puhastus-airsmile-5.jpg[\/fusion_imageframe][\/fusion_builder_column][\/fusion_builder_row][\/fusion_builder_container]<\/p>\n","protected":false},"excerpt":{"rendered":"<p>[fusion_builder_container hundred_percent=&#8221;no&#8221; equal_height_columns=&#8221;no&#8221; hide_on_mobile=&#8221;small-visibility,medium-visibility,large-visibility&#8221; background_position=&#8221;center center&#8221; background_repeat=&#8221;no-repeat&#8221; fade=&#8221;no&#8221; background_parallax=&#8221;none&#8221; parallax_speed=&#8221;0.3&#8243; video_aspect_ratio=&#8221;16:9&#8243; video_loop=&#8221;yes&#8221; video_mute=&#8221;yes&#8221; border_style=&#8221;solid&#8221; type=&#8221;legacy&#8221;][fusion_builder_row][fusion_builder_column type=&#8221;1_1&#8243; type=&#8221;1_1&#8243; layout=&#8221;1_1&#8243; background_position=&#8221;left top&#8221; border_style=&#8221;solid&#8221; border_position=&#8221;all&#8221; spacing=&#8221;yes&#8221; background_repeat=&#8221;no-repeat&#8221; margin_top=&#8221;0px&#8221; margin_bottom=&#8221;0px&#8221; animation_speed=&#8221;0.3&#8243; animation_direction=&#8221;left&#8221; hide_on_mobile=&#8221;small-visibility,medium-visibility,large-visibility&#8221; center_content=&#8221;no&#8221; last=&#8221;true&#8221; hover_type=&#8221;none&#8221; first=&#8221;true&#8221; min_height=&#8221;&#8221; link=&#8221;&#8221;][fusion_text rule_style=&#8221;default&#8221; hide_on_mobile=&#8221;small-visibility,medium-visibility,large-visibility&#8221;] Levinud eelarvamus ventilatsioonis\u00fcsteemide puhastamisest kui keerulisest, tolmusest, aega n\u00f5udvast ja kulukast ettev\u00f5tmisest on v\u00e4\u00e4r. Tegelikkuses on ventilatsioonis\u00fcsteemide puhastamine&#8230;<\/p>\n","protected":false},"author":2,"featured_media":0,"parent":20404,"menu_order":0,"comment_status":"closed","ping_status":"closed","template":"","meta":{"om_disable_all_campaigns":false,"_monsterinsights_skip_tracking":false,"_monsterinsights_sitenote_active":false,"_monsterinsights_sitenote_note":"","_monsterinsights_sitenote_category":0,"_uf_show_specific_survey":0,"_uf_disable_surveys":false,"_kad_post_transparent":"","_kad_post_title":"","_kad_post_layout":"","_kad_post_sidebar_id":"","_kad_post_content_style":"","_kad_post_vertical_padding":"","_kad_post_feature":"","_kad_post_feature_position":"","_kad_post_header":false,"_kad_post_footer":false,"_kad_post_classname":"","footnotes":""},"class_list":["post-20416","page","type-page","status-publish","hentry"],"yoast_head":"<!-- This site is optimized with the Yoast SEO Premium plugin v26.2 (Yoast SEO v27.4) - https:\/\/yoast.com\/product\/yoast-seo-premium-wordpress\/ -->\n<title>AirSmile O\u00dc - 11 aastat ventilatsiooni puhastuse kogemust!<\/title>\n<meta name=\"description\" content=\"AirSmile O\u00dc - Pakume kvaliteetset ventilatsioonis\u00fcsteemide hooldus- ja puhastusteenust juba 11 aastat! Usaldage Ventilatsiooni Puhastus professionaalide hoolde\" \/>\n<meta name=\"robots\" content=\"index, follow, max-snippet:-1, max-image-preview:large, max-video-preview:-1\" \/>\n<link rel=\"canonical\" href=\"https:\/\/new.airsmile.ee\/en\/teenused\/ventilatsioonisusteemide-puhastus\/\" \/>\n<meta property=\"og:locale\" content=\"en_US\" \/>\n<meta property=\"og:type\" content=\"article\" \/>\n<meta property=\"og:title\" content=\"Ventilatsioonis\u00fcsteemide puhastus\" \/>\n<meta property=\"og:description\" content=\"Levinud eelarvamus ventilatsioonis\u00fcsteemide puhastamisest kui keerulisest, tolmusest, aega n\u00f5udvast ja kulukast ettev\u00f5tmisest on v\u00e4\u00e4r. Tegelikkuses on\" \/>\n<meta property=\"og:url\" content=\"https:\/\/new.airsmile.ee\/en\/teenused\/ventilatsioonisusteemide-puhastus\/\" \/>\n<meta property=\"og:site_name\" content=\"Ventilatsiooni puhastus - AirSmile - 14 aastat kogemust!\" \/>\n<meta property=\"article:publisher\" content=\"https:\/\/www.facebook.com\/airsmileou\/\" \/>\n<meta property=\"article:modified_time\" content=\"2024-01-18T08:45:17+00:00\" \/>\n<meta property=\"og:image\" content=\"https:\/\/new.airsmile.ee\/wp-content\/uploads\/2024\/01\/airsmile-logo.png\" \/>\n\t<meta property=\"og:image:width\" content=\"226\" \/>\n\t<meta property=\"og:image:height\" content=\"80\" \/>\n\t<meta property=\"og:image:type\" content=\"image\/png\" \/>\n<meta name=\"twitter:card\" content=\"summary_large_image\" \/>\n<meta name=\"twitter:label1\" content=\"Est. reading time\" \/>\n\t<meta name=\"twitter:data1\" content=\"5 minutes\" \/>\n<script type=\"application\/ld+json\" class=\"yoast-schema-graph\">{\"@context\":\"https:\\\/\\\/schema.org\",\"@graph\":[{\"@type\":\"WebPage\",\"@id\":\"https:\\\/\\\/new.airsmile.ee\\\/teenused\\\/ventilatsioonisusteemide-puhastus\\\/\",\"url\":\"https:\\\/\\\/new.airsmile.ee\\\/teenused\\\/ventilatsioonisusteemide-puhastus\\\/\",\"name\":\"AirSmile O\u00dc - 11 aastat ventilatsiooni puhastuse kogemust!\",\"isPartOf\":{\"@id\":\"https:\\\/\\\/new.airsmile.ee\\\/#website\"},\"datePublished\":\"2019-07-17T11:15:48+00:00\",\"dateModified\":\"2024-01-18T08:45:17+00:00\",\"description\":\"AirSmile O\u00dc - Pakume kvaliteetset ventilatsioonis\u00fcsteemide hooldus- ja puhastusteenust juba 11 aastat! Usaldage Ventilatsiooni Puhastus professionaalide hoolde\",\"breadcrumb\":{\"@id\":\"https:\\\/\\\/new.airsmile.ee\\\/teenused\\\/ventilatsioonisusteemide-puhastus\\\/#breadcrumb\"},\"inLanguage\":\"en-US\",\"potentialAction\":[{\"@type\":\"ReadAction\",\"target\":[\"https:\\\/\\\/new.airsmile.ee\\\/teenused\\\/ventilatsioonisusteemide-puhastus\\\/\"]}]},{\"@type\":\"BreadcrumbList\",\"@id\":\"https:\\\/\\\/new.airsmile.ee\\\/teenused\\\/ventilatsioonisusteemide-puhastus\\\/#breadcrumb\",\"itemListElement\":[{\"@type\":\"ListItem\",\"position\":1,\"name\":\"Home\",\"item\":\"https:\\\/\\\/new.airsmile.ee\\\/\"},{\"@type\":\"ListItem\",\"position\":2,\"name\":\"Teenused\",\"item\":\"https:\\\/\\\/new.airsmile.ee\\\/teenused\\\/\"},{\"@type\":\"ListItem\",\"position\":3,\"name\":\"Ventilatsioonis\u00fcsteemide puhastus\"}]},{\"@type\":\"WebSite\",\"@id\":\"https:\\\/\\\/new.airsmile.ee\\\/#website\",\"url\":\"https:\\\/\\\/new.airsmile.ee\\\/\",\"name\":\"Ventilatsiooni puhastus - AirSmile O\u00dc - 14 aastat kogemust!\",\"description\":\"Ventilatsiooni puhastus eramutes ja \u00e4rihoonetes \u00fcle Eesti!\",\"publisher\":{\"@id\":\"https:\\\/\\\/new.airsmile.ee\\\/#organization\"},\"potentialAction\":[{\"@type\":\"SearchAction\",\"target\":{\"@type\":\"EntryPoint\",\"urlTemplate\":\"https:\\\/\\\/new.airsmile.ee\\\/?s={search_term_string}\"},\"query-input\":{\"@type\":\"PropertyValueSpecification\",\"valueRequired\":true,\"valueName\":\"search_term_string\"}}],\"inLanguage\":\"en-US\"},{\"@type\":\"Organization\",\"@id\":\"https:\\\/\\\/new.airsmile.ee\\\/#organization\",\"name\":\"Airsmile O\u00dc\",\"url\":\"https:\\\/\\\/new.airsmile.ee\\\/\",\"logo\":{\"@type\":\"ImageObject\",\"inLanguage\":\"en-US\",\"@id\":\"https:\\\/\\\/new.airsmile.ee\\\/#\\\/schema\\\/logo\\\/image\\\/\",\"url\":\"https:\\\/\\\/airsmile.ee\\\/wp-content\\\/uploads\\\/2019\\\/07\\\/logo-airsmile-pdf-arvetele.png\",\"contentUrl\":\"https:\\\/\\\/airsmile.ee\\\/wp-content\\\/uploads\\\/2019\\\/07\\\/logo-airsmile-pdf-arvetele.png\",\"width\":159,\"height\":85,\"caption\":\"Airsmile O\u00dc\"},\"image\":{\"@id\":\"https:\\\/\\\/new.airsmile.ee\\\/#\\\/schema\\\/logo\\\/image\\\/\"},\"sameAs\":[\"https:\\\/\\\/www.facebook.com\\\/airsmileou\\\/\",\"https:\\\/\\\/www.youtube.com\\\/channel\\\/UC5EPyEX0O2lvQ2ijNtjwyfg\"]}]}<\/script>\n<!-- \/ Yoast SEO Premium plugin. -->","yoast_head_json":{"title":"AirSmile O\u00dc - 11 aastat ventilatsiooni puhastuse kogemust!","description":"AirSmile O\u00dc - Pakume kvaliteetset ventilatsioonis\u00fcsteemide hooldus- ja puhastusteenust juba 11 aastat! Usaldage Ventilatsiooni Puhastus professionaalide hoolde","robots":{"index":"index","follow":"follow","max-snippet":"max-snippet:-1","max-image-preview":"max-image-preview:large","max-video-preview":"max-video-preview:-1"},"canonical":"https:\/\/new.airsmile.ee\/en\/teenused\/ventilatsioonisusteemide-puhastus\/","og_locale":"en_US","og_type":"article","og_title":"Ventilatsioonis\u00fcsteemide puhastus","og_description":"Levinud eelarvamus ventilatsioonis\u00fcsteemide puhastamisest kui keerulisest, tolmusest, aega n\u00f5udvast ja kulukast ettev\u00f5tmisest on v\u00e4\u00e4r. Tegelikkuses on","og_url":"https:\/\/new.airsmile.ee\/en\/teenused\/ventilatsioonisusteemide-puhastus\/","og_site_name":"Ventilatsiooni puhastus - AirSmile - 14 aastat kogemust!","article_publisher":"https:\/\/www.facebook.com\/airsmileou\/","article_modified_time":"2024-01-18T08:45:17+00:00","og_image":[{"width":226,"height":80,"url":"https:\/\/new.airsmile.ee\/wp-content\/uploads\/2024\/01\/airsmile-logo.png","type":"image\/png"}],"twitter_card":"summary_large_image","twitter_misc":{"Est. reading time":"5 minutes"},"schema":{"@context":"https:\/\/schema.org","@graph":[{"@type":"WebPage","@id":"https:\/\/new.airsmile.ee\/teenused\/ventilatsioonisusteemide-puhastus\/","url":"https:\/\/new.airsmile.ee\/teenused\/ventilatsioonisusteemide-puhastus\/","name":"AirSmile O\u00dc - 11 aastat ventilatsiooni puhastuse kogemust!","isPartOf":{"@id":"https:\/\/new.airsmile.ee\/#website"},"datePublished":"2019-07-17T11:15:48+00:00","dateModified":"2024-01-18T08:45:17+00:00","description":"AirSmile O\u00dc - Pakume kvaliteetset ventilatsioonis\u00fcsteemide hooldus- ja puhastusteenust juba 11 aastat! Usaldage Ventilatsiooni Puhastus professionaalide hoolde","breadcrumb":{"@id":"https:\/\/new.airsmile.ee\/teenused\/ventilatsioonisusteemide-puhastus\/#breadcrumb"},"inLanguage":"en-US","potentialAction":[{"@type":"ReadAction","target":["https:\/\/new.airsmile.ee\/teenused\/ventilatsioonisusteemide-puhastus\/"]}]},{"@type":"BreadcrumbList","@id":"https:\/\/new.airsmile.ee\/teenused\/ventilatsioonisusteemide-puhastus\/#breadcrumb","itemListElement":[{"@type":"ListItem","position":1,"name":"Home","item":"https:\/\/new.airsmile.ee\/"},{"@type":"ListItem","position":2,"name":"Teenused","item":"https:\/\/new.airsmile.ee\/teenused\/"},{"@type":"ListItem","position":3,"name":"Ventilatsioonis\u00fcsteemide puhastus"}]},{"@type":"WebSite","@id":"https:\/\/new.airsmile.ee\/#website","url":"https:\/\/new.airsmile.ee\/","name":"Ventilatsiooni puhastus - AirSmile O\u00dc - 14 aastat kogemust!","description":"Ventilatsiooni puhastus eramutes ja \u00e4rihoonetes \u00fcle Eesti!","publisher":{"@id":"https:\/\/new.airsmile.ee\/#organization"},"potentialAction":[{"@type":"SearchAction","target":{"@type":"EntryPoint","urlTemplate":"https:\/\/new.airsmile.ee\/?s={search_term_string}"},"query-input":{"@type":"PropertyValueSpecification","valueRequired":true,"valueName":"search_term_string"}}],"inLanguage":"en-US"},{"@type":"Organization","@id":"https:\/\/new.airsmile.ee\/#organization","name":"Airsmile O\u00dc","url":"https:\/\/new.airsmile.ee\/","logo":{"@type":"ImageObject","inLanguage":"en-US","@id":"https:\/\/new.airsmile.ee\/#\/schema\/logo\/image\/","url":"https:\/\/airsmile.ee\/wp-content\/uploads\/2019\/07\/logo-airsmile-pdf-arvetele.png","contentUrl":"https:\/\/airsmile.ee\/wp-content\/uploads\/2019\/07\/logo-airsmile-pdf-arvetele.png","width":159,"height":85,"caption":"Airsmile O\u00dc"},"image":{"@id":"https:\/\/new.airsmile.ee\/#\/schema\/logo\/image\/"},"sameAs":["https:\/\/www.facebook.com\/airsmileou\/","https:\/\/www.youtube.com\/channel\/UC5EPyEX0O2lvQ2ijNtjwyfg"]}]}},"_links":{"self":[{"href":"https:\/\/new.airsmile.ee\/en\/wp-json\/wp\/v2\/pages\/20416","targetHints":{"allow":["GET"]}}],"collection":[{"href":"https:\/\/new.airsmile.ee\/en\/wp-json\/wp\/v2\/pages"}],"about":[{"href":"https:\/\/new.airsmile.ee\/en\/wp-json\/wp\/v2\/types\/page"}],"author":[{"embeddable":true,"href":"https:\/\/new.airsmile.ee\/en\/wp-json\/wp\/v2\/users\/2"}],"replies":[{"embeddable":true,"href":"https:\/\/new.airsmile.ee\/en\/wp-json\/wp\/v2\/comments?post=20416"}],"version-history":[{"count":23,"href":"https:\/\/new.airsmile.ee\/en\/wp-json\/wp\/v2\/pages\/20416\/revisions"}],"predecessor-version":[{"id":21705,"href":"https:\/\/new.airsmile.ee\/en\/wp-json\/wp\/v2\/pages\/20416\/revisions\/21705"}],"up":[{"embeddable":true,"href":"https:\/\/new.airsmile.ee\/en\/wp-json\/wp\/v2\/pages\/20404"}],"wp:attachment":[{"href":"https:\/\/new.airsmile.ee\/en\/wp-json\/wp\/v2\/media?parent=20416"}],"curies":[{"name":"wp","href":"https:\/\/api.w.org\/{rel}","templated":true}]}}