{"id":20035,"date":"2018-11-30T12:23:29","date_gmt":"2018-11-30T10:23:29","guid":{"rendered":"http:\/\/effoff.veebispetsid.com\/?page_id=20035"},"modified":"2025-01-20T14:00:56","modified_gmt":"2025-01-20T12:00:56","slug":"meist","status":"publish","type":"page","link":"https:\/\/new.airsmile.ee\/en\/meist\/","title":{"rendered":"About us"},"content":{"rendered":"<p>[fusion_builder_container hundred_percent=&#8221;no&#8221; equal_height_columns=&#8221;no&#8221; hide_on_mobile=&#8221;small-visibility,medium-visibility,large-visibility&#8221; background_position=&#8221;center center&#8221; background_repeat=&#8221;no-repeat&#8221; fade=&#8221;no&#8221; background_parallax=&#8221;none&#8221; parallax_speed=&#8221;0.3&#8243; video_aspect_ratio=&#8221;16:9&#8243; video_loop=&#8221;yes&#8221; video_mute=&#8221;yes&#8221; border_style=&#8221;solid&#8221; type=&#8221;legacy&#8221;][fusion_builder_row][fusion_builder_column type=&#8221;1_2&#8243; layout=&#8221;1_1&#8243; background_position=&#8221;left top&#8221; border_style=&#8221;solid&#8221; border_position=&#8221;all&#8221; spacing=&#8221;yes&#8221; background_repeat=&#8221;no-repeat&#8221; margin_top=&#8221;0px&#8221; margin_bottom=&#8221;0px&#8221; animation_speed=&#8221;0.3&#8243; animation_direction=&#8221;left&#8221; hide_on_mobile=&#8221;small-visibility,medium-visibility,large-visibility&#8221; center_content=&#8221;no&#8221; last=&#8221;false&#8221; hover_type=&#8221;none&#8221; first=&#8221;true&#8221; spacing_right=&#8221;2%&#8221; min_height=&#8221;&#8221; link=&#8221;&#8221; background_blend_mode=&#8221;overlay&#8221;][fusion_text columns=&#8221;&#8221; column_min_width=&#8221;&#8221; column_spacing=&#8221;&#8221; rule_style=&#8221;&#8221; rule_size=&#8221;&#8221; rule_color=&#8221;&#8221; hue=&#8221;&#8221; saturation=&#8221;&#8221; lightness=&#8221;&#8221; alpha=&#8221;&#8221; content_alignment_medium=&#8221;&#8221; content_alignment_small=&#8221;&#8221; content_alignment=&#8221;&#8221; hide_on_mobile=&#8221;small-visibility,medium-visibility,large-visibility&#8221; sticky_display=&#8221;normal,sticky&#8221; class=&#8221;&#8221; id=&#8221;&#8221; margin_top=&#8221;&#8221; margin_right=&#8221;&#8221; margin_bottom=&#8221;&#8221; margin_left=&#8221;&#8221; fusion_font_family_text_font=&#8221;&#8221; fusion_font_variant_text_font=&#8221;&#8221; font_size=&#8221;&#8221; line_height=&#8221;&#8221; letter_spacing=&#8221;&#8221; text_transform=&#8221;&#8221; text_color=&#8221;&#8221; animation_type=&#8221;&#8221; animation_direction=&#8221;left&#8221; animation_color=&#8221;&#8221; animation_speed=&#8221;0.3&#8243; animation_delay=&#8221;0&#8243; animation_offset=&#8221;&#8221;]<\/p>\n<h5>O\u00dc AirSmile on Eesti erakapitalil p\u00f5hinev firma, kelle p\u00f5hilisteks tegevusaladeks on:<\/h5>\n<ul>\n<li>Ventilatsioonis\u00fcsteemide puhastamine<\/li>\n<li>Toitlustusasutuste rasvakanalite puhastamine<\/li>\n<li>Filtrite m\u00fc\u00fck ja vahetus<\/li>\n<li>Ventilatsioonis\u00fcsteemi puhasseadmete ning tarvikute m\u00fc\u00fck<\/li>\n<\/ul>\n<p>K\u00e4sik\u00e4es koost\u00f6\u00f6partneritega anname oma parima, et leida igale kliendi k\u00fcsimusele ja probleemile just tema n\u00f5udeid ja vajadusi arvestades k\u00f5ige optimaalsem lahendus.<\/p>\n<h5>O\u00dc AirSmile p\u00f5hiv\u00e4\u00e4rtusteks on:<\/h5>\n<ul>\n<li>Professionaalne, sertifitseeritud meeskond<\/li>\n<li>Kaasaegsed t\u00f6\u00f6vahendid<\/li>\n<li>Paindlikkus<\/li>\n<li>Kliendis\u00f5bralikkus<\/li>\n<li>Professionaalsed seadmed<\/li>\n<\/ul>\n<p>[\/fusion_text][\/fusion_builder_column][fusion_builder_column type=&#8221;1_2&#8243; layout=&#8221;1_2&#8243; center_content=&#8221;no&#8221; target=&#8221;_self&#8221; hide_on_mobile=&#8221;small-visibility,medium-visibility,large-visibility&#8221; background_position=&#8221;left top&#8221; background_repeat=&#8221;no-repeat&#8221; hover_type=&#8221;none&#8221; border_style=&#8221;solid&#8221; border_position=&#8221;all&#8221; box_shadow=&#8221;no&#8221; box_shadow_blur=&#8221;0&#8243; box_shadow_spread=&#8221;0&#8243; animation_direction=&#8221;left&#8221; animation_speed=&#8221;0.3&#8243; last=&#8221;true&#8221; border_sizes_top=&#8221;0&#8243; border_sizes_bottom=&#8221;0&#8243; border_sizes_left=&#8221;0&#8243; border_sizes_right=&#8221;0&#8243; first=&#8221;false&#8221; spacing_left=&#8221;2%&#8221; min_height=&#8221;&#8221; link=&#8221;&#8221; background_blend_mode=&#8221;overlay&#8221;][fusion_imageframe image_id=&#8221;21567|fusion-600&#8243; hover_type=&#8221;zoomin&#8221; align=&#8221;none&#8221; lightbox=&#8221;no&#8221; linktarget=&#8221;_self&#8221; hide_on_mobile=&#8221;small-visibility,medium-visibility,large-visibility&#8221; animation_direction=&#8221;left&#8221; animation_speed=&#8221;0.3&#8243;]https:\/\/new.airsmile.ee\/wp-content\/uploads\/2023\/03\/Ventilatsiooni-puhastus-4-bussi-600&#215;450.jpg[\/fusion_imageframe][\/fusion_builder_column][\/fusion_builder_row][\/fusion_builder_container][fusion_builder_container hundred_percent=&#8221;no&#8221; hundred_percent_height=&#8221;no&#8221; hundred_percent_height_scroll=&#8221;no&#8221; hundred_percent_height_center_content=&#8221;yes&#8221; equal_height_columns=&#8221;no&#8221; hide_on_mobile=&#8221;small-visibility,medium-visibility,large-visibility&#8221; status=&#8221;published&#8221; background_position=&#8221;center center&#8221; background_repeat=&#8221;no-repeat&#8221; fade=&#8221;no&#8221; background_parallax=&#8221;none&#8221; enable_mobile=&#8221;no&#8221; parallax_speed=&#8221;0.3&#8243; video_aspect_ratio=&#8221;16:9&#8243; video_loop=&#8221;yes&#8221; video_mute=&#8221;yes&#8221; border_style=&#8221;solid&#8221; type=&#8221;legacy&#8221;][fusion_builder_row][fusion_builder_column type=&#8221;1_1&#8243; layout=&#8221;1_1&#8243; center_content=&#8221;no&#8221; target=&#8221;_self&#8221; hide_on_mobile=&#8221;small-visibility,medium-visibility,large-visibility&#8221; background_position=&#8221;left top&#8221; background_repeat=&#8221;no-repeat&#8221; hover_type=&#8221;none&#8221; border_style=&#8221;solid&#8221; border_position=&#8221;all&#8221; box_shadow=&#8221;no&#8221; box_shadow_blur=&#8221;0&#8243; box_shadow_spread=&#8221;0&#8243; animation_direction=&#8221;left&#8221; animation_speed=&#8221;0.3&#8243; last=&#8221;true&#8221; border_sizes_top=&#8221;0&#8243; border_sizes_bottom=&#8221;0&#8243; border_sizes_left=&#8221;0&#8243; border_sizes_right=&#8221;0&#8243; first=&#8221;true&#8221; min_height=&#8221;&#8221; link=&#8221;&#8221; background_blend_mode=&#8221;overlay&#8221;][fusion_alert type=&#8221;custom&#8221; accent_color=&#8221;#000000&#8243; background_color=&#8221;#ffffff&#8221; text_transform=&#8221;capitalize&#8221; dismissable=&#8221;no&#8221; box_shadow=&#8221;no&#8221; hide_on_mobile=&#8221;small-visibility,medium-visibility,large-visibility&#8221; animation_direction=&#8221;left&#8221; animation_speed=&#8221;0.3&#8243;]<\/p>\n<h2>AirSmile O\u00dc artikkel portaalis <a href=\"https:\/\/arileht.delfi.ee\/news\/uudised\/roovib-raha-rikub-tervist-ja-on-tuleohtlik-puhastamata-ventilatsioonisusteemil-on-need-kolm-olulist-miinust?id=88048717\">DELFI<\/a><\/h2>\n<p>[\/fusion_alert][fusion_imageframe image_id=&#8221;21573|full&#8221; aspect_ratio=&#8221;&#8221; custom_aspect_ratio=&#8221;100&#8243; aspect_ratio_position=&#8221;&#8221; skip_lazy_load=&#8221;&#8221; lightbox=&#8221;no&#8221; gallery_id=&#8221;&#8221; lightbox_image=&#8221;&#8221; lightbox_image_id=&#8221;&#8221; alt=&#8221;&#8221; link=&#8221;&#8221; linktarget=&#8221;_self&#8221; hide_on_mobile=&#8221;small-visibility,medium-visibility,large-visibility&#8221; sticky_display=&#8221;normal,sticky&#8221; class=&#8221;&#8221; id=&#8221;&#8221; max_width=&#8221;&#8221; sticky_max_width=&#8221;&#8221; align_medium=&#8221;none&#8221; align_small=&#8221;none&#8221; align=&#8221;none&#8221; mask=&#8221;&#8221; custom_mask=&#8221;&#8221; mask_size=&#8221;&#8221; mask_custom_size=&#8221;&#8221; mask_position=&#8221;&#8221; mask_custom_position=&#8221;&#8221; mask_repeat=&#8221;&#8221; style_type=&#8221;&#8221; blur=&#8221;&#8221; stylecolor=&#8221;&#8221; hue=&#8221;&#8221; saturation=&#8221;&#8221; lightness=&#8221;&#8221; alpha=&#8221;&#8221; hover_type=&#8221;none&#8221; margin_top_medium=&#8221;&#8221; margin_right_medium=&#8221;&#8221; margin_bottom_medium=&#8221;&#8221; margin_left_medium=&#8221;&#8221; margin_top_small=&#8221;&#8221; margin_right_small=&#8221;&#8221; margin_bottom_small=&#8221;&#8221; margin_left_small=&#8221;&#8221; margin_top=&#8221;&#8221; margin_right=&#8221;&#8221; margin_bottom=&#8221;&#8221; margin_left=&#8221;&#8221; bordersize=&#8221;&#8221; bordercolor=&#8221;&#8221; borderradius=&#8221;&#8221; z_index=&#8221;&#8221; caption_style=&#8221;off&#8221; caption_align_medium=&#8221;none&#8221; caption_align_small=&#8221;none&#8221; caption_align=&#8221;none&#8221; caption_title=&#8221;&#8221; caption_text=&#8221;&#8221; caption_title_tag=&#8221;2&#8243; fusion_font_family_caption_title_font=&#8221;&#8221; fusion_font_variant_caption_title_font=&#8221;&#8221; caption_title_size=&#8221;&#8221; caption_title_line_height=&#8221;&#8221; caption_title_letter_spacing=&#8221;&#8221; caption_title_transform=&#8221;&#8221; caption_title_color=&#8221;&#8221; caption_background_color=&#8221;&#8221; fusion_font_family_caption_text_font=&#8221;&#8221; fusion_font_variant_caption_text_font=&#8221;&#8221; caption_text_size=&#8221;&#8221; caption_text_line_height=&#8221;&#8221; caption_text_letter_spacing=&#8221;&#8221; caption_text_transform=&#8221;&#8221; caption_text_color=&#8221;&#8221; caption_border_color=&#8221;&#8221; caption_overlay_color=&#8221;&#8221; caption_margin_top=&#8221;&#8221; caption_margin_right=&#8221;&#8221; caption_margin_bottom=&#8221;&#8221; caption_margin_left=&#8221;&#8221; animation_type=&#8221;&#8221; animation_direction=&#8221;left&#8221; animation_color=&#8221;&#8221; animation_speed=&#8221;0.3&#8243; animation_delay=&#8221;0&#8243; animation_offset=&#8221;&#8221; filter_hue=&#8221;0&#8243; filter_saturation=&#8221;100&#8243; filter_brightness=&#8221;100&#8243; filter_contrast=&#8221;100&#8243; filter_invert=&#8221;0&#8243; filter_sepia=&#8221;0&#8243; filter_opacity=&#8221;100&#8243; filter_blur=&#8221;0&#8243; filter_hue_hover=&#8221;0&#8243; filter_saturation_hover=&#8221;100&#8243; filter_brightness_hover=&#8221;100&#8243; filter_contrast_hover=&#8221;100&#8243; filter_invert_hover=&#8221;0&#8243; filter_sepia_hover=&#8221;0&#8243; filter_opacity_hover=&#8221;100&#8243; filter_blur_hover=&#8221;0&#8243;]https:\/\/new.airsmile.ee\/wp-content\/uploads\/2023\/03\/delfi.png[\/fusion_imageframe][\/fusion_builder_column][\/fusion_builder_row][\/fusion_builder_container][fusion_builder_container hundred_percent=&#8221;no&#8221; hundred_percent_height=&#8221;no&#8221; hundred_percent_height_scroll=&#8221;no&#8221; hundred_percent_height_center_content=&#8221;yes&#8221; equal_height_columns=&#8221;no&#8221; hide_on_mobile=&#8221;small-visibility,medium-visibility,large-visibility&#8221; status=&#8221;published&#8221; background_position=&#8221;center center&#8221; background_repeat=&#8221;no-repeat&#8221; fade=&#8221;no&#8221; background_parallax=&#8221;none&#8221; enable_mobile=&#8221;no&#8221; parallax_speed=&#8221;0.3&#8243; video_aspect_ratio=&#8221;16:9&#8243; video_loop=&#8221;yes&#8221; video_mute=&#8221;yes&#8221; border_style=&#8221;solid&#8221; type=&#8221;legacy&#8221;][fusion_builder_row][fusion_builder_column type=&#8221;1_1&#8243; layout=&#8221;1_1&#8243; center_content=&#8221;no&#8221; target=&#8221;_self&#8221; hide_on_mobile=&#8221;small-visibility,medium-visibility,large-visibility&#8221; background_position=&#8221;left top&#8221; background_repeat=&#8221;no-repeat&#8221; hover_type=&#8221;none&#8221; border_style=&#8221;solid&#8221; border_position=&#8221;all&#8221; box_shadow=&#8221;no&#8221; box_shadow_blur=&#8221;0&#8243; box_shadow_spread=&#8221;0&#8243; animation_direction=&#8221;left&#8221; animation_speed=&#8221;0.3&#8243; last=&#8221;true&#8221; border_sizes_top=&#8221;0&#8243; border_sizes_bottom=&#8221;0&#8243; border_sizes_left=&#8221;0&#8243; border_sizes_right=&#8221;0&#8243; first=&#8221;true&#8221; min_height=&#8221;&#8221; link=&#8221;&#8221; background_blend_mode=&#8221;overlay&#8221;][fusion_alert type=&#8221;custom&#8221; accent_color=&#8221;#00aeef&#8221; background_color=&#8221;#ffffff&#8221; text_transform=&#8221;normal&#8221; dismissable=&#8221;no&#8221; box_shadow=&#8221;no&#8221; hide_on_mobile=&#8221;small-visibility,medium-visibility,large-visibility&#8221; animation_direction=&#8221;left&#8221; animation_speed=&#8221;0.3&#8243;]<\/p>\n<p>\u00c4ra lase oma ventilatsioonis\u00fcsteemides elada bakteritel, viirustel ja hallitusseentel. Tolmune, pime ja niiske keskkond nendes torudes on neile ja v\u00e4ga paljudele teistele ohtlikkele allergeenidele v\u00e4ga hea kasvupinnas.<\/p>\n<p>[\/fusion_alert][fusion_text rule_style=&#8221;default&#8221; hide_on_mobile=&#8221;small-visibility,medium-visibility,large-visibility&#8221;]<\/p>\n<p>AirSmile`i meeskond soovitab Teil perioodiliselt teostada ventilatsiooni puhastust.<\/p>\n<p>Parimate tulemuste saavutamiseks tuleks usaldada ventilatsiooni seadmete hooldamisel oma ala spetsialiste, kellel on vastav v\u00e4lja\u00f5pe ja kogemused. Ainult nii on garanteeritud, et l\u00e4htutakse ventilatsiooninormidest ja headest tavadest, mis tagavad tulevikus ventilatsioonis\u00fcsteemi minimaalsed ekspluatatsioonikulud, t\u00f6\u00f6kindluse ja ohutuse.<\/p>\n<p>Meeldivale koost\u00f6\u00f6le lootes,<\/p>\n<p>Teie AirSmile<\/p>\n<p>[\/fusion_text][fusion_button link=&#8221;https:\/\/new.airsmile.ee\/kontakt\/&#8221; target=&#8221;_self&#8221; hide_on_mobile=&#8221;small-visibility,medium-visibility,large-visibility&#8221; color=&#8221;default&#8221; stretch=&#8221;default&#8221; icon=&#8221;fa-comments-dollar fas&#8221; icon_position=&#8221;left&#8221; icon_divider=&#8221;no&#8221; animation_direction=&#8221;left&#8221; animation_speed=&#8221;0.3&#8243;]K\u00fcsi pakkumist[\/fusion_button][fusion_button link=&#8221;tel:+37256158888&#8243; target=&#8221;_self&#8221; hide_on_mobile=&#8221;small-visibility,medium-visibility,large-visibility&#8221; color=&#8221;default&#8221; stretch=&#8221;default&#8221; icon=&#8221;fa-phone fas&#8221; icon_position=&#8221;left&#8221; icon_divider=&#8221;no&#8221; animation_direction=&#8221;left&#8221; animation_speed=&#8221;0.3&#8243;]Helista kohe[\/fusion_button][\/fusion_builder_column][\/fusion_builder_row][\/fusion_builder_container]<\/p>\n","protected":false},"excerpt":{"rendered":"<p>[fusion_builder_container hundred_percent=&#8221;no&#8221; equal_height_columns=&#8221;no&#8221; hide_on_mobile=&#8221;small-visibility,medium-visibility,large-visibility&#8221; background_position=&#8221;center center&#8221; background_repeat=&#8221;no-repeat&#8221; fade=&#8221;no&#8221; background_parallax=&#8221;none&#8221; parallax_speed=&#8221;0.3&#8243; video_aspect_ratio=&#8221;16:9&#8243; video_loop=&#8221;yes&#8221; video_mute=&#8221;yes&#8221; border_style=&#8221;solid&#8221; type=&#8221;legacy&#8221;][fusion_builder_row][fusion_builder_column type=&#8221;1_2&#8243; layout=&#8221;1_1&#8243; background_position=&#8221;left top&#8221; border_style=&#8221;solid&#8221; border_position=&#8221;all&#8221; spacing=&#8221;yes&#8221; background_repeat=&#8221;no-repeat&#8221; margin_top=&#8221;0px&#8221; margin_bottom=&#8221;0px&#8221; animation_speed=&#8221;0.3&#8243; animation_direction=&#8221;left&#8221; hide_on_mobile=&#8221;small-visibility,medium-visibility,large-visibility&#8221; center_content=&#8221;no&#8221; last=&#8221;false&#8221; hover_type=&#8221;none&#8221; first=&#8221;true&#8221; spacing_right=&#8221;2%&#8221; min_height=&#8221;&#8221; link=&#8221;&#8221; background_blend_mode=&#8221;overlay&#8221;][fusion_text columns=&#8221;&#8221; column_min_width=&#8221;&#8221; column_spacing=&#8221;&#8221; rule_style=&#8221;&#8221; rule_size=&#8221;&#8221; rule_color=&#8221;&#8221; hue=&#8221;&#8221; saturation=&#8221;&#8221; lightness=&#8221;&#8221; alpha=&#8221;&#8221; content_alignment_medium=&#8221;&#8221; content_alignment_small=&#8221;&#8221; content_alignment=&#8221;&#8221; hide_on_mobile=&#8221;small-visibility,medium-visibility,large-visibility&#8221; sticky_display=&#8221;normal,sticky&#8221; class=&#8221;&#8221; id=&#8221;&#8221; margin_top=&#8221;&#8221; margin_right=&#8221;&#8221;&#8230;<\/p>\n","protected":false},"author":2,"featured_media":0,"parent":0,"menu_order":0,"comment_status":"closed","ping_status":"closed","template":"","meta":{"om_disable_all_campaigns":false,"_monsterinsights_skip_tracking":false,"_monsterinsights_sitenote_active":false,"_monsterinsights_sitenote_note":"","_monsterinsights_sitenote_category":0,"_uf_show_specific_survey":0,"_uf_disable_surveys":false,"_kad_post_transparent":"","_kad_post_title":"","_kad_post_layout":"","_kad_post_sidebar_id":"","_kad_post_content_style":"","_kad_post_vertical_padding":"","_kad_post_feature":"","_kad_post_feature_position":"","_kad_post_header":false,"_kad_post_footer":false,"_kad_post_classname":"","footnotes":""},"class_list":["post-20035","page","type-page","status-publish","hentry"],"yoast_head":"<!-- This site is optimized with the Yoast SEO Premium plugin v26.2 (Yoast SEO v27.4) - https:\/\/yoast.com\/product\/yoast-seo-premium-wordpress\/ -->\n<title>AirSmile O\u00dc - 14 aastat ventilatsiooni puhastuse kogemust!<\/title>\n<meta name=\"description\" content=\"AirSmile O\u00dc - Pakume kvaliteetset ventilatsioonis\u00fcsteemide hooldus- ja puhastusteenust juba 14 aastat! Usaldage Ventilatsiooni Puhastus professionaalide hoolde\" \/>\n<meta name=\"robots\" content=\"index, follow, max-snippet:-1, max-image-preview:large, max-video-preview:-1\" \/>\n<link rel=\"canonical\" href=\"https:\/\/new.airsmile.ee\/en\/meist\/\" \/>\n<meta property=\"og:locale\" content=\"en_US\" \/>\n<meta property=\"og:type\" content=\"article\" \/>\n<meta property=\"og:title\" content=\"Meist\" \/>\n<meta property=\"og:description\" content=\"O\u00dc AirSmile on Eesti erakapitalil p\u00f5hinev firma, kelle p\u00f5hilisteks tegevusaladeks on: Ventilatsioonis\u00fcsteemide puhastamine Toitlustusasutuste\" \/>\n<meta property=\"og:url\" content=\"https:\/\/new.airsmile.ee\/en\/meist\/\" \/>\n<meta property=\"og:site_name\" content=\"Ventilatsiooni puhastus - AirSmile - 14 aastat kogemust!\" \/>\n<meta property=\"article:publisher\" content=\"https:\/\/www.facebook.com\/airsmileou\/\" \/>\n<meta property=\"article:modified_time\" content=\"2025-01-20T12:00:56+00:00\" \/>\n<meta property=\"og:image\" content=\"https:\/\/new.airsmile.ee\/wp-content\/uploads\/2024\/01\/airsmile-logo.png\" \/>\n\t<meta property=\"og:image:width\" content=\"226\" \/>\n\t<meta property=\"og:image:height\" content=\"80\" \/>\n\t<meta property=\"og:image:type\" content=\"image\/png\" \/>\n<meta name=\"twitter:card\" content=\"summary_large_image\" \/>\n<meta name=\"twitter:label1\" content=\"Est. reading time\" \/>\n\t<meta name=\"twitter:data1\" content=\"2 minutes\" \/>\n<script type=\"application\/ld+json\" class=\"yoast-schema-graph\">{\"@context\":\"https:\\\/\\\/schema.org\",\"@graph\":[{\"@type\":\"WebPage\",\"@id\":\"https:\\\/\\\/new.airsmile.ee\\\/meist\\\/\",\"url\":\"https:\\\/\\\/new.airsmile.ee\\\/meist\\\/\",\"name\":\"AirSmile O\u00dc - 14 aastat ventilatsiooni puhastuse kogemust!\",\"isPartOf\":{\"@id\":\"https:\\\/\\\/new.airsmile.ee\\\/#website\"},\"datePublished\":\"2018-11-30T10:23:29+00:00\",\"dateModified\":\"2025-01-20T12:00:56+00:00\",\"description\":\"AirSmile O\u00dc - Pakume kvaliteetset ventilatsioonis\u00fcsteemide hooldus- ja puhastusteenust juba 14 aastat! Usaldage Ventilatsiooni Puhastus professionaalide hoolde\",\"breadcrumb\":{\"@id\":\"https:\\\/\\\/new.airsmile.ee\\\/meist\\\/#breadcrumb\"},\"inLanguage\":\"en-US\",\"potentialAction\":[{\"@type\":\"ReadAction\",\"target\":[\"https:\\\/\\\/new.airsmile.ee\\\/meist\\\/\"]}]},{\"@type\":\"BreadcrumbList\",\"@id\":\"https:\\\/\\\/new.airsmile.ee\\\/meist\\\/#breadcrumb\",\"itemListElement\":[{\"@type\":\"ListItem\",\"position\":1,\"name\":\"Home\",\"item\":\"https:\\\/\\\/new.airsmile.ee\\\/\"},{\"@type\":\"ListItem\",\"position\":2,\"name\":\"Meist\"}]},{\"@type\":\"WebSite\",\"@id\":\"https:\\\/\\\/new.airsmile.ee\\\/#website\",\"url\":\"https:\\\/\\\/new.airsmile.ee\\\/\",\"name\":\"Ventilatsiooni puhastus - AirSmile O\u00dc - 14 aastat kogemust!\",\"description\":\"Ventilatsiooni puhastus eramutes ja \u00e4rihoonetes \u00fcle Eesti!\",\"publisher\":{\"@id\":\"https:\\\/\\\/new.airsmile.ee\\\/#organization\"},\"potentialAction\":[{\"@type\":\"SearchAction\",\"target\":{\"@type\":\"EntryPoint\",\"urlTemplate\":\"https:\\\/\\\/new.airsmile.ee\\\/?s={search_term_string}\"},\"query-input\":{\"@type\":\"PropertyValueSpecification\",\"valueRequired\":true,\"valueName\":\"search_term_string\"}}],\"inLanguage\":\"en-US\"},{\"@type\":\"Organization\",\"@id\":\"https:\\\/\\\/new.airsmile.ee\\\/#organization\",\"name\":\"Airsmile O\u00dc\",\"url\":\"https:\\\/\\\/new.airsmile.ee\\\/\",\"logo\":{\"@type\":\"ImageObject\",\"inLanguage\":\"en-US\",\"@id\":\"https:\\\/\\\/new.airsmile.ee\\\/#\\\/schema\\\/logo\\\/image\\\/\",\"url\":\"https:\\\/\\\/airsmile.ee\\\/wp-content\\\/uploads\\\/2019\\\/07\\\/logo-airsmile-pdf-arvetele.png\",\"contentUrl\":\"https:\\\/\\\/airsmile.ee\\\/wp-content\\\/uploads\\\/2019\\\/07\\\/logo-airsmile-pdf-arvetele.png\",\"width\":159,\"height\":85,\"caption\":\"Airsmile O\u00dc\"},\"image\":{\"@id\":\"https:\\\/\\\/new.airsmile.ee\\\/#\\\/schema\\\/logo\\\/image\\\/\"},\"sameAs\":[\"https:\\\/\\\/www.facebook.com\\\/airsmileou\\\/\",\"https:\\\/\\\/www.youtube.com\\\/channel\\\/UC5EPyEX0O2lvQ2ijNtjwyfg\"]}]}<\/script>\n<!-- \/ Yoast SEO Premium plugin. -->","yoast_head_json":{"title":"AirSmile O\u00dc - 14 aastat ventilatsiooni puhastuse kogemust!","description":"AirSmile O\u00dc - Pakume kvaliteetset ventilatsioonis\u00fcsteemide hooldus- ja puhastusteenust juba 14 aastat! Usaldage Ventilatsiooni Puhastus professionaalide hoolde","robots":{"index":"index","follow":"follow","max-snippet":"max-snippet:-1","max-image-preview":"max-image-preview:large","max-video-preview":"max-video-preview:-1"},"canonical":"https:\/\/new.airsmile.ee\/en\/meist\/","og_locale":"en_US","og_type":"article","og_title":"Meist","og_description":"O\u00dc AirSmile on Eesti erakapitalil p\u00f5hinev firma, kelle p\u00f5hilisteks tegevusaladeks on: Ventilatsioonis\u00fcsteemide puhastamine Toitlustusasutuste","og_url":"https:\/\/new.airsmile.ee\/en\/meist\/","og_site_name":"Ventilatsiooni puhastus - AirSmile - 14 aastat kogemust!","article_publisher":"https:\/\/www.facebook.com\/airsmileou\/","article_modified_time":"2025-01-20T12:00:56+00:00","og_image":[{"width":226,"height":80,"url":"https:\/\/new.airsmile.ee\/wp-content\/uploads\/2024\/01\/airsmile-logo.png","type":"image\/png"}],"twitter_card":"summary_large_image","twitter_misc":{"Est. reading time":"2 minutes"},"schema":{"@context":"https:\/\/schema.org","@graph":[{"@type":"WebPage","@id":"https:\/\/new.airsmile.ee\/meist\/","url":"https:\/\/new.airsmile.ee\/meist\/","name":"AirSmile O\u00dc - 14 aastat ventilatsiooni puhastuse kogemust!","isPartOf":{"@id":"https:\/\/new.airsmile.ee\/#website"},"datePublished":"2018-11-30T10:23:29+00:00","dateModified":"2025-01-20T12:00:56+00:00","description":"AirSmile O\u00dc - Pakume kvaliteetset ventilatsioonis\u00fcsteemide hooldus- ja puhastusteenust juba 14 aastat! Usaldage Ventilatsiooni Puhastus professionaalide hoolde","breadcrumb":{"@id":"https:\/\/new.airsmile.ee\/meist\/#breadcrumb"},"inLanguage":"en-US","potentialAction":[{"@type":"ReadAction","target":["https:\/\/new.airsmile.ee\/meist\/"]}]},{"@type":"BreadcrumbList","@id":"https:\/\/new.airsmile.ee\/meist\/#breadcrumb","itemListElement":[{"@type":"ListItem","position":1,"name":"Home","item":"https:\/\/new.airsmile.ee\/"},{"@type":"ListItem","position":2,"name":"Meist"}]},{"@type":"WebSite","@id":"https:\/\/new.airsmile.ee\/#website","url":"https:\/\/new.airsmile.ee\/","name":"Ventilatsiooni puhastus - AirSmile O\u00dc - 14 aastat kogemust!","description":"Ventilatsiooni puhastus eramutes ja \u00e4rihoonetes \u00fcle Eesti!","publisher":{"@id":"https:\/\/new.airsmile.ee\/#organization"},"potentialAction":[{"@type":"SearchAction","target":{"@type":"EntryPoint","urlTemplate":"https:\/\/new.airsmile.ee\/?s={search_term_string}"},"query-input":{"@type":"PropertyValueSpecification","valueRequired":true,"valueName":"search_term_string"}}],"inLanguage":"en-US"},{"@type":"Organization","@id":"https:\/\/new.airsmile.ee\/#organization","name":"Airsmile O\u00dc","url":"https:\/\/new.airsmile.ee\/","logo":{"@type":"ImageObject","inLanguage":"en-US","@id":"https:\/\/new.airsmile.ee\/#\/schema\/logo\/image\/","url":"https:\/\/airsmile.ee\/wp-content\/uploads\/2019\/07\/logo-airsmile-pdf-arvetele.png","contentUrl":"https:\/\/airsmile.ee\/wp-content\/uploads\/2019\/07\/logo-airsmile-pdf-arvetele.png","width":159,"height":85,"caption":"Airsmile O\u00dc"},"image":{"@id":"https:\/\/new.airsmile.ee\/#\/schema\/logo\/image\/"},"sameAs":["https:\/\/www.facebook.com\/airsmileou\/","https:\/\/www.youtube.com\/channel\/UC5EPyEX0O2lvQ2ijNtjwyfg"]}]}},"_links":{"self":[{"href":"https:\/\/new.airsmile.ee\/en\/wp-json\/wp\/v2\/pages\/20035","targetHints":{"allow":["GET"]}}],"collection":[{"href":"https:\/\/new.airsmile.ee\/en\/wp-json\/wp\/v2\/pages"}],"about":[{"href":"https:\/\/new.airsmile.ee\/en\/wp-json\/wp\/v2\/types\/page"}],"author":[{"embeddable":true,"href":"https:\/\/new.airsmile.ee\/en\/wp-json\/wp\/v2\/users\/2"}],"replies":[{"embeddable":true,"href":"https:\/\/new.airsmile.ee\/en\/wp-json\/wp\/v2\/comments?post=20035"}],"version-history":[{"count":21,"href":"https:\/\/new.airsmile.ee\/en\/wp-json\/wp\/v2\/pages\/20035\/revisions"}],"predecessor-version":[{"id":21594,"href":"https:\/\/new.airsmile.ee\/en\/wp-json\/wp\/v2\/pages\/20035\/revisions\/21594"}],"wp:attachment":[{"href":"https:\/\/new.airsmile.ee\/en\/wp-json\/wp\/v2\/media?parent=20035"}],"curies":[{"name":"wp","href":"https:\/\/api.w.org\/{rel}","templated":true}]}}